{"id":137,"date":"2018-04-06T09:44:13","date_gmt":"2018-04-06T07:44:13","guid":{"rendered":"http:\/\/omnium.whads.com\/?page_id=137"},"modified":"2018-11-30T13:15:03","modified_gmt":"2018-11-30T12:15:03","slug":"avis-legal","status":"publish","type":"page","link":"https:\/\/www.omnium.cat\/ca\/avis-legal\/","title":{"rendered":"Av\u00eds legal"},"content":{"rendered":"<p>El titular del lloc web allotjat a la URL www.omnium.cat (el &#8220;<strong>web<\/strong>&#8220;) \u00e9s \u00d2mnium Cultural (&#8220;<strong>\u00d2mnium<\/strong>&#8220;), les dades d&#8217;identificaci\u00f3 de la qual s\u00f3n les seg\u00fcents:<\/p>\n<p style=\"padding-left: 30px;\">C. Diputaci\u00f3, 276, principal. 08009 Barcelona<br \/>\nG-08310070<br \/>\nTel\u00e8fon: +34 93 319 80 50<br \/>\nDades registrals: inscrita al Registre de la Direcci\u00f3 General de Dret i d&#8217;Entitats Jur\u00eddiques de la Generalitat de Catalunya amb el n\u00famero de registre 988<\/p>\n<p>&nbsp;<\/p>\n<p><strong>Acc\u00e9s al Web<\/strong><\/p>\n<p>L&#8217;Av\u00eds Legal regula l&#8217;acc\u00e9s al web i la seva utilitzaci\u00f3 per part dels seus usuaris.<\/p>\n<p>L&#8217;acc\u00e9s al web i la seva utilitzaci\u00f3 comporta l&#8217;acceptaci\u00f3 de l&#8217;Av\u00eds Legal, aix\u00ed com de la resta de pol\u00edtiques que, si s&#8217;escau, es puguin preveure al web.<\/p>\n<p>Per tant, preguem a l&#8217;usuari que <strong>llegeixi atentament l&#8217;Av\u00eds Legal quan es proposi utilitzar el web<\/strong>, ja que pot modificar-se en qualsevol moment. Si no accepta l&#8217;Av\u00eds Legal, li preguem que s&#8217;abstingui d&#8217;utilitzar el web.<\/p>\n<p>&nbsp;<\/p>\n<p><strong>Utilitzaci\u00f3 i funcionament del web<\/strong><\/p>\n<p>L&#8217;usuari es compromet a fer un \u00fas diligent del web, aix\u00ed com de la informaci\u00f3 que s&#8217;hi inclou, amb total subjecci\u00f3 a la normativa aplicable, a l&#8217;Av\u00eds Legal i, si s&#8217;escau, a la resta de termes i condicions que s&#8217;incloguin al web.<\/p>\n<p>Igualment, l&#8217;usuari es compromet a no realitzar cap acte amb objecte de danyar, inutilitzar o sobrecarregar el web, o que impedeixi, de qualsevol forma, la normal utilitzaci\u00f3 i funcionament del mateix.<\/p>\n<p>S&#8217;informa a l&#8217;usuari que, en el sup\u00f2sit que incompleixi l&#8217;Av\u00eds Legal o, si s&#8217;escau, la resta de pol\u00edtiques del web, \u00d2mnium es reserva el dret de limitar, suspendre i terminar el seu acc\u00e9s al web, adoptant qualsevol mesura t\u00e8cnica que sigui necess\u00e0ria.<\/p>\n<p>\u00d2mnium fa els seus millors esfor\u00e7os per mantenir el web en bon funcionament, evitant errors o, en el seu cas, reparant-los i mantenint els continguts del web degudament actualitzats. No obstant aix\u00f2, \u00d2mnium no garanteix la disponibilitat i continu\u00eftat en l&#8217;acc\u00e9s al web ni la inexist\u00e8ncia d&#8217;errors en els seus continguts, aix\u00ed com tampoc que aquests darrers siguin oportunament actualitzats.<\/p>\n<p>&nbsp;<\/p>\n<p><strong>Donacions<\/strong><\/p>\n<p>En el cas que l&#8217;usuari desitgi fer una donaci\u00f3 a \u00d2mnium a trav\u00e9s del web, haur\u00e0 de facilitar les dades personals previstes en el formulari habilitat a la secci\u00f3\u00a0<a href=\"https:\/\/donatius.omnium.cat\/donacions\/\">https:\/\/donatius.omnium.cat\/donacions\/<\/a><\/p>\n<p>El registre implica que l&#8217;usuari declara tenir capacitat legal necess\u00e0ria per fer la donaci\u00f3.<\/p>\n<p>L&#8217;import de les donacions podr\u00e0 ser qualsevol que indiqui l&#8217;usuari a partir d&#8217;un euro (1\u20ac) i es podr\u00e0 fer mitjan\u00e7ant targeta de cr\u00e8dit\/d\u00e8bit o transfer\u00e8ncia banc\u00e0ria.<\/p>\n<p>En el sup\u00f2sit que \u00d2mnium detecti que hi ha hagut algun error en el proc\u00e9s de la donaci\u00f3, ho notificar\u00e0 immediatament a l&#8217;usuari perqu\u00e8 pugui esmenar-lo el m\u00e9s aviat possible.<\/p>\n<p>Un cop realitzada la donaci\u00f3, l&#8217;usuari rebr\u00e0 la confirmaci\u00f3 que ha estat realitzada, per b\u00e9 que el c\u00e0rrec s&#8217;efectuar\u00e0 una vegada hagi estat acceptat per l&#8217;entitat financera de l&#8217;usuari.<\/p>\n<p>&nbsp;<\/p>\n<p><strong>Botiga on-line<\/strong><\/p>\n<p>Si un usuari desitja comprar els productes oferts per \u00d2mnium a trav\u00e9s del web, haur\u00e0 de registrar-se a l&#8217;apartat <em>Nou Client<\/em>; processos de compra posteriors, si l&#8217;usuari ja s&#8217;ha registrat, nom\u00e9s ser\u00e0 necessari que faciliti la direcci\u00f3 de correu electr\u00f2nic i la contrasenya a l&#8217;apartat <em>Ja esteu registrats?<\/em>.<\/p>\n<p>Per les comandes fetes des de les Illes Balears, Andorra, Catalunya Nord i l&#8217;Alguer, s&#8217;ha de trucar al tel\u00e8fon (+34) 93 319 80 50 o enviar un correu electr\u00f2nic a botiga@omnium.cat.<\/p>\n<p>La resta de termes i condicions aplicables a la compra dels productes poden consultar-se a les <a href=\"https:\/\/botiga.omnium.cat\/index.php?id_cms=10&amp;controller=cms\" target=\"_blank\" rel=\"noopener\">Condicions Generals de Contractaci\u00f3<\/a>.<\/p>\n<p>&nbsp;<\/p>\n<p><strong>Responsabilitat<\/strong><\/p>\n<p>Tant l&#8217;acc\u00e9s al web com l&#8217;\u00fas que pugui fer-se de qualsevol informaci\u00f3 que contingui es realitzen sota la responsabilitat exclusiva de l&#8217;usuari.<\/p>\n<p>En el sup\u00f2sit que es facin donacions, l&#8217;usuari tamb\u00e9 ser\u00e0 responsable de con\u00e8ixer les caracter\u00edstiques, costos i \u00fas del m\u00e8tode de pagament, aix\u00ed com de tenir suficient saldo per poder fer la donaci\u00f3.<\/p>\n<p>\u00d2mnium no es responsabilitza de cap dany o perjudici que es pugui derivar, directament o indirecta, de l&#8217;acc\u00e9s o \u00fas de la informaci\u00f3 continguda al web, incloent els produ\u00efts en els sistemes inform\u00e0tics o els provocats per la introducci\u00f3 de virus o atacs inform\u00e0tics. Tampoc ser\u00e0 responsable dels danys que puguin patir els usuaris per un \u00fas inadequat del web ni de les caigudes, interrupcions, abs\u00e8ncia o defecte en les comunicacions i\/o Internet.<\/p>\n<p>Addicionalment, \u00d2mnium no es fa responsable de cap dany o perjudici en el software o hardware de l&#8217;usuari que es derivi de l&#8217;acc\u00e9s o \u00fas del web.<\/p>\n<p>L&#8217;usuari respondr\u00e0 dels danys i perjudicis que \u00d2mnium pugui patir com a conseq\u00fc\u00e8ncia de l&#8217;incompliment de qualsevol de les obligacions a qu\u00e8 quedi sotm\u00e8s en virtut de l&#8217;Av\u00eds Legal, de la legislaci\u00f3 aplicable i\/o de la resta de pol\u00edtiques.<\/p>\n<p>&nbsp;<\/p>\n<p><strong>Pol\u00edtica en mat\u00e8ria d&#8217;enlla\u00e7os (links)<\/strong><\/p>\n<p style=\"padding-left: 30px;\"><strong>a) Enlla\u00e7os amb el web<\/strong><\/p>\n<p>Qui tingui intenci\u00f3 d&#8217;incloure en un lloc web (&#8220;<strong>web Enlla\u00e7ant<\/strong>&#8220;) un enlla\u00e7 que dirigeixi al web d&#8217;\u00d2mnium, haur\u00e0 de sol\u00b7licitar-ho a \u00d2mnium i complir amb la legislaci\u00f3 vigent; en cap cas, podr\u00e0 allotjar continguts, propis o de tercers, que: (i) siguin il\u00b7l\u00edcits, nocius, violents, racistes, denigrants, etc.; i\/o (ii) resultin inapropiats o no pertinents en relaci\u00f3 amb \u00d2mnium.<\/p>\n<p>L&#8217;enlla\u00e7 no implica que \u00d2mnium avali, promocioni, garanteixi, supervisi o recomani el contingut o els serveis del web Enlla\u00e7ant, ni que sigui responsable del seu contingut. En el sup\u00f2sit d&#8217;incompliment de qualsevol dels termes referits anteriorment, \u00d2mnium procedir\u00e0, de forma immediata, a la revocaci\u00f3 del consentiment atorgat al web Enlla\u00e7ant, que haur\u00e0 de suprimir l&#8217;enlla\u00e7.<\/p>\n<p style=\"padding-left: 30px;\"><strong>b) Enlla\u00e7os amb altres webs<\/strong><\/p>\n<p>En el web es poden incloure diferents enlla\u00e7os que permetin a l&#8217;usuari accedir a altres webs (&#8220;webs enlla\u00e7ats&#8221;).<\/p>\n<p>En cap cas, l&#8217;exist\u00e8ncia de webs enlla\u00e7ats comporta recomanaci\u00f3, promoci\u00f3, identificaci\u00f3 o conformitat d&#8217;\u00d2mnium amb les manifestacions, continguts o serveis proporcionats per mitj\u00e0 dels webs enlla\u00e7ats. En conseq\u00fc\u00e8ncia, \u00d2mnium no es fa responsable del contingut, ni dels termes i condicions dels webs enlla\u00e7ats; l&#8217;usuari \u00e9s l&#8217;\u00fanic responsable de comprovar-los i acceptar-los cada vegada que accedeixi i els utilitzi.<\/p>\n<p>&nbsp;<\/p>\n<p><strong>Propietat Industrial i Intel\u00b7lectual<\/strong><\/p>\n<p>Tots els drets de propietat intel\u00b7lectual sobre els dissenys, bases de dades, programes d&#8217;ordinador subjacents (inclosos els codis font), els diferents elements que integren el web (textos, gr\u00e0fics, fotografies, v\u00eddeos, gravacions sonores, combinacions de colors, etc.) [els &#8220;<strong>Continguts<\/strong>&#8220;], aix\u00ed com la seva estructura, selecci\u00f3 i ordre, s\u00f3n titularitat d&#8217;\u00d2mnium o dels seus llicenciants. Els signes distintius inclosos al web (marques i noms comercials) s\u00f3n titularitat d&#8217;\u00d2mnium o dels seus llicenciants.<\/p>\n<p>L&#8217;\u00fas del web per part de l&#8217;usuari no suposa la cessi\u00f3 de cap dret de propietat intel\u00b7lectual i\/o industrial sobre el web i els continguts.<\/p>\n<p>En aquest sentit, queda expressament prohibit a l&#8217;usuari la reproducci\u00f3, transformaci\u00f3, distribuci\u00f3, comunicaci\u00f3 p\u00fablica, posada a disposici\u00f3, extracci\u00f3 o qualsevol altra forma de difusi\u00f3 no autoritzades expressament del web, els seus continguts o els signes distintius d&#8217;\u00d2mnium.<\/p>\n<p>La utilitzaci\u00f3 no autoritzada dels continguts, aix\u00ed com els perjudicis ocasionats en els drets de propietat intel\u00b7lectual i industrial d&#8217;\u00d2mnium, podran donar lloc a l&#8217;exercici de les accions que legalment li corresponguin, i a les responsabilitats que, en el seu cas, se&#8217;n derivin.<\/p>\n<p>&nbsp;<\/p>\n<p><strong>Protecci\u00f3 de dades<\/strong><\/p>\n<p>Els aspectes relatius al tractament de les dades personals dels usuaris del web es regulen a la <a href=\"\/ca\/politica-privacitat\/\">Pol\u00edtica de Privacitat<\/a> del web.<\/p>\n<p>&nbsp;<\/p>\n<p><strong>Nul\u00b7litat<\/strong><\/p>\n<p>Si qualsevol de les cl\u00e0usules de l&#8217;Av\u00eds Legal \u00e9s declarada, totalment o parcialment, nul\u00b7la o inefica\u00e7, tal nul\u00b7litat o inefic\u00e0cia afectar\u00e0 nom\u00e9s a aquesta disposici\u00f3 o a la part de la mateixa que resulti nul\u00b7la o inefica\u00e7. A aquests efectes, l&#8217;Av\u00eds Legal nom\u00e9s deixar\u00e0 de tenir validesa exclusivament respecte de la disposici\u00f3 nul\u00b7la o inefica\u00e7, i cap altra part o disposici\u00f3 quedar\u00e0 anul\u00b7lada, invalidada, perjudicada o afectada per aquesta nul\u00b7litat o inefic\u00e0cia, llevat que per resultar essencial hagu\u00e9s d&#8217;afectar l&#8217;Av\u00eds Legal de forma integral.<\/p>\n<p>&nbsp;<\/p>\n<p><strong>Jurisdicci\u00f3<\/strong><\/p>\n<p>En el sup\u00f2sit que sorgeixi qualsevol conflicte o discrep\u00e0ncia en la interpretaci\u00f3 o aplicaci\u00f3 de l&#8217;Av\u00eds Legal, els Jutjats i Tribunals que, si s&#8217;escau, coneixeran l&#8217;assumpte seran els que prevegi la normativa legal aplicable.<\/p>\n","protected":false},"excerpt":{"rendered":"<p>El titular del lloc web allotjat a la URL www.omnium.cat (el &#8220;web&#8220;) \u00e9s \u00d2mnium Cultural (&#8220;\u00d2mnium&#8220;), les dades d&#8217;identificaci\u00f3 de la qual s\u00f3n les seg\u00fcents: C. Diputaci\u00f3, 276, principal. 08009 [&hellip;]<\/p>\n","protected":false},"author":1,"featured_media":0,"parent":0,"menu_order":107,"comment_status":"closed","ping_status":"closed","template":"","meta":{"_acf_changed":false,"footnotes":""},"class_list":["post-137","page","type-page","status-publish","hentry"],"acf":[],"yoast_head":"<!-- This site is optimized with the Yoast SEO plugin v27.2 - https:\/\/yoast.com\/product\/yoast-seo-wordpress\/ -->\n<title>Av\u00eds legal - \u00d2mnium Cultural<\/title>\n<meta name=\"robots\" content=\"index, follow, max-snippet:-1, max-image-preview:large, max-video-preview:-1\" \/>\n<link rel=\"canonical\" href=\"https:\/\/www.omnium.cat\/ca\/avis-legal\/\" \/>\n<meta name=\"twitter:label1\" content=\"Temps estimat de lectura\" \/>\n\t<meta name=\"twitter:data1\" content=\"7 minuts\" \/>\n<script type=\"application\/ld+json\" class=\"yoast-schema-graph\">{\"@context\":\"https:\/\/schema.org\",\"@graph\":[{\"@type\":\"WebPage\",\"@id\":\"https:\/\/www.omnium.cat\/ca\/avis-legal\/\",\"url\":\"https:\/\/www.omnium.cat\/ca\/avis-legal\/\",\"name\":\"Av\u00eds legal - \u00d2mnium Cultural\",\"isPartOf\":{\"@id\":\"https:\/\/www.omnium.cat\/ca\/#website\"},\"datePublished\":\"2018-04-06T07:44:13+00:00\",\"dateModified\":\"2018-11-30T12:15:03+00:00\",\"breadcrumb\":{\"@id\":\"https:\/\/www.omnium.cat\/ca\/avis-legal\/#breadcrumb\"},\"inLanguage\":\"ca\",\"potentialAction\":[{\"@type\":\"ReadAction\",\"target\":[\"https:\/\/www.omnium.cat\/ca\/avis-legal\/\"]}]},{\"@type\":\"BreadcrumbList\",\"@id\":\"https:\/\/www.omnium.cat\/ca\/avis-legal\/#breadcrumb\",\"itemListElement\":[{\"@type\":\"ListItem\",\"position\":1,\"name\":\"Inici\",\"item\":\"https:\/\/www.omnium.cat\/ca\/\"},{\"@type\":\"ListItem\",\"position\":2,\"name\":\"Av\u00eds legal\"}]},{\"@type\":\"WebSite\",\"@id\":\"https:\/\/www.omnium.cat\/ca\/#website\",\"url\":\"https:\/\/www.omnium.cat\/ca\/\",\"name\":\"\u00d2mnium Cultural\",\"description\":\"Llengua Cultura Pa\u00eds\",\"publisher\":{\"@id\":\"https:\/\/www.omnium.cat\/ca\/#organization\"},\"potentialAction\":[{\"@type\":\"SearchAction\",\"target\":{\"@type\":\"EntryPoint\",\"urlTemplate\":\"https:\/\/www.omnium.cat\/ca\/?s={search_term_string}\"},\"query-input\":{\"@type\":\"PropertyValueSpecification\",\"valueRequired\":true,\"valueName\":\"search_term_string\"}}],\"inLanguage\":\"ca\"},{\"@type\":\"Organization\",\"@id\":\"https:\/\/www.omnium.cat\/ca\/#organization\",\"name\":\"\u00d2mnium Cultural\",\"url\":\"https:\/\/www.omnium.cat\/ca\/\",\"logo\":{\"@type\":\"ImageObject\",\"inLanguage\":\"ca\",\"@id\":\"https:\/\/www.omnium.cat\/ca\/#\/schema\/logo\/image\/\",\"url\":\"https:\/\/cdn.omnium.cat\/wp-content\/uploads\/2019\/06\/01112517\/cropped-omnium_logo-1.png\",\"contentUrl\":\"https:\/\/cdn.omnium.cat\/wp-content\/uploads\/2019\/06\/01112517\/cropped-omnium_logo-1.png\",\"width\":1213,\"height\":262,\"caption\":\"\u00d2mnium Cultural\"},\"image\":{\"@id\":\"https:\/\/www.omnium.cat\/ca\/#\/schema\/logo\/image\/\"},\"sameAs\":[\"https:\/\/www.facebook.com\/omniumcultural\",\"https:\/\/x.com\/omnium\",\"https:\/\/www.instagram.com\/omniumcultural\/\",\"https:\/\/www.youtube.com\/user\/omniumcultural\"]}]}<\/script>\n<!-- \/ Yoast SEO plugin. -->","yoast_head_json":{"title":"Av\u00eds legal - \u00d2mnium Cultural","robots":{"index":"index","follow":"follow","max-snippet":"max-snippet:-1","max-image-preview":"max-image-preview:large","max-video-preview":"max-video-preview:-1"},"canonical":"https:\/\/www.omnium.cat\/ca\/avis-legal\/","twitter_misc":{"Temps estimat de lectura":"7 minuts"},"schema":{"@context":"https:\/\/schema.org","@graph":[{"@type":"WebPage","@id":"https:\/\/www.omnium.cat\/ca\/avis-legal\/","url":"https:\/\/www.omnium.cat\/ca\/avis-legal\/","name":"Av\u00eds legal - \u00d2mnium Cultural","isPartOf":{"@id":"https:\/\/www.omnium.cat\/ca\/#website"},"datePublished":"2018-04-06T07:44:13+00:00","dateModified":"2018-11-30T12:15:03+00:00","breadcrumb":{"@id":"https:\/\/www.omnium.cat\/ca\/avis-legal\/#breadcrumb"},"inLanguage":"ca","potentialAction":[{"@type":"ReadAction","target":["https:\/\/www.omnium.cat\/ca\/avis-legal\/"]}]},{"@type":"BreadcrumbList","@id":"https:\/\/www.omnium.cat\/ca\/avis-legal\/#breadcrumb","itemListElement":[{"@type":"ListItem","position":1,"name":"Inici","item":"https:\/\/www.omnium.cat\/ca\/"},{"@type":"ListItem","position":2,"name":"Av\u00eds legal"}]},{"@type":"WebSite","@id":"https:\/\/www.omnium.cat\/ca\/#website","url":"https:\/\/www.omnium.cat\/ca\/","name":"\u00d2mnium Cultural","description":"Llengua Cultura Pa\u00eds","publisher":{"@id":"https:\/\/www.omnium.cat\/ca\/#organization"},"potentialAction":[{"@type":"SearchAction","target":{"@type":"EntryPoint","urlTemplate":"https:\/\/www.omnium.cat\/ca\/?s={search_term_string}"},"query-input":{"@type":"PropertyValueSpecification","valueRequired":true,"valueName":"search_term_string"}}],"inLanguage":"ca"},{"@type":"Organization","@id":"https:\/\/www.omnium.cat\/ca\/#organization","name":"\u00d2mnium Cultural","url":"https:\/\/www.omnium.cat\/ca\/","logo":{"@type":"ImageObject","inLanguage":"ca","@id":"https:\/\/www.omnium.cat\/ca\/#\/schema\/logo\/image\/","url":"https:\/\/cdn.omnium.cat\/wp-content\/uploads\/2019\/06\/01112517\/cropped-omnium_logo-1.png","contentUrl":"https:\/\/cdn.omnium.cat\/wp-content\/uploads\/2019\/06\/01112517\/cropped-omnium_logo-1.png","width":1213,"height":262,"caption":"\u00d2mnium Cultural"},"image":{"@id":"https:\/\/www.omnium.cat\/ca\/#\/schema\/logo\/image\/"},"sameAs":["https:\/\/www.facebook.com\/omniumcultural","https:\/\/x.com\/omnium","https:\/\/www.instagram.com\/omniumcultural\/","https:\/\/www.youtube.com\/user\/omniumcultural"]}]}},"_links":{"self":[{"href":"https:\/\/www.omnium.cat\/ca\/wp-json\/wp\/v2\/pages\/137","targetHints":{"allow":["GET"]}}],"collection":[{"href":"https:\/\/www.omnium.cat\/ca\/wp-json\/wp\/v2\/pages"}],"about":[{"href":"https:\/\/www.omnium.cat\/ca\/wp-json\/wp\/v2\/types\/page"}],"author":[{"embeddable":true,"href":"https:\/\/www.omnium.cat\/ca\/wp-json\/wp\/v2\/users\/1"}],"replies":[{"embeddable":true,"href":"https:\/\/www.omnium.cat\/ca\/wp-json\/wp\/v2\/comments?post=137"}],"version-history":[{"count":13,"href":"https:\/\/www.omnium.cat\/ca\/wp-json\/wp\/v2\/pages\/137\/revisions"}],"predecessor-version":[{"id":172502,"href":"https:\/\/www.omnium.cat\/ca\/wp-json\/wp\/v2\/pages\/137\/revisions\/172502"}],"wp:attachment":[{"href":"https:\/\/www.omnium.cat\/ca\/wp-json\/wp\/v2\/media?parent=137"}],"curies":[{"name":"wp","href":"https:\/\/api.w.org\/{rel}","templated":true}]}}