{"id":17034,"date":"2018-05-22T16:19:29","date_gmt":"2018-05-22T14:19:29","guid":{"rendered":"http:\/\/omnium.whads.com\/?page_id=17034"},"modified":"2023-07-11T18:18:37","modified_gmt":"2023-07-11T16:18:37","slug":"llista-seus","status":"publish","type":"page","link":"https:\/\/www.omnium.cat\/ca\/seus-territorials\/llista-seus\/","title":{"rendered":"Llista seus"},"content":{"rendered":"\t\t<div data-elementor-type=\"wp-post\" data-elementor-id=\"17034\" class=\"elementor elementor-17034\" data-elementor-post-type=\"page\">\n\t\t\t\t\t\t<section class=\"elementor-section elementor-top-section elementor-element elementor-element-917fe8c elementor-section-boxed elementor-section-height-default elementor-section-height-default fullpage-js-section-no fullpage-js-position-centered background-video-grayscale-no\" data-id=\"917fe8c\" data-element_type=\"section\" data-e-type=\"section\">\n\t\t\t\t\t\t<div class=\"elementor-container elementor-column-gap-default\">\n\t\t\t\t\t<div class=\"elementor-column elementor-col-100 elementor-top-column elementor-element elementor-element-baeac0f\" data-id=\"baeac0f\" data-element_type=\"column\" data-e-type=\"column\">\n\t\t\t<div class=\"elementor-widget-wrap elementor-element-populated\">\n\t\t\t\t\t\t<div class=\"elementor-element elementor-element-5e6808f elementor-widget elementor-widget-omnium-headquarters-listing\" data-id=\"5e6808f\" data-element_type=\"widget\" data-e-type=\"widget\" data-widget_type=\"omnium-headquarters-listing.default\">\n\t\t\t\t<div class=\"elementor-widget-container\">\n\t\t\t\t\t<div class=\"headquarters_wrapper\"><div class=\"headquarters_content\"><div class=\"headquarters_list_type_wrapper headquarters_text_list_wrapper\"><div class=\"headquarters_text_list territorial_text_list\"><h2 class=\"headquarters_text_list_heading\">Seus territorials<\/h2><div class=\"headquarters_text_list_column\"><p class=\"text_list_item\"><a class=\"text_list_link\" href=\"https:\/\/www.omnium.cat\/ca\/seus\/alt-camp\/\">Alt Camp<\/a><\/p><p class=\"text_list_item\"><a class=\"text_list_link\" href=\"https:\/\/www.omnium.cat\/ca\/seus\/alt-emporda\/\">Alt Empord\u00e0<\/a><\/p><p class=\"text_list_item\"><a class=\"text_list_link\" href=\"https:\/\/www.omnium.cat\/ca\/seus\/alt-maresme\/\">Alt Maresme<\/a><\/p><p class=\"text_list_item\"><a class=\"text_list_link\" href=\"https:\/\/www.omnium.cat\/ca\/seus\/alt-penedes\/\">Alt Pened\u00e8s<\/a><\/p><p class=\"text_list_item\"><a class=\"text_list_link\" href=\"https:\/\/www.omnium.cat\/ca\/seus\/alt-urgell\/\">Alt Urgell<\/a><\/p><p class=\"text_list_item\"><a class=\"text_list_link\" href=\"https:\/\/www.omnium.cat\/ca\/seus\/anoia\/\">Anoia<\/a><\/p><p class=\"text_list_item\"><a class=\"text_list_link\" href=\"https:\/\/www.omnium.cat\/ca\/seus\/badalona\/\">Badalona-Barcelon\u00e8s nord<\/a><\/p><p class=\"text_list_item\"><a class=\"text_list_link\" href=\"https:\/\/www.omnium.cat\/ca\/seus\/bages-moianes\/\">Bages &#8211; Moian\u00e8s<\/a><\/p><p class=\"text_list_item\"><a class=\"text_list_link\" href=\"https:\/\/www.omnium.cat\/ca\/seus\/baix-camp\/\">Baix Camp<\/a><\/p><p class=\"text_list_item\"><a class=\"text_list_link\" href=\"https:\/\/www.omnium.cat\/ca\/seus\/baix-emporda\/\">Baix Empord\u00e0<\/a><\/p><p class=\"text_list_item\"><a class=\"text_list_link\" href=\"https:\/\/www.omnium.cat\/ca\/seus\/baix-llobregat-centre\/\">Baix Llobregat Centre<\/a><\/p><p class=\"text_list_item\"><a class=\"text_list_link\" href=\"https:\/\/www.omnium.cat\/ca\/seus\/baix-llobregat\/\">Baix Llobregat Erampruny\u00e0<\/a><\/p><p class=\"text_list_item\"><a class=\"text_list_link\" href=\"https:\/\/www.omnium.cat\/ca\/seus\/baix-llobregat-est\/\">Baix Llobregat Est<\/a><\/p><p class=\"text_list_item\"><a class=\"text_list_link\" href=\"https:\/\/www.omnium.cat\/ca\/seus\/baix-llobregat-marina-gestora\/\">Baix Llobregat la Marina<\/a><\/p><\/div><div class=\"headquarters_text_list_column\"><p class=\"text_list_item\"><a class=\"text_list_link\" href=\"https:\/\/www.omnium.cat\/ca\/seus\/baix-penedes\/\">Baix Pened\u00e8s<\/a><\/p><p class=\"text_list_item\"><a class=\"text_list_link\" href=\"https:\/\/www.omnium.cat\/ca\/seus\/bergueda\/\">Bergued\u00e0<\/a><\/p><p class=\"text_list_item\"><a class=\"text_list_link\" href=\"https:\/\/www.omnium.cat\/ca\/seus\/cerdanya\/\">Cerdanya<\/a><\/p><p class=\"text_list_item\"><a class=\"text_list_link\" href=\"https:\/\/www.omnium.cat\/ca\/seus\/ciutat-vella\/\">Ciutat Vella<\/a><\/p><p class=\"text_list_item\"><a class=\"text_list_link\" href=\"https:\/\/www.omnium.cat\/ca\/seus\/conca-de-barbera\/\">Conca de Barber\u00e0<\/a><\/p><p class=\"text_list_item\"><a class=\"text_list_link\" href=\"https:\/\/www.omnium.cat\/ca\/seus\/eixample\/\">Eixample<\/a><\/p><p class=\"text_list_item\"><a class=\"text_list_link\" href=\"https:\/\/www.omnium.cat\/ca\/seus\/garraf\/\">Garraf<\/a><\/p><p class=\"text_list_item\"><a class=\"text_list_link\" href=\"https:\/\/www.omnium.cat\/ca\/seus\/garrotxa\/\">Garrotxa<\/a><\/p><p class=\"text_list_item\"><a class=\"text_list_link\" href=\"https:\/\/www.omnium.cat\/ca\/seus\/girones\/\">Giron\u00e8s<\/a><\/p><p class=\"text_list_item\"><a class=\"text_list_link\" href=\"https:\/\/www.omnium.cat\/ca\/seus\/gracia\/\">Gr\u00e0cia<\/a><\/p><p class=\"text_list_item\"><a class=\"text_list_link\" href=\"https:\/\/www.omnium.cat\/ca\/seus\/horta-guinardo\/\">Horta &#8211; Guinard\u00f3<\/a><\/p><p class=\"text_list_item\"><a class=\"text_list_link\" href=\"https:\/\/www.omnium.cat\/ca\/seus\/hospitalet-de-llobregat\/\">Hospitalet de Llobregat (gestora)<\/a><\/p><p class=\"text_list_item\"><a class=\"text_list_link\" href=\"https:\/\/www.omnium.cat\/ca\/seus\/les-corts\/\">Les Corts<\/a><\/p><p class=\"text_list_item\"><a class=\"text_list_link\" href=\"https:\/\/www.omnium.cat\/ca\/seus\/les-garrigues\/\">Les Garrigues<\/a><\/p><\/div><div class=\"headquarters_text_list_column\"><p class=\"text_list_item\"><a class=\"text_list_link\" href=\"https:\/\/www.omnium.cat\/ca\/seus\/lleida-ponent\/\">Lleida-Ponent<\/a><\/p><p class=\"text_list_item\"><a class=\"text_list_link\" href=\"https:\/\/www.omnium.cat\/ca\/seus\/maresme\/\">Maresme<\/a><\/p><p class=\"text_list_item\"><a class=\"text_list_link\" href=\"https:\/\/www.omnium.cat\/ca\/seus\/nou-barris\/\">Nou Barris<\/a><\/p><p class=\"text_list_item\"><a class=\"text_list_link\" href=\"https:\/\/www.omnium.cat\/ca\/seus\/osona\/\">Osona &#8211; Llu\u00e7an\u00e8s<\/a><\/p><p class=\"text_list_item\"><a class=\"text_list_link\" href=\"https:\/\/www.omnium.cat\/ca\/seus\/pallars\/\">Pallars<\/a><\/p><p class=\"text_list_item\"><a class=\"text_list_link\" href=\"https:\/\/www.omnium.cat\/ca\/seus\/pla-de-lestany\/\">Pla de l&#8217;Estany<\/a><\/p><p class=\"text_list_item\"><a class=\"text_list_link\" href=\"https:\/\/www.omnium.cat\/ca\/seus\/pla-de-montserrat\/\">Pla de Montserrat<\/a><\/p><p class=\"text_list_item\"><a class=\"text_list_link\" href=\"https:\/\/www.omnium.cat\/ca\/seus\/priorat-gestora\/\">Priorat<\/a><\/p><p class=\"text_list_item\"><a class=\"text_list_link\" href=\"https:\/\/www.omnium.cat\/ca\/seus\/ripolles\/\">Ripoll\u00e8s<\/a><\/p><p class=\"text_list_item\"><a class=\"text_list_link\" href=\"https:\/\/www.omnium.cat\/ca\/seus\/rubi\/\">Rub\u00ed<\/a><\/p><p class=\"text_list_item\"><a class=\"text_list_link\" href=\"https:\/\/www.omnium.cat\/ca\/seus\/sabadell\/\">Sabadell<\/a><\/p><p class=\"text_list_item\"><a class=\"text_list_link\" href=\"https:\/\/www.omnium.cat\/ca\/seus\/sant-andreu\/\">Sant Andreu<\/a><\/p><p class=\"text_list_item\"><a class=\"text_list_link\" href=\"https:\/\/www.omnium.cat\/ca\/seus\/sant-cugat-del-valles\/\">Sant Cugat del Vall\u00e8s<\/a><\/p><p class=\"text_list_item\"><a class=\"text_list_link\" href=\"https:\/\/www.omnium.cat\/ca\/seus\/sant-marti\/\">Sant Mart\u00ed<\/a><\/p><\/div><div class=\"headquarters_text_list_column\"><p class=\"text_list_item\"><a class=\"text_list_link\" href=\"https:\/\/www.omnium.cat\/ca\/seus\/sants-montjuic\/\">Sants &#8211; Montju\u00efc<\/a><\/p><p class=\"text_list_item\"><a class=\"text_list_link\" href=\"https:\/\/www.omnium.cat\/ca\/seus\/sarria-sant-gervasi\/\">Sarri\u00e0 &#8211; Sant Gervasi<\/a><\/p><p class=\"text_list_item\"><a class=\"text_list_link\" href=\"https:\/\/www.omnium.cat\/ca\/seus\/la-segarra-urgell\/\">Segarra &#8211; Urgell<\/a><\/p><p class=\"text_list_item\"><a class=\"text_list_link\" href=\"https:\/\/www.omnium.cat\/ca\/seus\/la-selva\/\">Selva Interior<\/a><\/p><p class=\"text_list_item\"><a class=\"text_list_link\" href=\"https:\/\/www.omnium.cat\/ca\/seus\/selva-maritima\/\">Selva Mar\u00edtima<\/a><\/p><p class=\"text_list_item\"><a class=\"text_list_link\" href=\"https:\/\/www.omnium.cat\/ca\/seus\/solsones\/\">Solson\u00e8s<\/a><\/p><p class=\"text_list_item\"><a class=\"text_list_link\" href=\"https:\/\/www.omnium.cat\/ca\/seus\/tarragones\/\">Tarragon\u00e8s<\/a><\/p><p class=\"text_list_item\"><a class=\"text_list_link\" href=\"https:\/\/www.omnium.cat\/ca\/seus\/terrassa\/\">Terrassa<\/a><\/p><p class=\"text_list_item\"><a class=\"text_list_link\" href=\"https:\/\/www.omnium.cat\/ca\/seus\/terres-de-lebre\/\">Terres de l&#8217;Ebre<\/a><\/p><p class=\"text_list_item\"><a class=\"text_list_link\" href=\"https:\/\/www.omnium.cat\/ca\/seus\/terres-de-lebre\/\">Terres de l&#8217;Ebre<\/a><\/p><p class=\"text_list_item\"><a class=\"text_list_link\" href=\"https:\/\/www.omnium.cat\/ca\/seus\/valles-oriental\/\">Vall\u00e8s Oriental<\/a><\/p><\/div><\/div><div class=\"headquarters_text_list llull_text_list\"><h2 class=\"headquarters_text_list_heading\">Federaci\u00f3 Llull<\/h2><div class=\"headquarters_text_list_column\"><p class=\"text_list_item\"><a class=\"text_list_link\" href=\"https:\/\/www.omnium.cat\/ca\/accio-cultural-pais-valencia\/\">Acci\u00f3 Cultural Pa\u00eds Valenci\u00e0<\/a><\/p><\/div><div class=\"headquarters_text_list_column\"><p class=\"text_list_item\"><a class=\"text_list_link\" href=\"https:\/\/www.omnium.cat\/ca\/obra-cultural-balear\/\">Obra Cultural Balear<\/a><\/p><\/div><div class=\"headquarters_text_list_column\"><\/div><div class=\"headquarters_text_list_column\"><\/div><\/div><\/div><\/div><\/div>\t\t\t\t<\/div>\n\t\t\t\t<\/div>\n\t\t\t\t<div class=\"elementor-element elementor-element-23fd775 elementor-widget elementor-widget-spacer\" data-id=\"23fd775\" data-element_type=\"widget\" data-e-type=\"widget\" data-widget_type=\"spacer.default\">\n\t\t\t\t<div class=\"elementor-widget-container\">\n\t\t\t\t\t\t\t<div class=\"elementor-spacer\">\n\t\t\t<div class=\"elementor-spacer-inner\"><\/div>\n\t\t<\/div>\n\t\t\t\t\t\t<\/div>\n\t\t\t\t<\/div>\n\t\t\t\t<div class=\"elementor-element elementor-element-35ab584 elementor-widget-divider--view-line elementor-widget elementor-widget-divider\" data-id=\"35ab584\" data-element_type=\"widget\" data-e-type=\"widget\" data-widget_type=\"divider.default\">\n\t\t\t\t<div class=\"elementor-widget-container\">\n\t\t\t\t\t\t\t<div class=\"elementor-divider\">\n\t\t\t<span class=\"elementor-divider-separator\">\n\t\t\t\t\t\t<\/span>\n\t\t<\/div>\n\t\t\t\t\t\t<\/div>\n\t\t\t\t<\/div>\n\t\t\t\t<section class=\"elementor-section elementor-inner-section elementor-element elementor-element-1bee2cc elementor-section-boxed elementor-section-height-default elementor-section-height-default fullpage-js-section-no fullpage-js-position-centered background-video-grayscale-no\" data-id=\"1bee2cc\" data-element_type=\"section\" data-e-type=\"section\">\n\t\t\t\t\t\t<div class=\"elementor-container elementor-column-gap-no\">\n\t\t\t\t\t<div class=\"elementor-column elementor-col-25 elementor-inner-column elementor-element elementor-element-35dbd99\" data-id=\"35dbd99\" data-element_type=\"column\" data-e-type=\"column\">\n\t\t\t<div class=\"elementor-widget-wrap elementor-element-populated\">\n\t\t\t\t\t\t<div class=\"elementor-element elementor-element-8e1a64a elementor-widget elementor-widget-text-editor\" data-id=\"8e1a64a\" data-element_type=\"widget\" data-e-type=\"widget\" data-widget_type=\"text-editor.default\">\n\t\t\t\t<div class=\"elementor-widget-container\">\n\t\t\t\t\t\t\t\t\t<p>\u00d2mnium Cultural de la Catalunya Nord<\/p>\t\t\t\t\t\t\t\t<\/div>\n\t\t\t\t<\/div>\n\t\t\t\t\t<\/div>\n\t\t<\/div>\n\t\t\t\t<div class=\"elementor-column elementor-col-25 elementor-inner-column elementor-element elementor-element-1dc0c1d\" data-id=\"1dc0c1d\" data-element_type=\"column\" data-e-type=\"column\">\n\t\t\t<div class=\"elementor-widget-wrap elementor-element-populated\">\n\t\t\t\t\t\t<div class=\"elementor-element elementor-element-e42188a elementor-widget elementor-widget-text-editor\" data-id=\"e42188a\" data-element_type=\"widget\" data-e-type=\"widget\" data-widget_type=\"text-editor.default\">\n\t\t\t\t<div class=\"elementor-widget-container\">\n\t\t\t\t\t\t\t\t\t<p>\u00d2mnium Cultural de l&#8217;Alguer<\/p>\t\t\t\t\t\t\t\t<\/div>\n\t\t\t\t<\/div>\n\t\t\t\t\t<\/div>\n\t\t<\/div>\n\t\t\t\t<div class=\"elementor-column elementor-col-25 elementor-inner-column elementor-element elementor-element-aaa5ad9\" data-id=\"aaa5ad9\" data-element_type=\"column\" data-e-type=\"column\">\n\t\t\t<div class=\"elementor-widget-wrap\">\n\t\t\t\t\t\t\t<\/div>\n\t\t<\/div>\n\t\t\t\t<div class=\"elementor-column elementor-col-25 elementor-inner-column elementor-element elementor-element-b772213\" data-id=\"b772213\" data-element_type=\"column\" data-e-type=\"column\">\n\t\t\t<div class=\"elementor-widget-wrap\">\n\t\t\t\t\t\t\t<\/div>\n\t\t<\/div>\n\t\t\t\t\t<\/div>\n\t\t<\/section>\n\t\t\t\t\t<\/div>\n\t\t<\/div>\n\t\t\t\t\t<\/div>\n\t\t<\/section>\n\t\t\t\t<\/div>\n\t\t","protected":false},"excerpt":{"rendered":"<p>Seus territorials Alt Camp Alt Empord\u00e0 Alt Maresme Alt Pened\u00e8s Alt Urgell Anoia Badalona-Barcelon\u00e8s nord Bages &#8211; Moian\u00e8s Baix Camp Baix Empord\u00e0 Baix Llobregat centre (gestora) Baix Llobregat Delta (gestora) [&hellip;]<\/p>\n","protected":false},"author":1,"featured_media":0,"parent":21,"menu_order":34,"comment_status":"closed","ping_status":"closed","template":"","meta":{"_acf_changed":false,"footnotes":""},"class_list":["post-17034","page","type-page","status-publish","hentry"],"acf":[],"yoast_head":"<!-- This site is optimized with the Yoast SEO plugin v27.2 - https:\/\/yoast.com\/product\/yoast-seo-wordpress\/ -->\n<title>Llista seus - \u00d2mnium Cultural<\/title>\n<meta name=\"robots\" content=\"index, follow, max-snippet:-1, max-image-preview:large, max-video-preview:-1\" \/>\n<link rel=\"canonical\" href=\"https:\/\/www.omnium.cat\/ca\/seus-territorials\/llista-seus\/\" \/>\n<meta name=\"twitter:label1\" content=\"Temps estimat de lectura\" \/>\n\t<meta name=\"twitter:data1\" content=\"1 minut\" \/>\n<script type=\"application\/ld+json\" class=\"yoast-schema-graph\">{\"@context\":\"https:\/\/schema.org\",\"@graph\":[{\"@type\":\"WebPage\",\"@id\":\"https:\/\/www.omnium.cat\/ca\/seus-territorials\/llista-seus\/\",\"url\":\"https:\/\/www.omnium.cat\/ca\/seus-territorials\/llista-seus\/\",\"name\":\"Llista seus - \u00d2mnium Cultural\",\"isPartOf\":{\"@id\":\"https:\/\/www.omnium.cat\/ca\/#website\"},\"datePublished\":\"2018-05-22T14:19:29+00:00\",\"dateModified\":\"2023-07-11T16:18:37+00:00\",\"breadcrumb\":{\"@id\":\"https:\/\/www.omnium.cat\/ca\/seus-territorials\/llista-seus\/#breadcrumb\"},\"inLanguage\":\"ca\",\"potentialAction\":[{\"@type\":\"ReadAction\",\"target\":[\"https:\/\/www.omnium.cat\/ca\/seus-territorials\/llista-seus\/\"]}]},{\"@type\":\"BreadcrumbList\",\"@id\":\"https:\/\/www.omnium.cat\/ca\/seus-territorials\/llista-seus\/#breadcrumb\",\"itemListElement\":[{\"@type\":\"ListItem\",\"position\":1,\"name\":\"Inici\",\"item\":\"https:\/\/www.omnium.cat\/ca\/\"},{\"@type\":\"ListItem\",\"position\":2,\"name\":\"Seus territorials\",\"item\":\"https:\/\/www.omnium.cat\/ca\/seus-territorials\/\"},{\"@type\":\"ListItem\",\"position\":3,\"name\":\"Llista seus\"}]},{\"@type\":\"WebSite\",\"@id\":\"https:\/\/www.omnium.cat\/ca\/#website\",\"url\":\"https:\/\/www.omnium.cat\/ca\/\",\"name\":\"\u00d2mnium Cultural\",\"description\":\"Llengua Cultura Pa\u00eds\",\"publisher\":{\"@id\":\"https:\/\/www.omnium.cat\/ca\/#organization\"},\"potentialAction\":[{\"@type\":\"SearchAction\",\"target\":{\"@type\":\"EntryPoint\",\"urlTemplate\":\"https:\/\/www.omnium.cat\/ca\/?s={search_term_string}\"},\"query-input\":{\"@type\":\"PropertyValueSpecification\",\"valueRequired\":true,\"valueName\":\"search_term_string\"}}],\"inLanguage\":\"ca\"},{\"@type\":\"Organization\",\"@id\":\"https:\/\/www.omnium.cat\/ca\/#organization\",\"name\":\"\u00d2mnium Cultural\",\"url\":\"https:\/\/www.omnium.cat\/ca\/\",\"logo\":{\"@type\":\"ImageObject\",\"inLanguage\":\"ca\",\"@id\":\"https:\/\/www.omnium.cat\/ca\/#\/schema\/logo\/image\/\",\"url\":\"https:\/\/cdn.omnium.cat\/wp-content\/uploads\/2019\/06\/01112517\/cropped-omnium_logo-1.png\",\"contentUrl\":\"https:\/\/cdn.omnium.cat\/wp-content\/uploads\/2019\/06\/01112517\/cropped-omnium_logo-1.png\",\"width\":1213,\"height\":262,\"caption\":\"\u00d2mnium Cultural\"},\"image\":{\"@id\":\"https:\/\/www.omnium.cat\/ca\/#\/schema\/logo\/image\/\"},\"sameAs\":[\"https:\/\/www.facebook.com\/omniumcultural\",\"https:\/\/x.com\/omnium\",\"https:\/\/www.instagram.com\/omniumcultural\/\",\"https:\/\/www.youtube.com\/user\/omniumcultural\"]}]}<\/script>\n<!-- \/ Yoast SEO plugin. -->","yoast_head_json":{"title":"Llista seus - \u00d2mnium Cultural","robots":{"index":"index","follow":"follow","max-snippet":"max-snippet:-1","max-image-preview":"max-image-preview:large","max-video-preview":"max-video-preview:-1"},"canonical":"https:\/\/www.omnium.cat\/ca\/seus-territorials\/llista-seus\/","twitter_misc":{"Temps estimat de lectura":"1 minut"},"schema":{"@context":"https:\/\/schema.org","@graph":[{"@type":"WebPage","@id":"https:\/\/www.omnium.cat\/ca\/seus-territorials\/llista-seus\/","url":"https:\/\/www.omnium.cat\/ca\/seus-territorials\/llista-seus\/","name":"Llista seus - \u00d2mnium Cultural","isPartOf":{"@id":"https:\/\/www.omnium.cat\/ca\/#website"},"datePublished":"2018-05-22T14:19:29+00:00","dateModified":"2023-07-11T16:18:37+00:00","breadcrumb":{"@id":"https:\/\/www.omnium.cat\/ca\/seus-territorials\/llista-seus\/#breadcrumb"},"inLanguage":"ca","potentialAction":[{"@type":"ReadAction","target":["https:\/\/www.omnium.cat\/ca\/seus-territorials\/llista-seus\/"]}]},{"@type":"BreadcrumbList","@id":"https:\/\/www.omnium.cat\/ca\/seus-territorials\/llista-seus\/#breadcrumb","itemListElement":[{"@type":"ListItem","position":1,"name":"Inici","item":"https:\/\/www.omnium.cat\/ca\/"},{"@type":"ListItem","position":2,"name":"Seus territorials","item":"https:\/\/www.omnium.cat\/ca\/seus-territorials\/"},{"@type":"ListItem","position":3,"name":"Llista seus"}]},{"@type":"WebSite","@id":"https:\/\/www.omnium.cat\/ca\/#website","url":"https:\/\/www.omnium.cat\/ca\/","name":"\u00d2mnium Cultural","description":"Llengua Cultura Pa\u00eds","publisher":{"@id":"https:\/\/www.omnium.cat\/ca\/#organization"},"potentialAction":[{"@type":"SearchAction","target":{"@type":"EntryPoint","urlTemplate":"https:\/\/www.omnium.cat\/ca\/?s={search_term_string}"},"query-input":{"@type":"PropertyValueSpecification","valueRequired":true,"valueName":"search_term_string"}}],"inLanguage":"ca"},{"@type":"Organization","@id":"https:\/\/www.omnium.cat\/ca\/#organization","name":"\u00d2mnium Cultural","url":"https:\/\/www.omnium.cat\/ca\/","logo":{"@type":"ImageObject","inLanguage":"ca","@id":"https:\/\/www.omnium.cat\/ca\/#\/schema\/logo\/image\/","url":"https:\/\/cdn.omnium.cat\/wp-content\/uploads\/2019\/06\/01112517\/cropped-omnium_logo-1.png","contentUrl":"https:\/\/cdn.omnium.cat\/wp-content\/uploads\/2019\/06\/01112517\/cropped-omnium_logo-1.png","width":1213,"height":262,"caption":"\u00d2mnium Cultural"},"image":{"@id":"https:\/\/www.omnium.cat\/ca\/#\/schema\/logo\/image\/"},"sameAs":["https:\/\/www.facebook.com\/omniumcultural","https:\/\/x.com\/omnium","https:\/\/www.instagram.com\/omniumcultural\/","https:\/\/www.youtube.com\/user\/omniumcultural"]}]}},"_links":{"self":[{"href":"https:\/\/www.omnium.cat\/ca\/wp-json\/wp\/v2\/pages\/17034","targetHints":{"allow":["GET"]}}],"collection":[{"href":"https:\/\/www.omnium.cat\/ca\/wp-json\/wp\/v2\/pages"}],"about":[{"href":"https:\/\/www.omnium.cat\/ca\/wp-json\/wp\/v2\/types\/page"}],"author":[{"embeddable":true,"href":"https:\/\/www.omnium.cat\/ca\/wp-json\/wp\/v2\/users\/1"}],"replies":[{"embeddable":true,"href":"https:\/\/www.omnium.cat\/ca\/wp-json\/wp\/v2\/comments?post=17034"}],"version-history":[{"count":10,"href":"https:\/\/www.omnium.cat\/ca\/wp-json\/wp\/v2\/pages\/17034\/revisions"}],"predecessor-version":[{"id":380423,"href":"https:\/\/www.omnium.cat\/ca\/wp-json\/wp\/v2\/pages\/17034\/revisions\/380423"}],"up":[{"embeddable":true,"href":"https:\/\/www.omnium.cat\/ca\/wp-json\/wp\/v2\/pages\/21"}],"wp:attachment":[{"href":"https:\/\/www.omnium.cat\/ca\/wp-json\/wp\/v2\/media?parent=17034"}],"curies":[{"name":"wp","href":"https:\/\/api.w.org\/{rel}","templated":true}]}}