{"id":17279,"date":"2018-05-24T15:13:01","date_gmt":"2018-05-24T13:13:01","guid":{"rendered":"http:\/\/omnium.whads.com\/?page_id=17279"},"modified":"2024-02-28T17:34:50","modified_gmt":"2024-02-28T16:34:50","slug":"ciutat-vella","status":"publish","type":"page","link":"https:\/\/www.omnium.cat\/ca\/seus\/ciutat-vella\/","title":{"rendered":"Barcelona Ciutat Vella"},"content":{"rendered":"\t\t<div data-elementor-type=\"wp-post\" data-elementor-id=\"17279\" class=\"elementor elementor-17279\" data-elementor-post-type=\"page\">\n\t\t\t\t\t\t<section class=\"elementor-section elementor-top-section elementor-element elementor-element-cd521c8 elementor-section-boxed elementor-section-height-default elementor-section-height-default fullpage-js-section-no fullpage-js-position-centered background-video-grayscale-no\" data-id=\"cd521c8\" data-element_type=\"section\" data-e-type=\"section\">\n\t\t\t\t\t\t<div class=\"elementor-container elementor-column-gap-default\">\n\t\t\t\t\t<div class=\"elementor-column elementor-col-100 elementor-top-column elementor-element elementor-element-d8eb9e0\" data-id=\"d8eb9e0\" data-element_type=\"column\" data-e-type=\"column\">\n\t\t\t<div class=\"elementor-widget-wrap elementor-element-populated\">\n\t\t\t\t\t\t<section class=\"elementor-section elementor-inner-section elementor-element elementor-element-1623461 elementor-section-boxed elementor-section-height-default elementor-section-height-default fullpage-js-section-no fullpage-js-position-centered background-video-grayscale-no\" data-id=\"1623461\" data-element_type=\"section\" data-e-type=\"section\">\n\t\t\t\t\t\t<div class=\"elementor-container elementor-column-gap-default\">\n\t\t\t\t\t<div class=\"elementor-column elementor-col-100 elementor-inner-column elementor-element elementor-element-59ea572\" data-id=\"59ea572\" data-element_type=\"column\" data-e-type=\"column\">\n\t\t\t<div class=\"elementor-widget-wrap elementor-element-populated\">\n\t\t\t\t\t\t<div class=\"elementor-element elementor-element-03ba070 elementor-widget elementor-widget-omnium-events-listing\" data-id=\"03ba070\" data-element_type=\"widget\" data-e-type=\"widget\" data-widget_type=\"omnium-events-listing.default\">\n\t\t\t\t<div class=\"elementor-widget-container\">\n\t\t\t\t\t<section class=\"omnium_events_listing_block\" data-show-date=\"true\" data-show-location=\"true\" data-show_excerpt=\"false\" data-show-related-headquarters=\"true\" data-show-related-projects=\"true\" data-posts-per-page=\"6\" data-listing-type=\"normal\"><div class=\"omnium_block_heading_wrapper\"><h1 class=\"block_heading\">Agenda<\/h1><\/div><div class=\"eventlisting_loader_wrapper\"><div class=\"eventlisting_loader\"><div class=\"eventlisting_loader_first_part\"><\/div><div class=\"eventlisting_loader_second_part\"><\/div><div class=\"eventlisting_loader_third_part\"><\/div><div class=\"eventlisting_loader_fourth_part\"><\/div><\/div><\/div><div class=\"events_lists_selector_wrapper\"><ul class=\"events_lists_selector\"><li class=\"events_list_option upcoming_option\">Propers<\/li><li class=\"events_list_option past_option\">Anteriors<\/li><\/ul><\/div><div class=\"upcoming_events_wrapper\"><div class=\"omnium_events_list_wrapper\"><\/div><div class=\"loadmore_button_wrapper\"><p class=\"loadmore_button next_events_loadmore_button\" data-loadmore-text=\"Carregar m\u00e9s\" data-loading-text=\"Carregant...\" data-showdate=\"true\" data-showlocation=\"true\" data-showheadquarters=\"true\" data-showprojects=\"true\" >Carregar m\u00e9s<\/p><\/div><\/div><div class=\"past_events_wrapper\"><div class=\"omnium_events_list_wrapper\"><\/div><div class=\"loadmore_button_wrapper\"><p class=\"loadmore_button past_events_loadmore_button\" data-loadmore-text=\"Carregar m\u00e9s\" data-loading-text=\"Carregant...\" data-showdate=\"true\" data-showlocation=\"true\" data-showheadquarters=\"true\" data-showprojects=\"true\" >Carregar m\u00e9s<\/p><\/div><\/div><div class=\"no_events_message_wrapper\"><p class=\"no_events_message\">No hi ha activitats<\/p><\/div>\t\t\t\t<\/div>\n\t\t\t\t<\/div>\n\t\t\t\t\t<\/div>\n\t\t<\/div>\n\t\t\t\t\t<\/div>\n\t\t<\/section>\n\t\t\t\t<div class=\"elementor-element elementor-element-1a3396b elementor-widget elementor-widget-omnium-news-listing\" data-id=\"1a3396b\" data-element_type=\"widget\" data-e-type=\"widget\" data-widget_type=\"omnium-news-listing.default\">\n\t\t\t\t<div class=\"elementor-widget-container\">\n\t\t\t\t\t<section class=\"omnium_news_listing_block\" data-show-date=\"true\" data-show_excerpt=\"false\" data-show-related-headquarters=\"true\" data-show-related-projects=\"true\" data-posts-per-page=\"6\" data-listing-type=\"normal\"><div class=\"omnium_block_heading_wrapper\"><h1 class=\"block_heading\">Not\u00edcies<\/h1><\/div><div class=\"newslisting_loader_wrapper\"><div class=\"newslisting_loader\"><div class=\"newslisting_loader_first_part\"><\/div><div class=\"newslisting_loader_second_part\"><\/div><div class=\"newslisting_loader_third_part\"><\/div><div class=\"newslisting_loader_fourth_part\"><\/div><\/div><\/div><div class=\"omnium_posts_list_wrapper\"><\/div><div class=\"no_posts_message_wrapper\"><p class=\"no_posts_message\">No hi ha not\u00edcies<\/p><\/div><div class=\"loadmore_button_wrapper\"><p class=\"loadmore_button\" data-loadmore-text=\"Carregar m\u00e9s\" data-loading-text=\"Carregant...\" data-currentpage=\"1\" data-showdate=\"true\" data-showheadquarters=\"true\" data-showprojects=\"true\" >Carregar m\u00e9s<\/p><\/div><\/section>\t\t\t\t<\/div>\n\t\t\t\t<\/div>\n\t\t\t\t\t<\/div>\n\t\t<\/div>\n\t\t\t\t\t<\/div>\n\t\t<\/section>\n\t\t\t\t<\/div>\n\t\t","protected":false},"excerpt":{"rendered":"<p>Agenda Propers Anteriors Carregar m\u00e9s Carregar m\u00e9s No hi ha activitats Not\u00edcies No hi ha not\u00edcies Carregar m\u00e9s<\/p>\n","protected":false},"author":1,"featured_media":0,"parent":17255,"menu_order":32,"comment_status":"closed","ping_status":"closed","template":"","meta":{"_acf_changed":false,"footnotes":""},"class_list":["post-17279","page","type-page","status-publish","hentry"],"acf":[],"yoast_head":"<!-- This site is optimized with the Yoast SEO plugin v27.2 - https:\/\/yoast.com\/product\/yoast-seo-wordpress\/ -->\n<title>Barcelona Ciutat Vella - \u00d2mnium Cultural<\/title>\n<meta name=\"description\" content=\"\u00d2mnium Ciutat Vella\" \/>\n<meta name=\"robots\" content=\"index, follow, max-snippet:-1, max-image-preview:large, max-video-preview:-1\" \/>\n<link rel=\"canonical\" href=\"https:\/\/www.omnium.cat\/ca\/seus\/ciutat-vella\/\" \/>\n<meta name=\"twitter:label1\" content=\"Temps estimat de lectura\" \/>\n\t<meta name=\"twitter:data1\" content=\"1 minut\" \/>\n<script type=\"application\/ld+json\" class=\"yoast-schema-graph\">{\"@context\":\"https:\/\/schema.org\",\"@graph\":[{\"@type\":\"WebPage\",\"@id\":\"https:\/\/www.omnium.cat\/ca\/seus\/ciutat-vella\/\",\"url\":\"https:\/\/www.omnium.cat\/ca\/seus\/ciutat-vella\/\",\"name\":\"Barcelona Ciutat Vella - \u00d2mnium Cultural\",\"isPartOf\":{\"@id\":\"https:\/\/www.omnium.cat\/ca\/#website\"},\"datePublished\":\"2018-05-24T13:13:01+00:00\",\"dateModified\":\"2024-02-28T16:34:50+00:00\",\"description\":\"\u00d2mnium Ciutat Vella\",\"breadcrumb\":{\"@id\":\"https:\/\/www.omnium.cat\/ca\/seus\/ciutat-vella\/#breadcrumb\"},\"inLanguage\":\"ca\",\"potentialAction\":[{\"@type\":\"ReadAction\",\"target\":[\"https:\/\/www.omnium.cat\/ca\/seus\/ciutat-vella\/\"]}]},{\"@type\":\"BreadcrumbList\",\"@id\":\"https:\/\/www.omnium.cat\/ca\/seus\/ciutat-vella\/#breadcrumb\",\"itemListElement\":[{\"@type\":\"ListItem\",\"position\":1,\"name\":\"Inici\",\"item\":\"https:\/\/www.omnium.cat\/ca\/\"},{\"@type\":\"ListItem\",\"position\":2,\"name\":\"Seus\",\"item\":\"https:\/\/www.omnium.cat\/ca\/seus\/\"},{\"@type\":\"ListItem\",\"position\":3,\"name\":\"Barcelona Ciutat Vella\"}]},{\"@type\":\"WebSite\",\"@id\":\"https:\/\/www.omnium.cat\/ca\/#website\",\"url\":\"https:\/\/www.omnium.cat\/ca\/\",\"name\":\"\u00d2mnium Cultural\",\"description\":\"Llengua Cultura Pa\u00eds\",\"publisher\":{\"@id\":\"https:\/\/www.omnium.cat\/ca\/#organization\"},\"potentialAction\":[{\"@type\":\"SearchAction\",\"target\":{\"@type\":\"EntryPoint\",\"urlTemplate\":\"https:\/\/www.omnium.cat\/ca\/?s={search_term_string}\"},\"query-input\":{\"@type\":\"PropertyValueSpecification\",\"valueRequired\":true,\"valueName\":\"search_term_string\"}}],\"inLanguage\":\"ca\"},{\"@type\":\"Organization\",\"@id\":\"https:\/\/www.omnium.cat\/ca\/#organization\",\"name\":\"\u00d2mnium Cultural\",\"url\":\"https:\/\/www.omnium.cat\/ca\/\",\"logo\":{\"@type\":\"ImageObject\",\"inLanguage\":\"ca\",\"@id\":\"https:\/\/www.omnium.cat\/ca\/#\/schema\/logo\/image\/\",\"url\":\"https:\/\/cdn.omnium.cat\/wp-content\/uploads\/2019\/06\/01112517\/cropped-omnium_logo-1.png\",\"contentUrl\":\"https:\/\/cdn.omnium.cat\/wp-content\/uploads\/2019\/06\/01112517\/cropped-omnium_logo-1.png\",\"width\":1213,\"height\":262,\"caption\":\"\u00d2mnium Cultural\"},\"image\":{\"@id\":\"https:\/\/www.omnium.cat\/ca\/#\/schema\/logo\/image\/\"},\"sameAs\":[\"https:\/\/www.facebook.com\/omniumcultural\",\"https:\/\/x.com\/omnium\",\"https:\/\/www.instagram.com\/omniumcultural\/\",\"https:\/\/www.youtube.com\/user\/omniumcultural\"]}]}<\/script>\n<!-- \/ Yoast SEO plugin. -->","yoast_head_json":{"title":"Barcelona Ciutat Vella - \u00d2mnium Cultural","description":"\u00d2mnium Ciutat Vella","robots":{"index":"index","follow":"follow","max-snippet":"max-snippet:-1","max-image-preview":"max-image-preview:large","max-video-preview":"max-video-preview:-1"},"canonical":"https:\/\/www.omnium.cat\/ca\/seus\/ciutat-vella\/","twitter_misc":{"Temps estimat de lectura":"1 minut"},"schema":{"@context":"https:\/\/schema.org","@graph":[{"@type":"WebPage","@id":"https:\/\/www.omnium.cat\/ca\/seus\/ciutat-vella\/","url":"https:\/\/www.omnium.cat\/ca\/seus\/ciutat-vella\/","name":"Barcelona Ciutat Vella - \u00d2mnium Cultural","isPartOf":{"@id":"https:\/\/www.omnium.cat\/ca\/#website"},"datePublished":"2018-05-24T13:13:01+00:00","dateModified":"2024-02-28T16:34:50+00:00","description":"\u00d2mnium Ciutat Vella","breadcrumb":{"@id":"https:\/\/www.omnium.cat\/ca\/seus\/ciutat-vella\/#breadcrumb"},"inLanguage":"ca","potentialAction":[{"@type":"ReadAction","target":["https:\/\/www.omnium.cat\/ca\/seus\/ciutat-vella\/"]}]},{"@type":"BreadcrumbList","@id":"https:\/\/www.omnium.cat\/ca\/seus\/ciutat-vella\/#breadcrumb","itemListElement":[{"@type":"ListItem","position":1,"name":"Inici","item":"https:\/\/www.omnium.cat\/ca\/"},{"@type":"ListItem","position":2,"name":"Seus","item":"https:\/\/www.omnium.cat\/ca\/seus\/"},{"@type":"ListItem","position":3,"name":"Barcelona Ciutat Vella"}]},{"@type":"WebSite","@id":"https:\/\/www.omnium.cat\/ca\/#website","url":"https:\/\/www.omnium.cat\/ca\/","name":"\u00d2mnium Cultural","description":"Llengua Cultura Pa\u00eds","publisher":{"@id":"https:\/\/www.omnium.cat\/ca\/#organization"},"potentialAction":[{"@type":"SearchAction","target":{"@type":"EntryPoint","urlTemplate":"https:\/\/www.omnium.cat\/ca\/?s={search_term_string}"},"query-input":{"@type":"PropertyValueSpecification","valueRequired":true,"valueName":"search_term_string"}}],"inLanguage":"ca"},{"@type":"Organization","@id":"https:\/\/www.omnium.cat\/ca\/#organization","name":"\u00d2mnium Cultural","url":"https:\/\/www.omnium.cat\/ca\/","logo":{"@type":"ImageObject","inLanguage":"ca","@id":"https:\/\/www.omnium.cat\/ca\/#\/schema\/logo\/image\/","url":"https:\/\/cdn.omnium.cat\/wp-content\/uploads\/2019\/06\/01112517\/cropped-omnium_logo-1.png","contentUrl":"https:\/\/cdn.omnium.cat\/wp-content\/uploads\/2019\/06\/01112517\/cropped-omnium_logo-1.png","width":1213,"height":262,"caption":"\u00d2mnium Cultural"},"image":{"@id":"https:\/\/www.omnium.cat\/ca\/#\/schema\/logo\/image\/"},"sameAs":["https:\/\/www.facebook.com\/omniumcultural","https:\/\/x.com\/omnium","https:\/\/www.instagram.com\/omniumcultural\/","https:\/\/www.youtube.com\/user\/omniumcultural"]}]}},"_links":{"self":[{"href":"https:\/\/www.omnium.cat\/ca\/wp-json\/wp\/v2\/pages\/17279","targetHints":{"allow":["GET"]}}],"collection":[{"href":"https:\/\/www.omnium.cat\/ca\/wp-json\/wp\/v2\/pages"}],"about":[{"href":"https:\/\/www.omnium.cat\/ca\/wp-json\/wp\/v2\/types\/page"}],"author":[{"embeddable":true,"href":"https:\/\/www.omnium.cat\/ca\/wp-json\/wp\/v2\/users\/1"}],"replies":[{"embeddable":true,"href":"https:\/\/www.omnium.cat\/ca\/wp-json\/wp\/v2\/comments?post=17279"}],"version-history":[{"count":17,"href":"https:\/\/www.omnium.cat\/ca\/wp-json\/wp\/v2\/pages\/17279\/revisions"}],"predecessor-version":[{"id":402353,"href":"https:\/\/www.omnium.cat\/ca\/wp-json\/wp\/v2\/pages\/17279\/revisions\/402353"}],"up":[{"embeddable":true,"href":"https:\/\/www.omnium.cat\/ca\/wp-json\/wp\/v2\/pages\/17255"}],"wp:attachment":[{"href":"https:\/\/www.omnium.cat\/ca\/wp-json\/wp\/v2\/media?parent=17279"}],"curies":[{"name":"wp","href":"https:\/\/api.w.org\/{rel}","templated":true}]}}