{"id":18105,"date":"2018-06-01T14:01:54","date_gmt":"2018-06-01T12:01:54","guid":{"rendered":"http:\/\/omnium.whads.com\/projectes\/la-llanca-de-sant-jordi\/"},"modified":"2018-06-28T17:41:40","modified_gmt":"2018-06-28T15:41:40","slug":"llanca-sant-jordi","status":"publish","type":"page","link":"https:\/\/www.omnium.cat\/ca\/projectes\/llanca-sant-jordi\/","title":{"rendered":"La Llan\u00e7a de Sant Jordi"},"content":{"rendered":"\t\t<div data-elementor-type=\"wp-post\" data-elementor-id=\"18105\" class=\"elementor elementor-18105 elementor-bc-flex-widget\" data-elementor-post-type=\"page\">\n\t\t\t\t\t\t<section class=\"elementor-section elementor-top-section elementor-element elementor-element-f0246c9 elementor-section-boxed elementor-section-height-default elementor-section-height-default fullpage-js-section-no fullpage-js-position-centered background-video-grayscale-no\" data-id=\"f0246c9\" data-element_type=\"section\" data-e-type=\"section\">\n\t\t\t\t\t\t<div class=\"elementor-container elementor-column-gap-default\">\n\t\t\t\t\t<div class=\"elementor-column elementor-col-100 elementor-top-column elementor-element elementor-element-77369a0\" data-id=\"77369a0\" data-element_type=\"column\" data-e-type=\"column\">\n\t\t\t<div class=\"elementor-widget-wrap elementor-element-populated\">\n\t\t\t\t\t\t<div class=\"elementor-element elementor-element-4cd2bca elementor-widget elementor-widget-omnium-news-listing\" data-id=\"4cd2bca\" data-element_type=\"widget\" data-e-type=\"widget\" data-widget_type=\"omnium-news-listing.default\">\n\t\t\t\t<div class=\"elementor-widget-container\">\n\t\t\t\t\t<section class=\"omnium_news_listing_block\" data-show-date=\"true\" data-show_excerpt=\"false\" data-show-related-headquarters=\"true\" data-show-related-projects=\"true\" data-posts-per-page=\"6\" data-listing-type=\"normal\"><div class=\"omnium_block_heading_wrapper\"><h1 class=\"block_heading\">Actualitat<\/h1><\/div><div class=\"newslisting_loader_wrapper\"><div class=\"newslisting_loader\"><div class=\"newslisting_loader_first_part\"><\/div><div class=\"newslisting_loader_second_part\"><\/div><div class=\"newslisting_loader_third_part\"><\/div><div class=\"newslisting_loader_fourth_part\"><\/div><\/div><\/div><div class=\"omnium_posts_list_wrapper\"><\/div><div class=\"no_posts_message_wrapper\"><p class=\"no_posts_message\">No hi ha not\u00edcies<\/p><\/div><div class=\"loadmore_button_wrapper\"><p class=\"loadmore_button\" data-loadmore-text=\"Carregar m\u00e9s\" data-loading-text=\"Carregant...\" data-currentpage=\"1\" data-showdate=\"true\" data-showheadquarters=\"true\" data-showprojects=\"true\" >Carregar m\u00e9s<\/p><\/div><\/section>\t\t\t\t<\/div>\n\t\t\t\t<\/div>\n\t\t\t\t\t<\/div>\n\t\t<\/div>\n\t\t\t\t\t<\/div>\n\t\t<\/section>\n\t\t\t\t<section class=\"elementor-section elementor-top-section elementor-element elementor-element-9603fb4 elementor-section-boxed elementor-section-height-default elementor-section-height-default fullpage-js-section-no fullpage-js-position-centered background-video-grayscale-no\" data-id=\"9603fb4\" data-element_type=\"section\" data-e-type=\"section\">\n\t\t\t\t\t\t<div class=\"elementor-container elementor-column-gap-default\">\n\t\t\t\t\t<div class=\"elementor-column elementor-col-100 elementor-top-column elementor-element elementor-element-c836b9b\" data-id=\"c836b9b\" data-element_type=\"column\" data-e-type=\"column\">\n\t\t\t<div class=\"elementor-widget-wrap elementor-element-populated\">\n\t\t\t\t\t\t<div class=\"elementor-element elementor-element-8722e47 elementor-widget elementor-widget-omnium-events-listing\" data-id=\"8722e47\" data-element_type=\"widget\" data-e-type=\"widget\" data-widget_type=\"omnium-events-listing.default\">\n\t\t\t\t<div class=\"elementor-widget-container\">\n\t\t\t\t\t<section class=\"omnium_events_listing_block\" data-show-date=\"true\" data-show-location=\"true\" data-show_excerpt=\"false\" data-show-related-headquarters=\"true\" data-show-related-projects=\"true\" data-posts-per-page=\"6\" data-listing-type=\"normal\"><div class=\"omnium_block_heading_wrapper\"><h1 class=\"block_heading\">Agenda<\/h1><\/div><div class=\"eventlisting_loader_wrapper\"><div class=\"eventlisting_loader\"><div class=\"eventlisting_loader_first_part\"><\/div><div class=\"eventlisting_loader_second_part\"><\/div><div class=\"eventlisting_loader_third_part\"><\/div><div class=\"eventlisting_loader_fourth_part\"><\/div><\/div><\/div><div class=\"events_lists_selector_wrapper\"><ul class=\"events_lists_selector\"><li class=\"events_list_option upcoming_option\">Propers<\/li><li class=\"events_list_option past_option\">Anteriors<\/li><\/ul><\/div><div class=\"upcoming_events_wrapper\"><div class=\"omnium_events_list_wrapper\"><\/div><div class=\"loadmore_button_wrapper\"><p class=\"loadmore_button next_events_loadmore_button\" data-loadmore-text=\"Carregar m\u00e9s\" data-loading-text=\"Carregant...\" data-showdate=\"true\" data-showlocation=\"true\" data-showheadquarters=\"true\" data-showprojects=\"true\" >Carregar m\u00e9s<\/p><\/div><\/div><div class=\"past_events_wrapper\"><div class=\"omnium_events_list_wrapper\"><\/div><div class=\"loadmore_button_wrapper\"><p class=\"loadmore_button past_events_loadmore_button\" data-loadmore-text=\"Carregar m\u00e9s\" data-loading-text=\"Carregant...\" data-showdate=\"true\" data-showlocation=\"true\" data-showheadquarters=\"true\" data-showprojects=\"true\" >Carregar m\u00e9s<\/p><\/div><\/div><div class=\"no_events_message_wrapper\"><p class=\"no_events_message\">No hi ha activitats<\/p><\/div>\t\t\t\t<\/div>\n\t\t\t\t<\/div>\n\t\t\t\t\t<\/div>\n\t\t<\/div>\n\t\t\t\t\t<\/div>\n\t\t<\/section>\n\t\t\t\t<\/div>\n\t\t","protected":false},"excerpt":{"rendered":"<p>Actualitat 28 juny 2018 La Flama del Canig\u00f3 2018 va tornar a cremar a Sants-Montju\u00efc Sants &#8211; Montju\u00efc Flama del Canig\u00f3 27 juny 2018 Marcel Mauri de los R\u00edos: \u201cL\u2019\u00fanica [&hellip;]<\/p>\n","protected":false},"author":1,"featured_media":0,"parent":27,"menu_order":84,"comment_status":"closed","ping_status":"closed","template":"","meta":{"_acf_changed":false,"footnotes":""},"class_list":["post-18105","page","type-page","status-publish","hentry"],"acf":[],"yoast_head":"<!-- This site is optimized with the Yoast SEO plugin v27.2 - https:\/\/yoast.com\/product\/yoast-seo-wordpress\/ -->\n<title>La Llan\u00e7a de Sant Jordi - \u00d2mnium Cultural<\/title>\n<meta name=\"robots\" content=\"index, follow, max-snippet:-1, max-image-preview:large, max-video-preview:-1\" \/>\n<link rel=\"canonical\" href=\"https:\/\/www.omnium.cat\/ca\/projectes\/llanca-sant-jordi\/\" \/>\n<meta name=\"twitter:label1\" content=\"Temps estimat de lectura\" \/>\n\t<meta name=\"twitter:data1\" content=\"2 minuts\" \/>\n<script type=\"application\/ld+json\" class=\"yoast-schema-graph\">{\"@context\":\"https:\/\/schema.org\",\"@graph\":[{\"@type\":\"WebPage\",\"@id\":\"https:\/\/www.omnium.cat\/ca\/projectes\/llanca-sant-jordi\/\",\"url\":\"https:\/\/www.omnium.cat\/ca\/projectes\/llanca-sant-jordi\/\",\"name\":\"La Llan\u00e7a de Sant Jordi - \u00d2mnium Cultural\",\"isPartOf\":{\"@id\":\"https:\/\/www.omnium.cat\/ca\/#website\"},\"primaryImageOfPage\":{\"@id\":\"https:\/\/www.omnium.cat\/ca\/projectes\/llanca-sant-jordi\/#primaryimage\"},\"image\":{\"@id\":\"https:\/\/www.omnium.cat\/ca\/projectes\/llanca-sant-jordi\/#primaryimage\"},\"thumbnailUrl\":\"https:\/\/web.omnium.cat\/wp-content\/uploads\/Flama-la-Marina-700x400.jpg\",\"datePublished\":\"2018-06-01T12:01:54+00:00\",\"dateModified\":\"2018-06-28T15:41:40+00:00\",\"breadcrumb\":{\"@id\":\"https:\/\/www.omnium.cat\/ca\/projectes\/llanca-sant-jordi\/#breadcrumb\"},\"inLanguage\":\"ca\",\"potentialAction\":[{\"@type\":\"ReadAction\",\"target\":[\"https:\/\/www.omnium.cat\/ca\/projectes\/llanca-sant-jordi\/\"]}]},{\"@type\":\"ImageObject\",\"inLanguage\":\"ca\",\"@id\":\"https:\/\/www.omnium.cat\/ca\/projectes\/llanca-sant-jordi\/#primaryimage\",\"url\":\"https:\/\/web.omnium.cat\/wp-content\/uploads\/Flama-la-Marina-700x400.jpg\",\"contentUrl\":\"https:\/\/web.omnium.cat\/wp-content\/uploads\/Flama-la-Marina-700x400.jpg\"},{\"@type\":\"BreadcrumbList\",\"@id\":\"https:\/\/www.omnium.cat\/ca\/projectes\/llanca-sant-jordi\/#breadcrumb\",\"itemListElement\":[{\"@type\":\"ListItem\",\"position\":1,\"name\":\"Inici\",\"item\":\"https:\/\/www.omnium.cat\/ca\/\"},{\"@type\":\"ListItem\",\"position\":2,\"name\":\"Projectes\",\"item\":\"https:\/\/www.omnium.cat\/ca\/projectes\/\"},{\"@type\":\"ListItem\",\"position\":3,\"name\":\"La Llan\u00e7a de Sant Jordi\"}]},{\"@type\":\"WebSite\",\"@id\":\"https:\/\/www.omnium.cat\/ca\/#website\",\"url\":\"https:\/\/www.omnium.cat\/ca\/\",\"name\":\"\u00d2mnium Cultural\",\"description\":\"Llengua Cultura Pa\u00eds\",\"publisher\":{\"@id\":\"https:\/\/www.omnium.cat\/ca\/#organization\"},\"potentialAction\":[{\"@type\":\"SearchAction\",\"target\":{\"@type\":\"EntryPoint\",\"urlTemplate\":\"https:\/\/www.omnium.cat\/ca\/?s={search_term_string}\"},\"query-input\":{\"@type\":\"PropertyValueSpecification\",\"valueRequired\":true,\"valueName\":\"search_term_string\"}}],\"inLanguage\":\"ca\"},{\"@type\":\"Organization\",\"@id\":\"https:\/\/www.omnium.cat\/ca\/#organization\",\"name\":\"\u00d2mnium Cultural\",\"url\":\"https:\/\/www.omnium.cat\/ca\/\",\"logo\":{\"@type\":\"ImageObject\",\"inLanguage\":\"ca\",\"@id\":\"https:\/\/www.omnium.cat\/ca\/#\/schema\/logo\/image\/\",\"url\":\"https:\/\/cdn.omnium.cat\/wp-content\/uploads\/2019\/06\/01112517\/cropped-omnium_logo-1.png\",\"contentUrl\":\"https:\/\/cdn.omnium.cat\/wp-content\/uploads\/2019\/06\/01112517\/cropped-omnium_logo-1.png\",\"width\":1213,\"height\":262,\"caption\":\"\u00d2mnium Cultural\"},\"image\":{\"@id\":\"https:\/\/www.omnium.cat\/ca\/#\/schema\/logo\/image\/\"},\"sameAs\":[\"https:\/\/www.facebook.com\/omniumcultural\",\"https:\/\/x.com\/omnium\",\"https:\/\/www.instagram.com\/omniumcultural\/\",\"https:\/\/www.youtube.com\/user\/omniumcultural\"]}]}<\/script>\n<!-- \/ Yoast SEO plugin. -->","yoast_head_json":{"title":"La Llan\u00e7a de Sant Jordi - \u00d2mnium Cultural","robots":{"index":"index","follow":"follow","max-snippet":"max-snippet:-1","max-image-preview":"max-image-preview:large","max-video-preview":"max-video-preview:-1"},"canonical":"https:\/\/www.omnium.cat\/ca\/projectes\/llanca-sant-jordi\/","twitter_misc":{"Temps estimat de lectura":"2 minuts"},"schema":{"@context":"https:\/\/schema.org","@graph":[{"@type":"WebPage","@id":"https:\/\/www.omnium.cat\/ca\/projectes\/llanca-sant-jordi\/","url":"https:\/\/www.omnium.cat\/ca\/projectes\/llanca-sant-jordi\/","name":"La Llan\u00e7a de Sant Jordi - \u00d2mnium Cultural","isPartOf":{"@id":"https:\/\/www.omnium.cat\/ca\/#website"},"primaryImageOfPage":{"@id":"https:\/\/www.omnium.cat\/ca\/projectes\/llanca-sant-jordi\/#primaryimage"},"image":{"@id":"https:\/\/www.omnium.cat\/ca\/projectes\/llanca-sant-jordi\/#primaryimage"},"thumbnailUrl":"https:\/\/web.omnium.cat\/wp-content\/uploads\/Flama-la-Marina-700x400.jpg","datePublished":"2018-06-01T12:01:54+00:00","dateModified":"2018-06-28T15:41:40+00:00","breadcrumb":{"@id":"https:\/\/www.omnium.cat\/ca\/projectes\/llanca-sant-jordi\/#breadcrumb"},"inLanguage":"ca","potentialAction":[{"@type":"ReadAction","target":["https:\/\/www.omnium.cat\/ca\/projectes\/llanca-sant-jordi\/"]}]},{"@type":"ImageObject","inLanguage":"ca","@id":"https:\/\/www.omnium.cat\/ca\/projectes\/llanca-sant-jordi\/#primaryimage","url":"https:\/\/web.omnium.cat\/wp-content\/uploads\/Flama-la-Marina-700x400.jpg","contentUrl":"https:\/\/web.omnium.cat\/wp-content\/uploads\/Flama-la-Marina-700x400.jpg"},{"@type":"BreadcrumbList","@id":"https:\/\/www.omnium.cat\/ca\/projectes\/llanca-sant-jordi\/#breadcrumb","itemListElement":[{"@type":"ListItem","position":1,"name":"Inici","item":"https:\/\/www.omnium.cat\/ca\/"},{"@type":"ListItem","position":2,"name":"Projectes","item":"https:\/\/www.omnium.cat\/ca\/projectes\/"},{"@type":"ListItem","position":3,"name":"La Llan\u00e7a de Sant Jordi"}]},{"@type":"WebSite","@id":"https:\/\/www.omnium.cat\/ca\/#website","url":"https:\/\/www.omnium.cat\/ca\/","name":"\u00d2mnium Cultural","description":"Llengua Cultura Pa\u00eds","publisher":{"@id":"https:\/\/www.omnium.cat\/ca\/#organization"},"potentialAction":[{"@type":"SearchAction","target":{"@type":"EntryPoint","urlTemplate":"https:\/\/www.omnium.cat\/ca\/?s={search_term_string}"},"query-input":{"@type":"PropertyValueSpecification","valueRequired":true,"valueName":"search_term_string"}}],"inLanguage":"ca"},{"@type":"Organization","@id":"https:\/\/www.omnium.cat\/ca\/#organization","name":"\u00d2mnium Cultural","url":"https:\/\/www.omnium.cat\/ca\/","logo":{"@type":"ImageObject","inLanguage":"ca","@id":"https:\/\/www.omnium.cat\/ca\/#\/schema\/logo\/image\/","url":"https:\/\/cdn.omnium.cat\/wp-content\/uploads\/2019\/06\/01112517\/cropped-omnium_logo-1.png","contentUrl":"https:\/\/cdn.omnium.cat\/wp-content\/uploads\/2019\/06\/01112517\/cropped-omnium_logo-1.png","width":1213,"height":262,"caption":"\u00d2mnium Cultural"},"image":{"@id":"https:\/\/www.omnium.cat\/ca\/#\/schema\/logo\/image\/"},"sameAs":["https:\/\/www.facebook.com\/omniumcultural","https:\/\/x.com\/omnium","https:\/\/www.instagram.com\/omniumcultural\/","https:\/\/www.youtube.com\/user\/omniumcultural"]}]}},"_links":{"self":[{"href":"https:\/\/www.omnium.cat\/ca\/wp-json\/wp\/v2\/pages\/18105","targetHints":{"allow":["GET"]}}],"collection":[{"href":"https:\/\/www.omnium.cat\/ca\/wp-json\/wp\/v2\/pages"}],"about":[{"href":"https:\/\/www.omnium.cat\/ca\/wp-json\/wp\/v2\/types\/page"}],"author":[{"embeddable":true,"href":"https:\/\/www.omnium.cat\/ca\/wp-json\/wp\/v2\/users\/1"}],"replies":[{"embeddable":true,"href":"https:\/\/www.omnium.cat\/ca\/wp-json\/wp\/v2\/comments?post=18105"}],"version-history":[{"count":4,"href":"https:\/\/www.omnium.cat\/ca\/wp-json\/wp\/v2\/pages\/18105\/revisions"}],"predecessor-version":[{"id":166327,"href":"https:\/\/www.omnium.cat\/ca\/wp-json\/wp\/v2\/pages\/18105\/revisions\/166327"}],"up":[{"embeddable":true,"href":"https:\/\/www.omnium.cat\/ca\/wp-json\/wp\/v2\/pages\/27"}],"wp:attachment":[{"href":"https:\/\/www.omnium.cat\/ca\/wp-json\/wp\/v2\/media?parent=18105"}],"curies":[{"name":"wp","href":"https:\/\/api.w.org\/{rel}","templated":true}]}}