{"id":18531,"date":"2018-06-02T14:22:16","date_gmt":"2018-06-02T12:22:16","guid":{"rendered":"http:\/\/omnium.whads.com\/projectes\/flama-canigo\/permisos-i-protcols\/"},"modified":"2026-03-26T18:47:43","modified_gmt":"2026-03-26T17:47:43","slug":"permisos-i-protcols","status":"publish","type":"page","link":"https:\/\/www.omnium.cat\/ca\/projectes\/flama-canigo\/permisos-i-protcols\/","title":{"rendered":"Permisos i protocols (Flama Canig\u00f3)"},"content":{"rendered":"\t\t<div data-elementor-type=\"wp-post\" data-elementor-id=\"18531\" class=\"elementor elementor-18531\" data-elementor-post-type=\"page\">\n\t\t\t\t\t\t<section class=\"elementor-section elementor-top-section elementor-element elementor-element-13fe478 elementor-section-boxed elementor-section-height-default elementor-section-height-default fullpage-js-section-no fullpage-js-position-centered background-video-grayscale-no\" data-id=\"13fe478\" data-element_type=\"section\" data-e-type=\"section\">\n\t\t\t\t\t\t<div class=\"elementor-container elementor-column-gap-default\">\n\t\t\t\t\t<div class=\"elementor-column elementor-col-33 elementor-top-column elementor-element elementor-element-47b4a31\" data-id=\"47b4a31\" data-element_type=\"column\" data-e-type=\"column\">\n\t\t\t<div class=\"elementor-widget-wrap\">\n\t\t\t\t\t\t\t<\/div>\n\t\t<\/div>\n\t\t\t\t<div class=\"elementor-column elementor-col-33 elementor-top-column elementor-element elementor-element-83b8088\" data-id=\"83b8088\" data-element_type=\"column\" data-e-type=\"column\">\n\t\t\t<div class=\"elementor-widget-wrap elementor-element-populated\">\n\t\t\t\t\t\t<div class=\"elementor-element elementor-element-7638eba elementor-widget elementor-widget-text-editor\" data-id=\"7638eba\" data-element_type=\"widget\" data-e-type=\"widget\" data-widget_type=\"text-editor.default\">\n\t\t\t\t<div class=\"elementor-widget-container\">\n\t\t\t\t\t\t\t\t\t<p>Des de l&#8217;arribada de la pand\u00e8mia, l&#8217;administraci\u00f3 francesa ha canviat els permisos i protocols habituals. Llegiu atentament les indicacions per aquest any 2026:<\/p>\n<p><strong>Regeneraci\u00f3:<\/strong><\/p>\n<p>Actualment est\u00e0 prohibit l\u2019acc\u00e9s al cim en cotxes i, per tant, l\u2019\u00fanica manera d\u2019accedir-hi \u00e9s a peu (un m\u00ednim de 6-7h de pujada i 6h de baixada). A aquests fets, cal afegir una limitaci\u00f3 imposada pel Grand Site del Canig\u00f3 de concentraci\u00f3 de persones al cim.&nbsp;<span style=\"font-size: inherit;\">Per tant, com ja s&#8217;ha fet aquests darrers anys, <\/span><strong style=\"font-size: inherit;\">nom\u00e9s podran accedir al cim un grup redu\u00eft de persones en<\/strong> <strong style=\"font-size: inherit;\">representaci\u00f3 de tots els equips de foc inscrits.<\/strong><span style=\"font-size: inherit;\"> La comissi\u00f3 de la regeneraci\u00f3 decidir\u00e0 qui seran aquests representants a partir de criteris de seguretat, equilibri entre Principat i Catalunya Nord, paritat i altres requisits pel bon funcionament.&nbsp;<\/span><\/p>\n<p data-start=\"73\" data-end=\"320\"><span style=\"font-style: normal; font-variant-ligatures: normal; font-variant-caps: normal; font-weight: 300; font-family: 'Roboto Slab', sans-serif; font-size: 16px;\">Des de l\u2019organitzaci\u00f3 activarem a principis de maig un&nbsp;<\/span><span style=\"font-style: normal; font-variant-ligatures: normal; font-variant-caps: normal; font-weight: bold; font-family: 'Roboto Slab', sans-serif; font-size: 16px; color: #333333;\">formulari d\u2019inscripci\u00f3<\/span><span style=\"font-style: normal; font-variant-ligatures: normal; font-variant-caps: normal; font-weight: 300; font-family: 'Roboto Slab', sans-serif; font-size: 16px;\">&nbsp;perqu\u00e8 els equips de foc que fan arribar la Flama al seu poble puguin registrar-se per participar en l\u2019ascensi\u00f3 al cim.&nbsp;<\/span><span style=\"font-style: normal; font-variant-ligatures: normal; font-variant-caps: normal; font-weight: 300; font-family: 'Roboto Slab', sans-serif; font-size: inherit; color: inherit;\">Un cop estigui disponible, el formulari es podr\u00e0 trobar en aquesta mateixa p\u00e0gina web.<\/span><\/p>\n<p data-start=\"401\" data-end=\"489\"><span style=\"color: inherit; font-size: inherit;\">Podeu escriure un correu a seguretat@feec.cat per m\u00e9s informaci\u00f3 de les condicions de<\/span><span style=\"color: inherit; font-size: inherit;\">&nbsp;seguretat en l&#8217;ascensi\u00f3 al cim.<\/span><\/p>\n<p><span style=\"font-size: inherit;\">&nbsp;<\/span><\/p>\n<p style=\"font-family: 'Roboto Slab', sans-serif; font-style: normal; font-variant-caps: normal; font-size: 16px; color: #000000;\"><span style=\"font-size: 16px;\"><span style=\"font-weight: 600; font-size: 16px; color: #333333;\">Distribuci\u00f3:<\/span>&nbsp;<\/span>&nbsp;<\/p>\n<p style=\"font-family: 'Roboto Slab', sans-serif; font-style: normal; font-variant-caps: normal; font-size: 16px; color: #000000;\"><span style=\"font-family: 'Roboto Slab', sans-serif; font-style: normal; font-size: 16px;\">El perm\u00eds per poder transportar la flama a qualsevol punt del territori \u00e9s obligatori,. Aix\u00ed doncs, &nbsp;en el marc de la prevenci\u00f3 d\u2019incendis forestals, \u00e9s necessari inscriure\u2019s al formulari de&nbsp;<\/span><span style=\"font-family: 'Roboto Slab', sans-serif; font-style: normal; font-size: 16px;\"><b style=\"font-size: 16px;\">situa la teva flama al mapa&nbsp;<\/b><\/span><span style=\"font-family: 'Roboto Slab', sans-serif; font-style: normal; font-size: 16px;\">per tenir registrats tots els punts pels que passa la Flama i tamb\u00e9 el <b>formulari que activen els Agents Rurals<\/b> pel perm\u00eds de portadors.<\/span><\/p>\n<p style=\"font-family: 'Roboto Slab', sans-serif; font-style: normal; font-variant-caps: normal; font-size: 16px; color: #000000;\">A&nbsp; l\u2019enlla\u00e7 seg\u00fcent trobareu el formulari que heu d\u2019omplir per tal de formalitzar la vostra inscripci\u00f3 i el formulari dels Agents Rurals que cobreix els portadors de la Flama:<\/p>\t\t\t\t\t\t\t\t<\/div>\n\t\t\t\t<\/div>\n\t\t\t\t<div class=\"elementor-element elementor-element-e69000d elementor-align-center elementor-widget__width-initial elementor-widget elementor-widget-button\" data-id=\"e69000d\" data-element_type=\"widget\" data-e-type=\"widget\" data-widget_type=\"button.default\">\n\t\t\t\t<div class=\"elementor-widget-container\">\n\t\t\t\t\t\t\t\t\t<div class=\"elementor-button-wrapper\">\n\t\t\t\t\t<a class=\"elementor-button elementor-button-link elementor-size-sm\" href=\"https:\/\/docs.google.com\/forms\/d\/e\/1FAIpQLSfW6fBA2xNoU77AUyX0a0OwLYUk-Yj854eVXgyWbMd2OrLwEA\/viewform\" target=\"_blank\">\n\t\t\t\t\t\t<span class=\"elementor-button-content-wrapper\">\n\t\t\t\t\t\t\t\t\t<span class=\"elementor-button-text\">Situa la teva Flama al mapa 2026<\/span>\n\t\t\t\t\t<\/span>\n\t\t\t\t\t<\/a>\n\t\t\t\t<\/div>\n\t\t\t\t\t\t\t\t<\/div>\n\t\t\t\t<\/div>\n\t\t\t\t<div class=\"elementor-element elementor-element-f641367 elementor-widget elementor-widget-spacer\" data-id=\"f641367\" data-element_type=\"widget\" data-e-type=\"widget\" data-widget_type=\"spacer.default\">\n\t\t\t\t<div class=\"elementor-widget-container\">\n\t\t\t\t\t\t\t<div class=\"elementor-spacer\">\n\t\t\t<div class=\"elementor-spacer-inner\"><\/div>\n\t\t<\/div>\n\t\t\t\t\t\t<\/div>\n\t\t\t\t<\/div>\n\t\t\t\t<div class=\"elementor-element elementor-element-6f905c5 elementor-align-center elementor-widget__width-initial elementor-widget elementor-widget-button\" data-id=\"6f905c5\" data-element_type=\"widget\" data-e-type=\"widget\" data-widget_type=\"button.default\">\n\t\t\t\t<div class=\"elementor-widget-container\">\n\t\t\t\t\t\t\t\t\t<div class=\"elementor-button-wrapper\">\n\t\t\t\t\t<a class=\"elementor-button elementor-button-link elementor-size-sm\" href=\"https:\/\/forms.office.com\/Pages\/ResponsePage.aspx?id=3CeUOw7TvEOMBv9yU2dv7JvAM-7Wz4BKka9eII1XGqpURE1BTlVRQzZPNDdUTEIwS1RMR0VESjY5Ui4u&#038;origin=QRCode\">\n\t\t\t\t\t\t<span class=\"elementor-button-content-wrapper\">\n\t\t\t\t\t\t\t\t\t<span class=\"elementor-button-text\">Perm\u00eds de portadors (Agents Rurals)<\/span>\n\t\t\t\t\t<\/span>\n\t\t\t\t\t<\/a>\n\t\t\t\t<\/div>\n\t\t\t\t\t\t\t\t<\/div>\n\t\t\t\t<\/div>\n\t\t\t\t\t<\/div>\n\t\t<\/div>\n\t\t\t\t<div class=\"elementor-column elementor-col-33 elementor-top-column elementor-element elementor-element-d631a75\" data-id=\"d631a75\" data-element_type=\"column\" data-e-type=\"column\">\n\t\t\t<div class=\"elementor-widget-wrap\">\n\t\t\t\t\t\t\t<\/div>\n\t\t<\/div>\n\t\t\t\t\t<\/div>\n\t\t<\/section>\n\t\t\t\t<section class=\"elementor-section elementor-top-section elementor-element elementor-element-72e8b6d elementor-section-boxed elementor-section-height-default elementor-section-height-default fullpage-js-section-no fullpage-js-position-centered background-video-grayscale-no\" data-id=\"72e8b6d\" data-element_type=\"section\" data-e-type=\"section\">\n\t\t\t\t\t\t<div class=\"elementor-container elementor-column-gap-default\">\n\t\t\t\t\t<div class=\"elementor-column elementor-col-100 elementor-top-column elementor-element elementor-element-bd9f77f\" data-id=\"bd9f77f\" data-element_type=\"column\" data-e-type=\"column\">\n\t\t\t<div class=\"elementor-widget-wrap elementor-element-populated\">\n\t\t\t\t\t\t<div class=\"elementor-element elementor-element-10c5ac0 elementor-widget elementor-widget-spacer\" data-id=\"10c5ac0\" data-element_type=\"widget\" data-e-type=\"widget\" data-widget_type=\"spacer.default\">\n\t\t\t\t<div class=\"elementor-widget-container\">\n\t\t\t\t\t\t\t<div class=\"elementor-spacer\">\n\t\t\t<div class=\"elementor-spacer-inner\"><\/div>\n\t\t<\/div>\n\t\t\t\t\t\t<\/div>\n\t\t\t\t<\/div>\n\t\t\t\t\t<\/div>\n\t\t<\/div>\n\t\t\t\t\t<\/div>\n\t\t<\/section>\n\t\t\t\t<section class=\"elementor-section elementor-top-section elementor-element elementor-element-3bee283 elementor-section-boxed elementor-section-height-default elementor-section-height-default fullpage-js-section-no fullpage-js-position-centered background-video-grayscale-no\" data-id=\"3bee283\" data-element_type=\"section\" data-e-type=\"section\">\n\t\t\t\t\t\t<div class=\"elementor-container elementor-column-gap-default\">\n\t\t\t\t\t<div class=\"elementor-column elementor-col-33 elementor-top-column elementor-element elementor-element-a6b3bc9\" data-id=\"a6b3bc9\" data-element_type=\"column\" data-e-type=\"column\">\n\t\t\t<div class=\"elementor-widget-wrap\">\n\t\t\t\t\t\t\t<\/div>\n\t\t<\/div>\n\t\t\t\t<div class=\"elementor-column elementor-col-33 elementor-top-column elementor-element elementor-element-9565481\" data-id=\"9565481\" data-element_type=\"column\" data-e-type=\"column\">\n\t\t\t<div class=\"elementor-widget-wrap elementor-element-populated\">\n\t\t\t\t\t\t<div class=\"elementor-element elementor-element-c6ba2be elementor-widget__width-initial elementor-widget elementor-widget-text-editor\" data-id=\"c6ba2be\" data-element_type=\"widget\" data-e-type=\"widget\" data-widget_type=\"text-editor.default\">\n\t\t\t\t<div class=\"elementor-widget-container\">\n\t\t\t\t\t\t\t\t\t<p><span style=\"color: #333333; font-size: 16px; font-weight: 600;\">\u00a0Coll d\u2019Ares:<\/span><\/p><p style=\"font-style: normal; font-weight: 300; font-family: 'Roboto Slab', sans-serif; font-size: 16px; color: #000000;\">At\u00e8s que molt poques persones podran accedir al cim, i aprofitant que a Coll d\u2019Ares ja es fa hist\u00f2ricament un acte d\u2019arribada i distribuci\u00f3 de la flama, <span style=\"font-weight: 600; font-size: 16px; color: #333333;\">aquest any, com ja es va fer l\u2019any passat, es vetllar\u00e0 per a que aquesta hi arribi a primera hora del mat\u00ed i hi hagi activitats durant tot el dia<\/span>. La flama hi arribar\u00e0 cap a les 6.30 h del mat\u00ed.\u00a0<\/p><p style=\"font-style: normal; font-weight: 300; font-family: 'Roboto Slab', sans-serif; font-size: 16px; color: #000000;\">\u00a0<\/p>\t\t\t\t\t\t\t\t<\/div>\n\t\t\t\t<\/div>\n\t\t\t\t\t<\/div>\n\t\t<\/div>\n\t\t\t\t<div class=\"elementor-column elementor-col-33 elementor-top-column elementor-element elementor-element-278692e\" data-id=\"278692e\" data-element_type=\"column\" data-e-type=\"column\">\n\t\t\t<div class=\"elementor-widget-wrap\">\n\t\t\t\t\t\t\t<\/div>\n\t\t<\/div>\n\t\t\t\t\t<\/div>\n\t\t<\/section>\n\t\t\t\t<\/div>\n\t\t","protected":false},"excerpt":{"rendered":"<p>Des de l&#8217;arribada de la pand\u00e8mia, l&#8217;administraci\u00f3 francesa ha canviat els permisos i protocols habituals. Llegiu atentament les indicacions per aquest any 2026: Regeneraci\u00f3: Actualment est\u00e0 prohibit l\u2019acc\u00e9s al cim [&hellip;]<\/p>\n","protected":false},"author":1,"featured_media":0,"parent":17384,"menu_order":-2,"comment_status":"closed","ping_status":"closed","template":"","meta":{"_acf_changed":false,"footnotes":""},"class_list":["post-18531","page","type-page","status-publish","hentry"],"acf":[],"yoast_head":"<!-- This site is optimized with the Yoast SEO plugin v27.2 - https:\/\/yoast.com\/product\/yoast-seo-wordpress\/ -->\n<title>Permisos i protocols (Flama Canig\u00f3) - \u00d2mnium Cultural<\/title>\n<meta name=\"robots\" content=\"index, follow, max-snippet:-1, max-image-preview:large, max-video-preview:-1\" \/>\n<link rel=\"canonical\" href=\"https:\/\/www.omnium.cat\/ca\/projectes\/flama-canigo\/permisos-i-protcols\/\" \/>\n<meta name=\"twitter:label1\" content=\"Temps estimat de lectura\" \/>\n\t<meta name=\"twitter:data1\" content=\"2 minuts\" \/>\n<script type=\"application\/ld+json\" class=\"yoast-schema-graph\">{\"@context\":\"https:\/\/schema.org\",\"@graph\":[{\"@type\":\"WebPage\",\"@id\":\"https:\/\/www.omnium.cat\/ca\/projectes\/flama-canigo\/permisos-i-protcols\/\",\"url\":\"https:\/\/www.omnium.cat\/ca\/projectes\/flama-canigo\/permisos-i-protcols\/\",\"name\":\"Permisos i protocols (Flama Canig\u00f3) - \u00d2mnium Cultural\",\"isPartOf\":{\"@id\":\"https:\/\/www.omnium.cat\/ca\/#website\"},\"datePublished\":\"2018-06-02T12:22:16+00:00\",\"dateModified\":\"2026-03-26T17:47:43+00:00\",\"breadcrumb\":{\"@id\":\"https:\/\/www.omnium.cat\/ca\/projectes\/flama-canigo\/permisos-i-protcols\/#breadcrumb\"},\"inLanguage\":\"ca\",\"potentialAction\":[{\"@type\":\"ReadAction\",\"target\":[\"https:\/\/www.omnium.cat\/ca\/projectes\/flama-canigo\/permisos-i-protcols\/\"]}]},{\"@type\":\"BreadcrumbList\",\"@id\":\"https:\/\/www.omnium.cat\/ca\/projectes\/flama-canigo\/permisos-i-protcols\/#breadcrumb\",\"itemListElement\":[{\"@type\":\"ListItem\",\"position\":1,\"name\":\"Inici\",\"item\":\"https:\/\/www.omnium.cat\/ca\/\"},{\"@type\":\"ListItem\",\"position\":2,\"name\":\"Projectes\",\"item\":\"https:\/\/www.omnium.cat\/ca\/projectes\/\"},{\"@type\":\"ListItem\",\"position\":3,\"name\":\"Flama del Canig\u00f3\",\"item\":\"https:\/\/www.omnium.cat\/ca\/projectes\/flama-canigo\/\"},{\"@type\":\"ListItem\",\"position\":4,\"name\":\"Permisos i protocols (Flama Canig\u00f3)\"}]},{\"@type\":\"WebSite\",\"@id\":\"https:\/\/www.omnium.cat\/ca\/#website\",\"url\":\"https:\/\/www.omnium.cat\/ca\/\",\"name\":\"\u00d2mnium Cultural\",\"description\":\"Llengua Cultura Pa\u00eds\",\"publisher\":{\"@id\":\"https:\/\/www.omnium.cat\/ca\/#organization\"},\"potentialAction\":[{\"@type\":\"SearchAction\",\"target\":{\"@type\":\"EntryPoint\",\"urlTemplate\":\"https:\/\/www.omnium.cat\/ca\/?s={search_term_string}\"},\"query-input\":{\"@type\":\"PropertyValueSpecification\",\"valueRequired\":true,\"valueName\":\"search_term_string\"}}],\"inLanguage\":\"ca\"},{\"@type\":\"Organization\",\"@id\":\"https:\/\/www.omnium.cat\/ca\/#organization\",\"name\":\"\u00d2mnium Cultural\",\"url\":\"https:\/\/www.omnium.cat\/ca\/\",\"logo\":{\"@type\":\"ImageObject\",\"inLanguage\":\"ca\",\"@id\":\"https:\/\/www.omnium.cat\/ca\/#\/schema\/logo\/image\/\",\"url\":\"https:\/\/cdn.omnium.cat\/wp-content\/uploads\/2019\/06\/01112517\/cropped-omnium_logo-1.png\",\"contentUrl\":\"https:\/\/cdn.omnium.cat\/wp-content\/uploads\/2019\/06\/01112517\/cropped-omnium_logo-1.png\",\"width\":1213,\"height\":262,\"caption\":\"\u00d2mnium Cultural\"},\"image\":{\"@id\":\"https:\/\/www.omnium.cat\/ca\/#\/schema\/logo\/image\/\"},\"sameAs\":[\"https:\/\/www.facebook.com\/omniumcultural\",\"https:\/\/x.com\/omnium\",\"https:\/\/www.instagram.com\/omniumcultural\/\",\"https:\/\/www.youtube.com\/user\/omniumcultural\"]}]}<\/script>\n<!-- \/ Yoast SEO plugin. -->","yoast_head_json":{"title":"Permisos i protocols (Flama Canig\u00f3) - \u00d2mnium Cultural","robots":{"index":"index","follow":"follow","max-snippet":"max-snippet:-1","max-image-preview":"max-image-preview:large","max-video-preview":"max-video-preview:-1"},"canonical":"https:\/\/www.omnium.cat\/ca\/projectes\/flama-canigo\/permisos-i-protcols\/","twitter_misc":{"Temps estimat de lectura":"2 minuts"},"schema":{"@context":"https:\/\/schema.org","@graph":[{"@type":"WebPage","@id":"https:\/\/www.omnium.cat\/ca\/projectes\/flama-canigo\/permisos-i-protcols\/","url":"https:\/\/www.omnium.cat\/ca\/projectes\/flama-canigo\/permisos-i-protcols\/","name":"Permisos i protocols (Flama Canig\u00f3) - \u00d2mnium Cultural","isPartOf":{"@id":"https:\/\/www.omnium.cat\/ca\/#website"},"datePublished":"2018-06-02T12:22:16+00:00","dateModified":"2026-03-26T17:47:43+00:00","breadcrumb":{"@id":"https:\/\/www.omnium.cat\/ca\/projectes\/flama-canigo\/permisos-i-protcols\/#breadcrumb"},"inLanguage":"ca","potentialAction":[{"@type":"ReadAction","target":["https:\/\/www.omnium.cat\/ca\/projectes\/flama-canigo\/permisos-i-protcols\/"]}]},{"@type":"BreadcrumbList","@id":"https:\/\/www.omnium.cat\/ca\/projectes\/flama-canigo\/permisos-i-protcols\/#breadcrumb","itemListElement":[{"@type":"ListItem","position":1,"name":"Inici","item":"https:\/\/www.omnium.cat\/ca\/"},{"@type":"ListItem","position":2,"name":"Projectes","item":"https:\/\/www.omnium.cat\/ca\/projectes\/"},{"@type":"ListItem","position":3,"name":"Flama del Canig\u00f3","item":"https:\/\/www.omnium.cat\/ca\/projectes\/flama-canigo\/"},{"@type":"ListItem","position":4,"name":"Permisos i protocols (Flama Canig\u00f3)"}]},{"@type":"WebSite","@id":"https:\/\/www.omnium.cat\/ca\/#website","url":"https:\/\/www.omnium.cat\/ca\/","name":"\u00d2mnium Cultural","description":"Llengua Cultura Pa\u00eds","publisher":{"@id":"https:\/\/www.omnium.cat\/ca\/#organization"},"potentialAction":[{"@type":"SearchAction","target":{"@type":"EntryPoint","urlTemplate":"https:\/\/www.omnium.cat\/ca\/?s={search_term_string}"},"query-input":{"@type":"PropertyValueSpecification","valueRequired":true,"valueName":"search_term_string"}}],"inLanguage":"ca"},{"@type":"Organization","@id":"https:\/\/www.omnium.cat\/ca\/#organization","name":"\u00d2mnium Cultural","url":"https:\/\/www.omnium.cat\/ca\/","logo":{"@type":"ImageObject","inLanguage":"ca","@id":"https:\/\/www.omnium.cat\/ca\/#\/schema\/logo\/image\/","url":"https:\/\/cdn.omnium.cat\/wp-content\/uploads\/2019\/06\/01112517\/cropped-omnium_logo-1.png","contentUrl":"https:\/\/cdn.omnium.cat\/wp-content\/uploads\/2019\/06\/01112517\/cropped-omnium_logo-1.png","width":1213,"height":262,"caption":"\u00d2mnium Cultural"},"image":{"@id":"https:\/\/www.omnium.cat\/ca\/#\/schema\/logo\/image\/"},"sameAs":["https:\/\/www.facebook.com\/omniumcultural","https:\/\/x.com\/omnium","https:\/\/www.instagram.com\/omniumcultural\/","https:\/\/www.youtube.com\/user\/omniumcultural"]}]}},"_links":{"self":[{"href":"https:\/\/www.omnium.cat\/ca\/wp-json\/wp\/v2\/pages\/18531","targetHints":{"allow":["GET"]}}],"collection":[{"href":"https:\/\/www.omnium.cat\/ca\/wp-json\/wp\/v2\/pages"}],"about":[{"href":"https:\/\/www.omnium.cat\/ca\/wp-json\/wp\/v2\/types\/page"}],"author":[{"embeddable":true,"href":"https:\/\/www.omnium.cat\/ca\/wp-json\/wp\/v2\/users\/1"}],"replies":[{"embeddable":true,"href":"https:\/\/www.omnium.cat\/ca\/wp-json\/wp\/v2\/comments?post=18531"}],"version-history":[{"count":128,"href":"https:\/\/www.omnium.cat\/ca\/wp-json\/wp\/v2\/pages\/18531\/revisions"}],"predecessor-version":[{"id":453434,"href":"https:\/\/www.omnium.cat\/ca\/wp-json\/wp\/v2\/pages\/18531\/revisions\/453434"}],"up":[{"embeddable":true,"href":"https:\/\/www.omnium.cat\/ca\/wp-json\/wp\/v2\/pages\/17384"}],"wp:attachment":[{"href":"https:\/\/www.omnium.cat\/ca\/wp-json\/wp\/v2\/media?parent=18531"}],"curies":[{"name":"wp","href":"https:\/\/api.w.org\/{rel}","templated":true}]}}