{"id":186965,"date":"2019-03-08T13:11:11","date_gmt":"2019-03-08T12:11:11","guid":{"rendered":"https:\/\/www2.omnium.cat\/?page_id=186965"},"modified":"2025-02-10T13:24:23","modified_gmt":"2025-02-10T12:24:23","slug":"palmares","status":"publish","type":"page","link":"https:\/\/www.omnium.cat\/ca\/projectes\/premi-sant-jordi\/palmares\/","title":{"rendered":"Palmar\u00e8s (Premi Sant Jordi)"},"content":{"rendered":"\t\t<div data-elementor-type=\"wp-post\" data-elementor-id=\"186965\" class=\"elementor elementor-186965\" data-elementor-post-type=\"page\">\n\t\t\t\t\t\t<section class=\"elementor-section elementor-top-section elementor-element elementor-element-1f227a6 elementor-section-boxed elementor-section-height-default elementor-section-height-default fullpage-js-section-no fullpage-js-position-centered background-video-grayscale-no\" data-id=\"1f227a6\" data-element_type=\"section\" data-e-type=\"section\">\n\t\t\t\t\t\t<div class=\"elementor-container elementor-column-gap-default\">\n\t\t\t\t\t<div class=\"elementor-column elementor-col-25 elementor-top-column elementor-element elementor-element-ca390b5\" data-id=\"ca390b5\" data-element_type=\"column\" data-e-type=\"column\">\n\t\t\t<div class=\"elementor-widget-wrap\">\n\t\t\t\t\t\t\t<\/div>\n\t\t<\/div>\n\t\t\t\t<div class=\"elementor-column elementor-col-50 elementor-top-column elementor-element elementor-element-28c8ec2\" data-id=\"28c8ec2\" data-element_type=\"column\" data-e-type=\"column\">\n\t\t\t<div class=\"elementor-widget-wrap elementor-element-populated\">\n\t\t\t\t\t\t<div class=\"elementor-element elementor-element-99ba4f0 elementor-widget elementor-widget-heading\" data-id=\"99ba4f0\" data-element_type=\"widget\" data-e-type=\"widget\" data-widget_type=\"heading.default\">\n\t\t\t\t<div class=\"elementor-widget-container\">\n\t\t\t\t\t<h2 class=\"elementor-heading-title elementor-size-default\">Palmar\u00e8s<\/h2>\t\t\t\t<\/div>\n\t\t\t\t<\/div>\n\t\t\t\t<div class=\"elementor-element elementor-element-08e7051 elementor-widget elementor-widget-spacer\" data-id=\"08e7051\" data-element_type=\"widget\" data-e-type=\"widget\" data-widget_type=\"spacer.default\">\n\t\t\t\t<div class=\"elementor-widget-container\">\n\t\t\t\t\t\t\t<div class=\"elementor-spacer\">\n\t\t\t<div class=\"elementor-spacer-inner\"><\/div>\n\t\t<\/div>\n\t\t\t\t\t\t<\/div>\n\t\t\t\t<\/div>\n\t\t\t\t<div class=\"elementor-element elementor-element-2235f76 elementor-widget elementor-widget-text-editor\" data-id=\"2235f76\" data-element_type=\"widget\" data-e-type=\"widget\" data-widget_type=\"text-editor.default\">\n\t\t\t\t<div class=\"elementor-widget-container\">\n\t\t\t\t\t\t\t\t\t<p><strong>2024<\/strong> <em>Somi\u00e0vem una illa<\/em> de Roc Casagran<\/p><p><strong>2023<\/strong> <em>Confeti<\/em> de Jordi Punt\u00ed<\/p><p><strong>2022\u00a0<\/strong><em>Les nostres mares <\/em>de Gemma Ruiz Pal\u00e0<\/p><p><strong>2021 <\/strong><em>Morir-ne disset<\/em> de Sergi Belbel<\/p><p><strong>2020<\/strong> L&#8217;aigua que vols de V\u00edctor Garc\u00eda Tur<\/p><p><strong>2019<\/strong> <em>Les amistats tra\u00efdes<\/em> de David Nel\u00b7lo<\/p><p><strong>2<\/strong><b>018<\/b>\u00a0<em>Digues un desig<\/em>\u00a0de Jordi Cabr\u00e9<\/p><p><strong>2017<\/strong><em>Jo s\u00f3c aquell que va matar Franco<\/em>\u00a0de Joan-Llu\u00eds Llu\u00eds<\/p><p><strong>2016<\/strong>\u00a0<em>El set\u00e8 \u00e0ngel<\/em>\u00a0de David Cirici<\/p><p><strong>2015<\/strong>\u00a0<em>La vida sense Sara Amat<\/em>\u00a0de Pep Puig<\/p><p><strong>2014<\/strong>\u00a0<em>L&#8217;\u00e0guila negra<\/em>\u00a0de Joan Carreras<\/p><p><strong>2013<\/strong>\u00a0<em>Dies de frontera\u00a0<\/em>de Vicen\u00e7 Pag\u00e8s<\/p><p><strong>2012<\/strong>\u00a0<em>Plans de futur<\/em>\u00a0de M\u00e0rius Serra<\/p><p><strong>2011<\/strong>\u00a0<em>Crim de Sang\u00a0<\/em>de Sebasti\u00e0 Alzamora<\/p><p><em><strong>2010<\/strong>\u00a0L\u2019home de la maleta<\/em>\u00a0de Ramon Solsona<\/p><p><strong>2009<\/strong>\u00a0<em>Se sabr\u00e0 tot<\/em>\u00a0de Xavier Bosch<\/p><p><strong>2008<\/strong>\u00a0<em>El nas de Mussolini<\/em>\u00a0de Llu\u00eds-Anton Baulenas<\/p><p><strong>2007<\/strong>\u00a0<em>Les senyoretes de Lourdes<\/em>\u00a0de Pep Coll<\/p><p><strong>2006<\/strong>\u00a0<em>Sayonara Barcelona<\/em>\u00a0de Joaquim Pijoan<\/p><p><strong>2005\u00a0<\/strong><em>El metall impur\u00a0<\/em>de Juli\u00e0 de J\u00f2dar<\/p><p><strong>2004<\/strong>\u00a0<em>La ciutat invisible\u00a0<\/em>d\u2019Emili Rosales<\/p><p><strong>2003<\/strong>\u00a0<em>La meitat de l\u2019\u00e0nima<\/em>\u00a0de Carme Riera<\/p><p><strong>2002<\/strong>\u00a0<em>Purgatori<\/em>\u00a0de Joan Francesc Mira<\/p><p><strong>2001<\/strong>\u00a0<em>No miris enrere<\/em>\u00a0de David Castillo<\/p><p><strong>2000<\/strong>\u00a0<em>Sota la pols<\/em>\u00a0de Jordi Coca<\/p><p><strong>1999<\/strong>\u00a0<em>El Llibre de les Mosques<\/em>\u00a0d\u2019Emili Teixidor<\/p><p><strong>1998<\/strong>\u00a0<em>El Quincorn: Una historia rom\u00e0ntica<\/em>\u00a0de Miquel de Palol<\/p><p><strong>1997<\/strong>\u00a0<em>L\u2019atles furtiu<\/em>\u00a0d\u2019Alfred Bosch<\/p><p><strong>1996<\/strong>\u00a0<em>El misteri de Berl\u00edn\u00a0<\/em>de Jordi Mata<\/p><p><strong>1995<\/strong>\u00a0<em>Els fantasmes del Trianon<\/em>\u00a0de N\u00e8stor Luj\u00e1n<\/p><p><strong>1994<\/strong>\u00a0<em>Gr\u00e0cies per la propina<\/em>\u00a0de Ferran Torrent<\/p><p><strong>1993<\/strong>\u00a0<em>La salvatge<\/em>\u00a0d\u2019Isabel-Clara Sim\u00f3<\/p><p><strong>1992<\/strong>\u00a0<em>Cames de seda\u00a0<\/em>de Maria Merc\u00e8 Roca<\/p><p><strong>1991<\/strong>\u00a0<em>El sol de la tarda<\/em>\u00a0de Robert Saladrigas<\/p><p><strong>1990<\/strong>\u00a0<em>L\u00ednia trencada<\/em>\u00a0de Ferran Cremades i Arlandis<\/p><p><strong>1989<\/strong>\u00a0desert<\/p><p><strong>1988<\/strong>\u00a0<em>Retrat de Carme en penombra<\/em>\u00a0d\u2019Agust\u00ed Alcoberro<\/p><p><strong>1987<\/strong>\u00a0<em>Posicions<\/em>\u00a0de Ricard Creus<\/p><p><strong>1986<\/strong>\u00a0<em>Les primaveres i les tardors<\/em>\u00a0de Baltasar Porcel<\/p><p><strong>1985<\/strong>\u00a0<em>Els colors de l\u2019aigua<\/em>\u00a0d\u2019Isidre Grau<\/p><p><strong>1984<\/strong>\u00a0<em>Al meu cap una llosa<\/em>\u00a0d\u2019Olga Xirinacs<\/p><p><strong>1983<\/strong>\u00a0<em>La teranyina<\/em>\u00a0de Jaume Cabr\u00e9<\/p><p><strong>1982<\/strong>\u00a0<em>Christian<\/em>\u00a0d\u2019Antoni Pascual<\/p><p><strong>1981<\/strong>\u00a0<em>Evangeli gris<\/em>\u00a0de Vicen\u00e7 Villatoro<\/p><p><strong>1980<\/strong>\u00a0<em>L\u2019espectacle\u00a0<\/em>de Joan Mas i Bauz\u00e0<\/p><p><strong>1979<\/strong>\u00a0<em>La senyora\u00a0<\/em>d\u2019Antoni Mas<\/p><p><strong>1978<\/strong>\u00a0<em>Un home qualsevol\u00a0<\/em>de Jordi Carbonell i Tries<\/p><p><strong>1977<\/strong>\u00a0<em>Coll de serps<\/em>\u00a0de Ferran Cremades<\/p><p><strong>1976<\/strong>\u00a0E<em>l temps de les cireres<\/em>\u00a0de Montserrat Roig<\/p><p><strong>1975<\/strong>\u00a0<em>Un regne per a mi\u00a0<\/em>de Pau Faner<\/p><p><strong>1974\u00a0<\/strong><em>Pinyol tot salivat\u00a0<\/em>de Josep Albanell<\/p><p><strong>1973<\/strong>\u00a0<em>Morir quan cal<\/em> de Miquel \u00c0ngel Riera<\/p><p><strong>1972<\/strong>\u00a0<em>L\u2019enquesta del canal quatre<\/em>\u00a0d\u2019Avel\u00b7l\u00ed Art\u00eds-Gener<\/p><p><strong>1971<\/strong>\u00a0<em>Fes mem\u00f2ria, Biel<\/em>\u00a0de Vicen\u00e7 Riera i Llorca<\/p><p><strong>1970<\/strong>\u00a0<em>Nifades<\/em>\u00a0de Josep Maria Sonntag<\/p><p><strong>1969<\/strong>\u00a0desert<\/p><p><strong>1968<\/strong>\u00a0<em>Un lloc entre els morts<\/em>\u00a0de Maria Aur\u00e8lia Capmany<\/p><p><strong>1967<\/strong>\u00a0<em>39\u00ba a l\u2019ombra\u00a0<\/em>d\u2019Ant\u00f2nia Vicens<\/p><p><strong>1966<\/strong>\u00a0<em>El carrer de les Cam\u00e8lies<\/em>\u00a0de Merc\u00e8 Rodoreda<\/p><p><strong>1965<\/strong>\u00a0<em>La derrota<\/em>\u00a0d\u2019Estanislau Torres<\/p><p><strong>1964<\/strong>\u00a0<em>La visita<\/em>\u00a0de Ramon Folch i Camarasa<\/p><p><strong>1963<\/strong>\u00a0<em>L\u2019ombra de l\u2019atzavara<\/em>\u00a0de Pere Calders<\/p><p><strong>1962<\/strong>\u00a0<em>Balan\u00e7 fins a la matinada<\/em>\u00a0de Manuel de Pedrolo<\/p><p><strong>1961<\/strong>\u00a0<em>L\u2019\u00faltim repl<\/em>\u00e0\u00a0de Josep M. Espin\u00e0s<\/p><p><strong>1960<\/strong>\u00a0<em>Viure no \u00e9s f\u00e0cil<\/em>\u00a0d\u2019Enric Mass\u00f3<\/p>\t\t\t\t\t\t\t\t<\/div>\n\t\t\t\t<\/div>\n\t\t\t\t\t<\/div>\n\t\t<\/div>\n\t\t\t\t<div class=\"elementor-column elementor-col-25 elementor-top-column elementor-element elementor-element-04eb73c\" data-id=\"04eb73c\" data-element_type=\"column\" data-e-type=\"column\">\n\t\t\t<div class=\"elementor-widget-wrap\">\n\t\t\t\t\t\t\t<\/div>\n\t\t<\/div>\n\t\t\t\t\t<\/div>\n\t\t<\/section>\n\t\t\t\t<\/div>\n\t\t","protected":false},"excerpt":{"rendered":"<p>Palmar\u00e8s 2024 Somi\u00e0vem una illa de Roc Casagran 2023 Confeti de Jordi Punt\u00ed 2022\u00a0Les nostres mares de Gemma Ruiz Pal\u00e0 2021 Morir-ne disset de Sergi Belbel 2020 L&#8217;aigua que vols [&hellip;]<\/p>\n","protected":false},"author":154,"featured_media":0,"parent":226996,"menu_order":63,"comment_status":"closed","ping_status":"closed","template":"","meta":{"_acf_changed":false,"footnotes":""},"class_list":["post-186965","page","type-page","status-publish","hentry"],"acf":[],"yoast_head":"<!-- This site is optimized with the Yoast SEO plugin v27.2 - https:\/\/yoast.com\/product\/yoast-seo-wordpress\/ -->\n<title>Palmar\u00e8s (Premi Sant Jordi) - \u00d2mnium Cultural<\/title>\n<meta name=\"robots\" content=\"index, follow, max-snippet:-1, max-image-preview:large, max-video-preview:-1\" \/>\n<link rel=\"canonical\" href=\"https:\/\/www.omnium.cat\/ca\/projectes\/premi-sant-jordi\/palmares\/\" \/>\n<meta name=\"twitter:label1\" content=\"Temps estimat de lectura\" \/>\n\t<meta name=\"twitter:data1\" content=\"3 minuts\" \/>\n<script type=\"application\/ld+json\" class=\"yoast-schema-graph\">{\"@context\":\"https:\/\/schema.org\",\"@graph\":[{\"@type\":\"WebPage\",\"@id\":\"https:\/\/www.omnium.cat\/ca\/projectes\/premi-sant-jordi\/palmares\/\",\"url\":\"https:\/\/www.omnium.cat\/ca\/projectes\/premi-sant-jordi\/palmares\/\",\"name\":\"Palmar\u00e8s (Premi Sant Jordi) - \u00d2mnium Cultural\",\"isPartOf\":{\"@id\":\"https:\/\/www.omnium.cat\/ca\/#website\"},\"datePublished\":\"2019-03-08T12:11:11+00:00\",\"dateModified\":\"2025-02-10T12:24:23+00:00\",\"breadcrumb\":{\"@id\":\"https:\/\/www.omnium.cat\/ca\/projectes\/premi-sant-jordi\/palmares\/#breadcrumb\"},\"inLanguage\":\"ca\",\"potentialAction\":[{\"@type\":\"ReadAction\",\"target\":[\"https:\/\/www.omnium.cat\/ca\/projectes\/premi-sant-jordi\/palmares\/\"]}]},{\"@type\":\"BreadcrumbList\",\"@id\":\"https:\/\/www.omnium.cat\/ca\/projectes\/premi-sant-jordi\/palmares\/#breadcrumb\",\"itemListElement\":[{\"@type\":\"ListItem\",\"position\":1,\"name\":\"Inici\",\"item\":\"https:\/\/www.omnium.cat\/ca\/\"},{\"@type\":\"ListItem\",\"position\":2,\"name\":\"Projectes\",\"item\":\"https:\/\/www.omnium.cat\/ca\/projectes\/\"},{\"@type\":\"ListItem\",\"position\":3,\"name\":\"Premi Sant Jordi\",\"item\":\"https:\/\/www.omnium.cat\/ca\/projectes\/premi-sant-jordi\/\"},{\"@type\":\"ListItem\",\"position\":4,\"name\":\"Palmar\u00e8s (Premi Sant Jordi)\"}]},{\"@type\":\"WebSite\",\"@id\":\"https:\/\/www.omnium.cat\/ca\/#website\",\"url\":\"https:\/\/www.omnium.cat\/ca\/\",\"name\":\"\u00d2mnium Cultural\",\"description\":\"Llengua Cultura Pa\u00eds\",\"publisher\":{\"@id\":\"https:\/\/www.omnium.cat\/ca\/#organization\"},\"potentialAction\":[{\"@type\":\"SearchAction\",\"target\":{\"@type\":\"EntryPoint\",\"urlTemplate\":\"https:\/\/www.omnium.cat\/ca\/?s={search_term_string}\"},\"query-input\":{\"@type\":\"PropertyValueSpecification\",\"valueRequired\":true,\"valueName\":\"search_term_string\"}}],\"inLanguage\":\"ca\"},{\"@type\":\"Organization\",\"@id\":\"https:\/\/www.omnium.cat\/ca\/#organization\",\"name\":\"\u00d2mnium Cultural\",\"url\":\"https:\/\/www.omnium.cat\/ca\/\",\"logo\":{\"@type\":\"ImageObject\",\"inLanguage\":\"ca\",\"@id\":\"https:\/\/www.omnium.cat\/ca\/#\/schema\/logo\/image\/\",\"url\":\"https:\/\/cdn.omnium.cat\/wp-content\/uploads\/2019\/06\/01112517\/cropped-omnium_logo-1.png\",\"contentUrl\":\"https:\/\/cdn.omnium.cat\/wp-content\/uploads\/2019\/06\/01112517\/cropped-omnium_logo-1.png\",\"width\":1213,\"height\":262,\"caption\":\"\u00d2mnium Cultural\"},\"image\":{\"@id\":\"https:\/\/www.omnium.cat\/ca\/#\/schema\/logo\/image\/\"},\"sameAs\":[\"https:\/\/www.facebook.com\/omniumcultural\",\"https:\/\/x.com\/omnium\",\"https:\/\/www.instagram.com\/omniumcultural\/\",\"https:\/\/www.youtube.com\/user\/omniumcultural\"]}]}<\/script>\n<!-- \/ Yoast SEO plugin. -->","yoast_head_json":{"title":"Palmar\u00e8s (Premi Sant Jordi) - \u00d2mnium Cultural","robots":{"index":"index","follow":"follow","max-snippet":"max-snippet:-1","max-image-preview":"max-image-preview:large","max-video-preview":"max-video-preview:-1"},"canonical":"https:\/\/www.omnium.cat\/ca\/projectes\/premi-sant-jordi\/palmares\/","twitter_misc":{"Temps estimat de lectura":"3 minuts"},"schema":{"@context":"https:\/\/schema.org","@graph":[{"@type":"WebPage","@id":"https:\/\/www.omnium.cat\/ca\/projectes\/premi-sant-jordi\/palmares\/","url":"https:\/\/www.omnium.cat\/ca\/projectes\/premi-sant-jordi\/palmares\/","name":"Palmar\u00e8s (Premi Sant Jordi) - \u00d2mnium Cultural","isPartOf":{"@id":"https:\/\/www.omnium.cat\/ca\/#website"},"datePublished":"2019-03-08T12:11:11+00:00","dateModified":"2025-02-10T12:24:23+00:00","breadcrumb":{"@id":"https:\/\/www.omnium.cat\/ca\/projectes\/premi-sant-jordi\/palmares\/#breadcrumb"},"inLanguage":"ca","potentialAction":[{"@type":"ReadAction","target":["https:\/\/www.omnium.cat\/ca\/projectes\/premi-sant-jordi\/palmares\/"]}]},{"@type":"BreadcrumbList","@id":"https:\/\/www.omnium.cat\/ca\/projectes\/premi-sant-jordi\/palmares\/#breadcrumb","itemListElement":[{"@type":"ListItem","position":1,"name":"Inici","item":"https:\/\/www.omnium.cat\/ca\/"},{"@type":"ListItem","position":2,"name":"Projectes","item":"https:\/\/www.omnium.cat\/ca\/projectes\/"},{"@type":"ListItem","position":3,"name":"Premi Sant Jordi","item":"https:\/\/www.omnium.cat\/ca\/projectes\/premi-sant-jordi\/"},{"@type":"ListItem","position":4,"name":"Palmar\u00e8s (Premi Sant Jordi)"}]},{"@type":"WebSite","@id":"https:\/\/www.omnium.cat\/ca\/#website","url":"https:\/\/www.omnium.cat\/ca\/","name":"\u00d2mnium Cultural","description":"Llengua Cultura Pa\u00eds","publisher":{"@id":"https:\/\/www.omnium.cat\/ca\/#organization"},"potentialAction":[{"@type":"SearchAction","target":{"@type":"EntryPoint","urlTemplate":"https:\/\/www.omnium.cat\/ca\/?s={search_term_string}"},"query-input":{"@type":"PropertyValueSpecification","valueRequired":true,"valueName":"search_term_string"}}],"inLanguage":"ca"},{"@type":"Organization","@id":"https:\/\/www.omnium.cat\/ca\/#organization","name":"\u00d2mnium Cultural","url":"https:\/\/www.omnium.cat\/ca\/","logo":{"@type":"ImageObject","inLanguage":"ca","@id":"https:\/\/www.omnium.cat\/ca\/#\/schema\/logo\/image\/","url":"https:\/\/cdn.omnium.cat\/wp-content\/uploads\/2019\/06\/01112517\/cropped-omnium_logo-1.png","contentUrl":"https:\/\/cdn.omnium.cat\/wp-content\/uploads\/2019\/06\/01112517\/cropped-omnium_logo-1.png","width":1213,"height":262,"caption":"\u00d2mnium Cultural"},"image":{"@id":"https:\/\/www.omnium.cat\/ca\/#\/schema\/logo\/image\/"},"sameAs":["https:\/\/www.facebook.com\/omniumcultural","https:\/\/x.com\/omnium","https:\/\/www.instagram.com\/omniumcultural\/","https:\/\/www.youtube.com\/user\/omniumcultural"]}]}},"_links":{"self":[{"href":"https:\/\/www.omnium.cat\/ca\/wp-json\/wp\/v2\/pages\/186965","targetHints":{"allow":["GET"]}}],"collection":[{"href":"https:\/\/www.omnium.cat\/ca\/wp-json\/wp\/v2\/pages"}],"about":[{"href":"https:\/\/www.omnium.cat\/ca\/wp-json\/wp\/v2\/types\/page"}],"author":[{"embeddable":true,"href":"https:\/\/www.omnium.cat\/ca\/wp-json\/wp\/v2\/users\/154"}],"replies":[{"embeddable":true,"href":"https:\/\/www.omnium.cat\/ca\/wp-json\/wp\/v2\/comments?post=186965"}],"version-history":[{"count":18,"href":"https:\/\/www.omnium.cat\/ca\/wp-json\/wp\/v2\/pages\/186965\/revisions"}],"predecessor-version":[{"id":429356,"href":"https:\/\/www.omnium.cat\/ca\/wp-json\/wp\/v2\/pages\/186965\/revisions\/429356"}],"up":[{"embeddable":true,"href":"https:\/\/www.omnium.cat\/ca\/wp-json\/wp\/v2\/pages\/226996"}],"wp:attachment":[{"href":"https:\/\/www.omnium.cat\/ca\/wp-json\/wp\/v2\/media?parent=186965"}],"curies":[{"name":"wp","href":"https:\/\/api.w.org\/{rel}","templated":true}]}}