{"id":187156,"date":"2019-03-11T16:10:47","date_gmt":"2019-03-11T15:10:47","guid":{"rendered":"https:\/\/www2.omnium.cat\/?page_id=187156"},"modified":"2024-04-22T11:23:16","modified_gmt":"2024-04-22T09:23:16","slug":"agenda","status":"publish","type":"page","link":"https:\/\/www.omnium.cat\/ca\/seus\/selva-maritima\/agenda\/","title":{"rendered":"Agenda Selva Mar\u00edtima"},"content":{"rendered":"\t\t<div data-elementor-type=\"wp-page\" data-elementor-id=\"187156\" class=\"elementor elementor-187156\" data-elementor-post-type=\"page\">\n\t\t\t\t\t\t<section class=\"elementor-section elementor-top-section elementor-element elementor-element-e8484c4 elementor-section-boxed elementor-section-height-default elementor-section-height-default fullpage-js-section-no fullpage-js-position-centered background-video-grayscale-no\" data-id=\"e8484c4\" data-element_type=\"section\" data-e-type=\"section\">\n\t\t\t\t\t\t<div class=\"elementor-container elementor-column-gap-default\">\n\t\t\t\t\t<div class=\"elementor-column elementor-col-100 elementor-top-column elementor-element elementor-element-9135cb5\" data-id=\"9135cb5\" data-element_type=\"column\" data-e-type=\"column\">\n\t\t\t<div class=\"elementor-widget-wrap elementor-element-populated\">\n\t\t\t\t\t\t<div class=\"elementor-element elementor-element-665b663 elementor-widget elementor-widget-omnium-events-listing\" data-id=\"665b663\" data-element_type=\"widget\" data-e-type=\"widget\" data-widget_type=\"omnium-events-listing.default\">\n\t\t\t\t<div class=\"elementor-widget-container\">\n\t\t\t\t\t<section class=\"omnium_events_listing_block\" data-show-date=\"true\" data-show-location=\"true\" data-show_excerpt=\"false\" data-show-related-headquarters=\"true\" data-show-related-projects=\"true\" data-posts-per-page=\"6\" data-listing-type=\"normal\"><div class=\"eventlisting_loader_wrapper\"><div class=\"eventlisting_loader\"><div class=\"eventlisting_loader_first_part\"><\/div><div class=\"eventlisting_loader_second_part\"><\/div><div class=\"eventlisting_loader_third_part\"><\/div><div class=\"eventlisting_loader_fourth_part\"><\/div><\/div><\/div><div class=\"events_lists_selector_wrapper\"><ul class=\"events_lists_selector\"><li class=\"events_list_option upcoming_option\">Propers<\/li><li class=\"events_list_option past_option\">Anteriors<\/li><\/ul><\/div><div class=\"upcoming_events_wrapper\"><div class=\"omnium_events_list_wrapper\"><\/div><div class=\"loadmore_button_wrapper\"><p class=\"loadmore_button next_events_loadmore_button\" data-loadmore-text=\"Carregar m\u00e9s\" data-loading-text=\"Carregant...\" data-showdate=\"true\" data-showlocation=\"true\" data-showheadquarters=\"true\" data-showprojects=\"true\" >Carregar m\u00e9s<\/p><\/div><\/div><div class=\"past_events_wrapper\"><div class=\"omnium_events_list_wrapper\"><\/div><div class=\"loadmore_button_wrapper\"><p class=\"loadmore_button past_events_loadmore_button\" data-loadmore-text=\"Carregar m\u00e9s\" data-loading-text=\"Carregant...\" data-showdate=\"true\" data-showlocation=\"true\" data-showheadquarters=\"true\" data-showprojects=\"true\" >Carregar m\u00e9s<\/p><\/div><\/div><div class=\"no_events_message_wrapper\"><p class=\"no_events_message\">No hi ha activitats<\/p><\/div>\t\t\t\t<\/div>\n\t\t\t\t<\/div>\n\t\t\t\t\t<\/div>\n\t\t<\/div>\n\t\t\t\t\t<\/div>\n\t\t<\/section>\n\t\t\t\t<\/div>\n\t\t","protected":false},"excerpt":{"rendered":"<p>Propers Anteriors Carregar m\u00e9s Carregar m\u00e9s No hi ha activitats<\/p>\n","protected":false},"author":171,"featured_media":0,"parent":176112,"menu_order":30,"comment_status":"closed","ping_status":"closed","template":"","meta":{"_acf_changed":false,"footnotes":""},"class_list":["post-187156","page","type-page","status-publish","hentry"],"acf":[],"yoast_head":"<!-- This site is optimized with the Yoast SEO plugin v27.2 - https:\/\/yoast.com\/product\/yoast-seo-wordpress\/ -->\n<title>Agenda Selva Mar\u00edtima - \u00d2mnium Cultural<\/title>\n<meta name=\"description\" content=\"Consulta els actes i activitats d&#039;\u00d2mnium Selva Mar\u00edtima (gestora)\" \/>\n<meta name=\"robots\" content=\"index, follow, max-snippet:-1, max-image-preview:large, max-video-preview:-1\" \/>\n<link rel=\"canonical\" href=\"https:\/\/www.omnium.cat\/ca\/seus\/selva-maritima\/agenda\/\" \/>\n<meta name=\"twitter:label1\" content=\"Temps estimat de lectura\" \/>\n\t<meta name=\"twitter:data1\" content=\"1 minut\" \/>\n<script type=\"application\/ld+json\" class=\"yoast-schema-graph\">{\"@context\":\"https:\/\/schema.org\",\"@graph\":[{\"@type\":\"WebPage\",\"@id\":\"https:\/\/www.omnium.cat\/ca\/seus\/selva-maritima\/agenda\/\",\"url\":\"https:\/\/www.omnium.cat\/ca\/seus\/selva-maritima\/agenda\/\",\"name\":\"Agenda Selva Mar\u00edtima - \u00d2mnium Cultural\",\"isPartOf\":{\"@id\":\"https:\/\/www.omnium.cat\/ca\/#website\"},\"datePublished\":\"2019-03-11T15:10:47+00:00\",\"dateModified\":\"2024-04-22T09:23:16+00:00\",\"description\":\"Consulta els actes i activitats d'\u00d2mnium Selva Mar\u00edtima (gestora)\",\"breadcrumb\":{\"@id\":\"https:\/\/www.omnium.cat\/ca\/seus\/selva-maritima\/agenda\/#breadcrumb\"},\"inLanguage\":\"ca\",\"potentialAction\":[{\"@type\":\"ReadAction\",\"target\":[\"https:\/\/www.omnium.cat\/ca\/seus\/selva-maritima\/agenda\/\"]}]},{\"@type\":\"BreadcrumbList\",\"@id\":\"https:\/\/www.omnium.cat\/ca\/seus\/selva-maritima\/agenda\/#breadcrumb\",\"itemListElement\":[{\"@type\":\"ListItem\",\"position\":1,\"name\":\"Inici\",\"item\":\"https:\/\/www.omnium.cat\/ca\/\"},{\"@type\":\"ListItem\",\"position\":2,\"name\":\"Seus\",\"item\":\"https:\/\/www.omnium.cat\/ca\/seus\/\"},{\"@type\":\"ListItem\",\"position\":3,\"name\":\"Selva Mar\u00edtima\",\"item\":\"https:\/\/www.omnium.cat\/ca\/seus\/selva-maritima\/\"},{\"@type\":\"ListItem\",\"position\":4,\"name\":\"Agenda Selva Mar\u00edtima\"}]},{\"@type\":\"WebSite\",\"@id\":\"https:\/\/www.omnium.cat\/ca\/#website\",\"url\":\"https:\/\/www.omnium.cat\/ca\/\",\"name\":\"\u00d2mnium Cultural\",\"description\":\"Llengua Cultura Pa\u00eds\",\"publisher\":{\"@id\":\"https:\/\/www.omnium.cat\/ca\/#organization\"},\"potentialAction\":[{\"@type\":\"SearchAction\",\"target\":{\"@type\":\"EntryPoint\",\"urlTemplate\":\"https:\/\/www.omnium.cat\/ca\/?s={search_term_string}\"},\"query-input\":{\"@type\":\"PropertyValueSpecification\",\"valueRequired\":true,\"valueName\":\"search_term_string\"}}],\"inLanguage\":\"ca\"},{\"@type\":\"Organization\",\"@id\":\"https:\/\/www.omnium.cat\/ca\/#organization\",\"name\":\"\u00d2mnium Cultural\",\"url\":\"https:\/\/www.omnium.cat\/ca\/\",\"logo\":{\"@type\":\"ImageObject\",\"inLanguage\":\"ca\",\"@id\":\"https:\/\/www.omnium.cat\/ca\/#\/schema\/logo\/image\/\",\"url\":\"https:\/\/cdn.omnium.cat\/wp-content\/uploads\/2019\/06\/01112517\/cropped-omnium_logo-1.png\",\"contentUrl\":\"https:\/\/cdn.omnium.cat\/wp-content\/uploads\/2019\/06\/01112517\/cropped-omnium_logo-1.png\",\"width\":1213,\"height\":262,\"caption\":\"\u00d2mnium Cultural\"},\"image\":{\"@id\":\"https:\/\/www.omnium.cat\/ca\/#\/schema\/logo\/image\/\"},\"sameAs\":[\"https:\/\/www.facebook.com\/omniumcultural\",\"https:\/\/x.com\/omnium\",\"https:\/\/www.instagram.com\/omniumcultural\/\",\"https:\/\/www.youtube.com\/user\/omniumcultural\"]}]}<\/script>\n<!-- \/ Yoast SEO plugin. -->","yoast_head_json":{"title":"Agenda Selva Mar\u00edtima - \u00d2mnium Cultural","description":"Consulta els actes i activitats d'\u00d2mnium Selva Mar\u00edtima (gestora)","robots":{"index":"index","follow":"follow","max-snippet":"max-snippet:-1","max-image-preview":"max-image-preview:large","max-video-preview":"max-video-preview:-1"},"canonical":"https:\/\/www.omnium.cat\/ca\/seus\/selva-maritima\/agenda\/","twitter_misc":{"Temps estimat de lectura":"1 minut"},"schema":{"@context":"https:\/\/schema.org","@graph":[{"@type":"WebPage","@id":"https:\/\/www.omnium.cat\/ca\/seus\/selva-maritima\/agenda\/","url":"https:\/\/www.omnium.cat\/ca\/seus\/selva-maritima\/agenda\/","name":"Agenda Selva Mar\u00edtima - \u00d2mnium Cultural","isPartOf":{"@id":"https:\/\/www.omnium.cat\/ca\/#website"},"datePublished":"2019-03-11T15:10:47+00:00","dateModified":"2024-04-22T09:23:16+00:00","description":"Consulta els actes i activitats d'\u00d2mnium Selva Mar\u00edtima (gestora)","breadcrumb":{"@id":"https:\/\/www.omnium.cat\/ca\/seus\/selva-maritima\/agenda\/#breadcrumb"},"inLanguage":"ca","potentialAction":[{"@type":"ReadAction","target":["https:\/\/www.omnium.cat\/ca\/seus\/selva-maritima\/agenda\/"]}]},{"@type":"BreadcrumbList","@id":"https:\/\/www.omnium.cat\/ca\/seus\/selva-maritima\/agenda\/#breadcrumb","itemListElement":[{"@type":"ListItem","position":1,"name":"Inici","item":"https:\/\/www.omnium.cat\/ca\/"},{"@type":"ListItem","position":2,"name":"Seus","item":"https:\/\/www.omnium.cat\/ca\/seus\/"},{"@type":"ListItem","position":3,"name":"Selva Mar\u00edtima","item":"https:\/\/www.omnium.cat\/ca\/seus\/selva-maritima\/"},{"@type":"ListItem","position":4,"name":"Agenda Selva Mar\u00edtima"}]},{"@type":"WebSite","@id":"https:\/\/www.omnium.cat\/ca\/#website","url":"https:\/\/www.omnium.cat\/ca\/","name":"\u00d2mnium Cultural","description":"Llengua Cultura Pa\u00eds","publisher":{"@id":"https:\/\/www.omnium.cat\/ca\/#organization"},"potentialAction":[{"@type":"SearchAction","target":{"@type":"EntryPoint","urlTemplate":"https:\/\/www.omnium.cat\/ca\/?s={search_term_string}"},"query-input":{"@type":"PropertyValueSpecification","valueRequired":true,"valueName":"search_term_string"}}],"inLanguage":"ca"},{"@type":"Organization","@id":"https:\/\/www.omnium.cat\/ca\/#organization","name":"\u00d2mnium Cultural","url":"https:\/\/www.omnium.cat\/ca\/","logo":{"@type":"ImageObject","inLanguage":"ca","@id":"https:\/\/www.omnium.cat\/ca\/#\/schema\/logo\/image\/","url":"https:\/\/cdn.omnium.cat\/wp-content\/uploads\/2019\/06\/01112517\/cropped-omnium_logo-1.png","contentUrl":"https:\/\/cdn.omnium.cat\/wp-content\/uploads\/2019\/06\/01112517\/cropped-omnium_logo-1.png","width":1213,"height":262,"caption":"\u00d2mnium Cultural"},"image":{"@id":"https:\/\/www.omnium.cat\/ca\/#\/schema\/logo\/image\/"},"sameAs":["https:\/\/www.facebook.com\/omniumcultural","https:\/\/x.com\/omnium","https:\/\/www.instagram.com\/omniumcultural\/","https:\/\/www.youtube.com\/user\/omniumcultural"]}]}},"_links":{"self":[{"href":"https:\/\/www.omnium.cat\/ca\/wp-json\/wp\/v2\/pages\/187156","targetHints":{"allow":["GET"]}}],"collection":[{"href":"https:\/\/www.omnium.cat\/ca\/wp-json\/wp\/v2\/pages"}],"about":[{"href":"https:\/\/www.omnium.cat\/ca\/wp-json\/wp\/v2\/types\/page"}],"author":[{"embeddable":true,"href":"https:\/\/www.omnium.cat\/ca\/wp-json\/wp\/v2\/users\/171"}],"replies":[{"embeddable":true,"href":"https:\/\/www.omnium.cat\/ca\/wp-json\/wp\/v2\/comments?post=187156"}],"version-history":[{"count":10,"href":"https:\/\/www.omnium.cat\/ca\/wp-json\/wp\/v2\/pages\/187156\/revisions"}],"predecessor-version":[{"id":407094,"href":"https:\/\/www.omnium.cat\/ca\/wp-json\/wp\/v2\/pages\/187156\/revisions\/407094"}],"up":[{"embeddable":true,"href":"https:\/\/www.omnium.cat\/ca\/wp-json\/wp\/v2\/pages\/176112"}],"wp:attachment":[{"href":"https:\/\/www.omnium.cat\/ca\/wp-json\/wp\/v2\/media?parent=187156"}],"curies":[{"name":"wp","href":"https:\/\/api.w.org\/{rel}","templated":true}]}}