{"id":286828,"date":"2021-06-01T12:51:45","date_gmt":"2021-06-01T10:51:45","guid":{"rendered":"https:\/\/www.omnium.cat\/?page_id=286828"},"modified":"2025-05-29T09:40:50","modified_gmt":"2025-05-29T07:40:50","slug":"recursos-compartits","status":"publish","type":"page","link":"https:\/\/www.omnium.cat\/ca\/projectes\/flama-canigo\/recursos-compartits\/","title":{"rendered":"Recursos compartits"},"content":{"rendered":"\t\t<div data-elementor-type=\"wp-page\" data-elementor-id=\"286828\" class=\"elementor elementor-286828\" data-elementor-post-type=\"page\">\n\t\t\t\t\t\t<section class=\"elementor-section elementor-top-section elementor-element elementor-element-4b1aaf80 elementor-section-boxed elementor-section-height-default elementor-section-height-default fullpage-js-section-no fullpage-js-position-centered background-video-grayscale-no\" data-id=\"4b1aaf80\" data-element_type=\"section\" data-e-type=\"section\">\n\t\t\t\t\t\t<div class=\"elementor-container elementor-column-gap-default\">\n\t\t\t\t\t<div class=\"elementor-column elementor-col-100 elementor-top-column elementor-element elementor-element-13ec1675\" data-id=\"13ec1675\" data-element_type=\"column\" data-e-type=\"column\">\n\t\t\t<div class=\"elementor-widget-wrap elementor-element-populated\">\n\t\t\t\t\t\t<div class=\"elementor-element elementor-element-30fcbeee elementor-widget elementor-widget-text-editor\" data-id=\"30fcbeee\" data-element_type=\"widget\" data-e-type=\"widget\" data-widget_type=\"text-editor.default\">\n\t\t\t\t<div class=\"elementor-widget-container\">\n\t\t\t\t\t\t\t\t\t<p>A continuaci\u00f3 us deixem un seguit de recursos que podeu utilitzar per a la celebraci\u00f3 de les rebudes de la Flama del Canig\u00f3 arreu de tots els pobres i ciutats. <strong>La distribuci\u00f3 de tots aquests materials ha de ser totalment gratu\u00efta.<\/strong><\/p>\n<p>Si voleu fer-nos arribar nous materials per a poder compartir, envieu-los per correu a&nbsp;<a href=\"mailto:flamacanigo@omnium.cat\"> flamacanigo@omnium.cat<\/a>.&nbsp;<\/p>\n<ul>\n<li><a href=\"https:\/\/cdn.omnium.cat\/wp-content\/uploads\/2021\/06\/01134925\/SJD.AUCAPB.CARTELL-A3-1.pdf\">Auca de la Flama del Canig\u00f3 (Pilar\u00edn Bay\u00e9s)<\/a><\/li>\n<li><a href=\"https:\/\/cdn.omnium.cat\/wp-content\/uploads\/2021\/06\/08121548\/dibuixos-flama-del-canigo.pdf\">Dibuixos per pintar dirigits als m\u00e9s petits<\/a><\/li>\n<li><a href=\"https:\/\/cdn.omnium.cat\/wp-content\/uploads\/2023\/06\/08180323\/TARGETO-PASTISSERS-1.pdf?_ga=2.101155012.45264950.1686036217-1133893096.1684322202\" target=\"_blank\" rel=\"noopener\">Target\u00f3&nbsp;per les pastisseries<\/a><\/li>\n<li><a style=\"background-color: #ffffff;\" href=\"https:\/\/cdn.omnium.cat\/wp-content\/uploads\/2024\/05\/29121508\/CARTELL_A-3_FLAMA.png?_ga=2.163343676.1420082803.1748451590-735950975.1726141012\">Cartell de la Flama del Canig\u00f3 2025, editable<\/a><\/li>\n<li><a href=\"https:\/\/cdn.omnium.cat\/wp-content\/uploads\/2022\/06\/21115400\/TRIPTIC-FLAMA.pdf\"><span style=\"font-size: inherit;\">Tr\u00edptic explicatiu (Cat, Cast i Fr)<\/span><\/a><\/li>\n<li><a href=\"https:\/\/cdn.omnium.cat\/wp-content\/uploads\/2019\/06\/06132624\/textos-per-premsa.pdf\">Articles per premsa<\/a><\/li>\n<\/ul>\t\t\t\t\t\t\t\t<\/div>\n\t\t\t\t<\/div>\n\t\t\t\t\t<\/div>\n\t\t<\/div>\n\t\t\t\t\t<\/div>\n\t\t<\/section>\n\t\t\t\t<\/div>\n\t\t","protected":false},"excerpt":{"rendered":"<p>A continuaci\u00f3 us deixem un seguit de recursos que podeu utilitzar per a la celebraci\u00f3 de les rebudes de la Flama del Canig\u00f3 arreu de tots els pobres i ciutats. [&hellip;]<\/p>\n","protected":false},"author":184,"featured_media":0,"parent":17384,"menu_order":36,"comment_status":"closed","ping_status":"closed","template":"","meta":{"_acf_changed":false,"footnotes":""},"class_list":["post-286828","page","type-page","status-publish","hentry"],"acf":[],"yoast_head":"<!-- This site is optimized with the Yoast SEO plugin v27.2 - https:\/\/yoast.com\/product\/yoast-seo-wordpress\/ -->\n<title>Recursos compartits - \u00d2mnium Cultural<\/title>\n<meta name=\"robots\" content=\"index, follow, max-snippet:-1, max-image-preview:large, max-video-preview:-1\" \/>\n<link rel=\"canonical\" href=\"https:\/\/www.omnium.cat\/ca\/projectes\/flama-canigo\/recursos-compartits\/\" \/>\n<meta name=\"twitter:label1\" content=\"Temps estimat de lectura\" \/>\n\t<meta name=\"twitter:data1\" content=\"1 minut\" \/>\n<script type=\"application\/ld+json\" class=\"yoast-schema-graph\">{\"@context\":\"https:\/\/schema.org\",\"@graph\":[{\"@type\":\"WebPage\",\"@id\":\"https:\/\/www.omnium.cat\/ca\/projectes\/flama-canigo\/recursos-compartits\/\",\"url\":\"https:\/\/www.omnium.cat\/ca\/projectes\/flama-canigo\/recursos-compartits\/\",\"name\":\"Recursos compartits - \u00d2mnium Cultural\",\"isPartOf\":{\"@id\":\"https:\/\/www.omnium.cat\/ca\/#website\"},\"datePublished\":\"2021-06-01T10:51:45+00:00\",\"dateModified\":\"2025-05-29T07:40:50+00:00\",\"breadcrumb\":{\"@id\":\"https:\/\/www.omnium.cat\/ca\/projectes\/flama-canigo\/recursos-compartits\/#breadcrumb\"},\"inLanguage\":\"ca\",\"potentialAction\":[{\"@type\":\"ReadAction\",\"target\":[\"https:\/\/www.omnium.cat\/ca\/projectes\/flama-canigo\/recursos-compartits\/\"]}]},{\"@type\":\"BreadcrumbList\",\"@id\":\"https:\/\/www.omnium.cat\/ca\/projectes\/flama-canigo\/recursos-compartits\/#breadcrumb\",\"itemListElement\":[{\"@type\":\"ListItem\",\"position\":1,\"name\":\"Inici\",\"item\":\"https:\/\/www.omnium.cat\/ca\/\"},{\"@type\":\"ListItem\",\"position\":2,\"name\":\"Projectes\",\"item\":\"https:\/\/www.omnium.cat\/ca\/projectes\/\"},{\"@type\":\"ListItem\",\"position\":3,\"name\":\"Flama del Canig\u00f3\",\"item\":\"https:\/\/www.omnium.cat\/ca\/projectes\/flama-canigo\/\"},{\"@type\":\"ListItem\",\"position\":4,\"name\":\"Recursos compartits\"}]},{\"@type\":\"WebSite\",\"@id\":\"https:\/\/www.omnium.cat\/ca\/#website\",\"url\":\"https:\/\/www.omnium.cat\/ca\/\",\"name\":\"\u00d2mnium Cultural\",\"description\":\"Llengua Cultura Pa\u00eds\",\"publisher\":{\"@id\":\"https:\/\/www.omnium.cat\/ca\/#organization\"},\"potentialAction\":[{\"@type\":\"SearchAction\",\"target\":{\"@type\":\"EntryPoint\",\"urlTemplate\":\"https:\/\/www.omnium.cat\/ca\/?s={search_term_string}\"},\"query-input\":{\"@type\":\"PropertyValueSpecification\",\"valueRequired\":true,\"valueName\":\"search_term_string\"}}],\"inLanguage\":\"ca\"},{\"@type\":\"Organization\",\"@id\":\"https:\/\/www.omnium.cat\/ca\/#organization\",\"name\":\"\u00d2mnium Cultural\",\"url\":\"https:\/\/www.omnium.cat\/ca\/\",\"logo\":{\"@type\":\"ImageObject\",\"inLanguage\":\"ca\",\"@id\":\"https:\/\/www.omnium.cat\/ca\/#\/schema\/logo\/image\/\",\"url\":\"https:\/\/cdn.omnium.cat\/wp-content\/uploads\/2019\/06\/01112517\/cropped-omnium_logo-1.png\",\"contentUrl\":\"https:\/\/cdn.omnium.cat\/wp-content\/uploads\/2019\/06\/01112517\/cropped-omnium_logo-1.png\",\"width\":1213,\"height\":262,\"caption\":\"\u00d2mnium Cultural\"},\"image\":{\"@id\":\"https:\/\/www.omnium.cat\/ca\/#\/schema\/logo\/image\/\"},\"sameAs\":[\"https:\/\/www.facebook.com\/omniumcultural\",\"https:\/\/x.com\/omnium\",\"https:\/\/www.instagram.com\/omniumcultural\/\",\"https:\/\/www.youtube.com\/user\/omniumcultural\"]}]}<\/script>\n<!-- \/ Yoast SEO plugin. -->","yoast_head_json":{"title":"Recursos compartits - \u00d2mnium Cultural","robots":{"index":"index","follow":"follow","max-snippet":"max-snippet:-1","max-image-preview":"max-image-preview:large","max-video-preview":"max-video-preview:-1"},"canonical":"https:\/\/www.omnium.cat\/ca\/projectes\/flama-canigo\/recursos-compartits\/","twitter_misc":{"Temps estimat de lectura":"1 minut"},"schema":{"@context":"https:\/\/schema.org","@graph":[{"@type":"WebPage","@id":"https:\/\/www.omnium.cat\/ca\/projectes\/flama-canigo\/recursos-compartits\/","url":"https:\/\/www.omnium.cat\/ca\/projectes\/flama-canigo\/recursos-compartits\/","name":"Recursos compartits - \u00d2mnium Cultural","isPartOf":{"@id":"https:\/\/www.omnium.cat\/ca\/#website"},"datePublished":"2021-06-01T10:51:45+00:00","dateModified":"2025-05-29T07:40:50+00:00","breadcrumb":{"@id":"https:\/\/www.omnium.cat\/ca\/projectes\/flama-canigo\/recursos-compartits\/#breadcrumb"},"inLanguage":"ca","potentialAction":[{"@type":"ReadAction","target":["https:\/\/www.omnium.cat\/ca\/projectes\/flama-canigo\/recursos-compartits\/"]}]},{"@type":"BreadcrumbList","@id":"https:\/\/www.omnium.cat\/ca\/projectes\/flama-canigo\/recursos-compartits\/#breadcrumb","itemListElement":[{"@type":"ListItem","position":1,"name":"Inici","item":"https:\/\/www.omnium.cat\/ca\/"},{"@type":"ListItem","position":2,"name":"Projectes","item":"https:\/\/www.omnium.cat\/ca\/projectes\/"},{"@type":"ListItem","position":3,"name":"Flama del Canig\u00f3","item":"https:\/\/www.omnium.cat\/ca\/projectes\/flama-canigo\/"},{"@type":"ListItem","position":4,"name":"Recursos compartits"}]},{"@type":"WebSite","@id":"https:\/\/www.omnium.cat\/ca\/#website","url":"https:\/\/www.omnium.cat\/ca\/","name":"\u00d2mnium Cultural","description":"Llengua Cultura Pa\u00eds","publisher":{"@id":"https:\/\/www.omnium.cat\/ca\/#organization"},"potentialAction":[{"@type":"SearchAction","target":{"@type":"EntryPoint","urlTemplate":"https:\/\/www.omnium.cat\/ca\/?s={search_term_string}"},"query-input":{"@type":"PropertyValueSpecification","valueRequired":true,"valueName":"search_term_string"}}],"inLanguage":"ca"},{"@type":"Organization","@id":"https:\/\/www.omnium.cat\/ca\/#organization","name":"\u00d2mnium Cultural","url":"https:\/\/www.omnium.cat\/ca\/","logo":{"@type":"ImageObject","inLanguage":"ca","@id":"https:\/\/www.omnium.cat\/ca\/#\/schema\/logo\/image\/","url":"https:\/\/cdn.omnium.cat\/wp-content\/uploads\/2019\/06\/01112517\/cropped-omnium_logo-1.png","contentUrl":"https:\/\/cdn.omnium.cat\/wp-content\/uploads\/2019\/06\/01112517\/cropped-omnium_logo-1.png","width":1213,"height":262,"caption":"\u00d2mnium Cultural"},"image":{"@id":"https:\/\/www.omnium.cat\/ca\/#\/schema\/logo\/image\/"},"sameAs":["https:\/\/www.facebook.com\/omniumcultural","https:\/\/x.com\/omnium","https:\/\/www.instagram.com\/omniumcultural\/","https:\/\/www.youtube.com\/user\/omniumcultural"]}]}},"_links":{"self":[{"href":"https:\/\/www.omnium.cat\/ca\/wp-json\/wp\/v2\/pages\/286828","targetHints":{"allow":["GET"]}}],"collection":[{"href":"https:\/\/www.omnium.cat\/ca\/wp-json\/wp\/v2\/pages"}],"about":[{"href":"https:\/\/www.omnium.cat\/ca\/wp-json\/wp\/v2\/types\/page"}],"author":[{"embeddable":true,"href":"https:\/\/www.omnium.cat\/ca\/wp-json\/wp\/v2\/users\/184"}],"replies":[{"embeddable":true,"href":"https:\/\/www.omnium.cat\/ca\/wp-json\/wp\/v2\/comments?post=286828"}],"version-history":[{"count":45,"href":"https:\/\/www.omnium.cat\/ca\/wp-json\/wp\/v2\/pages\/286828\/revisions"}],"predecessor-version":[{"id":437461,"href":"https:\/\/www.omnium.cat\/ca\/wp-json\/wp\/v2\/pages\/286828\/revisions\/437461"}],"up":[{"embeddable":true,"href":"https:\/\/www.omnium.cat\/ca\/wp-json\/wp\/v2\/pages\/17384"}],"wp:attachment":[{"href":"https:\/\/www.omnium.cat\/ca\/wp-json\/wp\/v2\/media?parent=286828"}],"curies":[{"name":"wp","href":"https:\/\/api.w.org\/{rel}","templated":true}]}}