{"id":302,"date":"2018-04-10T12:33:46","date_gmt":"2018-04-10T10:33:46","guid":{"rendered":"http:\/\/omnium.whads.com\/?page_id=302"},"modified":"2023-12-05T13:54:16","modified_gmt":"2023-12-05T12:54:16","slug":"historia","status":"publish","type":"page","link":"https:\/\/www.omnium.cat\/ca\/projectes\/nit-santa-llucia\/historia\/","title":{"rendered":"Hist\u00f2ria (Nit de Santa Ll\u00facia)"},"content":{"rendered":"\t\t<div data-elementor-type=\"wp-post\" data-elementor-id=\"302\" class=\"elementor elementor-302\" data-elementor-post-type=\"page\">\n\t\t\t\t\t\t<section class=\"elementor-section elementor-top-section elementor-element elementor-element-d706010 elementor-section-boxed elementor-section-height-default elementor-section-height-default fullpage-js-section-no fullpage-js-position-centered background-video-grayscale-no\" data-id=\"d706010\" data-element_type=\"section\" data-e-type=\"section\">\n\t\t\t\t\t\t<div class=\"elementor-container elementor-column-gap-default\">\n\t\t\t\t\t<div class=\"elementor-column elementor-col-100 elementor-top-column elementor-element elementor-element-18304a5\" data-id=\"18304a5\" data-element_type=\"column\" data-e-type=\"column\">\n\t\t\t<div class=\"elementor-widget-wrap elementor-element-populated\">\n\t\t\t\t\t\t<div class=\"elementor-element elementor-element-6a57af5 elementor-widget elementor-widget-image\" data-id=\"6a57af5\" data-element_type=\"widget\" data-e-type=\"widget\" data-widget_type=\"image.default\">\n\t\t\t\t<div class=\"elementor-widget-container\">\n\t\t\t\t\t\t\t\t\t\t\t\t\t\t\t<img fetchpriority=\"high\" decoding=\"async\" width=\"768\" height=\"512\" src=\"https:\/\/cdn.omnium.cat\/wp-content\/uploads\/2018\/04\/05135302\/52564245687_e614573e4d_o-768x512.jpg\" class=\"attachment-medium_large size-medium_large wp-image-393747\" alt=\"\" srcset=\"https:\/\/cdn.omnium.cat\/wp-content\/uploads\/2018\/04\/05135302\/52564245687_e614573e4d_o-768x512.jpg 768w, https:\/\/cdn.omnium.cat\/wp-content\/uploads\/2018\/04\/05135302\/52564245687_e614573e4d_o-300x200.jpg 300w, https:\/\/cdn.omnium.cat\/wp-content\/uploads\/2018\/04\/05135302\/52564245687_e614573e4d_o-1024x683.jpg 1024w, https:\/\/cdn.omnium.cat\/wp-content\/uploads\/2018\/04\/05135302\/52564245687_e614573e4d_o-1536x1024.jpg 1536w, https:\/\/cdn.omnium.cat\/wp-content\/uploads\/2018\/04\/05135302\/52564245687_e614573e4d_o-2048x1366.jpg 2048w, https:\/\/cdn.omnium.cat\/wp-content\/uploads\/2018\/04\/05135302\/52564245687_e614573e4d_o-1600x1067.jpg 1600w\" sizes=\"(max-width: 768px) 100vw, 768px\" \/>\t\t\t\t\t\t\t\t\t\t\t\t\t\t\t<\/div>\n\t\t\t\t<\/div>\n\t\t\t\t<div class=\"elementor-element elementor-element-3370d81 elementor-widget elementor-widget-spacer\" data-id=\"3370d81\" data-element_type=\"widget\" data-e-type=\"widget\" data-widget_type=\"spacer.default\">\n\t\t\t\t<div class=\"elementor-widget-container\">\n\t\t\t\t\t\t\t<div class=\"elementor-spacer\">\n\t\t\t<div class=\"elementor-spacer-inner\"><\/div>\n\t\t<\/div>\n\t\t\t\t\t\t<\/div>\n\t\t\t\t<\/div>\n\t\t\t\t\t<\/div>\n\t\t<\/div>\n\t\t\t\t\t<\/div>\n\t\t<\/section>\n\t\t\t\t<section class=\"elementor-section elementor-top-section elementor-element elementor-element-6ba2f38 elementor-section-boxed elementor-section-height-default elementor-section-height-default fullpage-js-section-no fullpage-js-position-centered background-video-grayscale-no\" data-id=\"6ba2f38\" data-element_type=\"section\" data-e-type=\"section\">\n\t\t\t\t\t\t<div class=\"elementor-container elementor-column-gap-default\">\n\t\t\t\t\t<div class=\"elementor-column elementor-col-33 elementor-top-column elementor-element elementor-element-2beb218\" data-id=\"2beb218\" data-element_type=\"column\" data-e-type=\"column\">\n\t\t\t<div class=\"elementor-widget-wrap elementor-element-populated\">\n\t\t\t\t\t\t<div class=\"elementor-element elementor-element-5d7486a elementor-widget elementor-widget-text-editor\" data-id=\"5d7486a\" data-element_type=\"widget\" data-e-type=\"widget\" data-widget_type=\"text-editor.default\">\n\t\t\t\t<div class=\"elementor-widget-container\">\n\t\t\t\t\t\t\t\t\t<p>La Nit de Santa Ll\u00facia va ser iniciada el 1951 a Barcelona per l\u2019editor Josep M. Cruzet, fundador de la<strong> Llibreria Catal\u00f2nia<\/strong> i de les editorials Selecta i Aedos. En aquesta primera vetllada, celebrada en clandestinitat, s\u2019hi va lliurar el premi de novel\u00b7la Joanot Martorell de novel\u00b7la, que convocaven els editors Aym\u00e0. El nom de Santa Ll\u00facia li ve de la data del 13 de desembre, en la qual s&#8217;havia adjudicat el Premi Crexells, institu\u00eft el 1928 per l&#8217;Ateneu Barcelon\u00e8s en mem\u00f2ria de Joan Crexells, mort als 30 anys el dia de Santa Ll\u00facia de 1926.&nbsp;<\/p>\n<p>El 1960, la Nit de Santa Ll\u00facia va acollir un nou premi de novel\u00b7la, el Sant Jordi, institu\u00eft pel mateix grup de&nbsp;persones que l\u2019any seg\u00fcent (1961) fundaria l\u2019entitat \u00d2mnium Cultural, que des d\u2019aleshores \u00e9s l\u2019organitzadora de la vetllada.<\/p>\t\t\t\t\t\t\t\t<\/div>\n\t\t\t\t<\/div>\n\t\t\t\t\t<\/div>\n\t\t<\/div>\n\t\t\t\t<div class=\"elementor-column elementor-col-33 elementor-top-column elementor-element elementor-element-36c4673\" data-id=\"36c4673\" data-element_type=\"column\" data-e-type=\"column\">\n\t\t\t<div class=\"elementor-widget-wrap\">\n\t\t\t\t\t\t\t<\/div>\n\t\t<\/div>\n\t\t\t\t<div class=\"elementor-column elementor-col-33 elementor-top-column elementor-element elementor-element-3b84b84\" data-id=\"3b84b84\" data-element_type=\"column\" data-e-type=\"column\">\n\t\t\t<div class=\"elementor-widget-wrap elementor-element-populated\">\n\t\t\t\t\t\t<div class=\"elementor-element elementor-element-0d3392d elementor-widget elementor-widget-text-editor\" data-id=\"0d3392d\" data-element_type=\"widget\" data-e-type=\"widget\" data-widget_type=\"text-editor.default\">\n\t\t\t\t<div class=\"elementor-widget-container\">\n\t\t\t\t\t\t\t\t\t<p>Entre 1951 i 1971 aquesta festa se celebrava en format de <b>sopar<\/b> <b>literari <\/b>a la ciutat de Barcelona. A partir del 1972, <b>la festa esdev\u00e9 itinerant <\/b>i se celebra en alguna ciutat on \u00d2mnium Cultural hi t\u00e9 seu territorial. Des d\u2019aquell moment, esdev\u00e9 La Festa de les Lletres Catalanes, tot mantenint la refer\u00e8ncia als seus or\u00edgens amb el nom de Nit de Santa Ll\u00facia.<\/p><p>L&#8217;any 2008, la vetllada canvia de format: els premis literaris deixen de lliurar-se en un sopar i s&#8217;integren en\u00a0un espectacle creat expressament per a l&#8217;ocasi\u00f3 i <b>em\u00e8s en directe per Televisi\u00f3 de Catalunya. <\/b>Dos anys m\u00e9s tard, el tradicional sopar, que havia passat a un segon pla, deixa de celebrar-se i la Nit de Santa Ll\u00facia consolida el format d&#8217;espectacle televisiu em\u00e8s des d&#8217;algun teatre o auditori del pa\u00eds.<\/p>\t\t\t\t\t\t\t\t<\/div>\n\t\t\t\t<\/div>\n\t\t\t\t\t<\/div>\n\t\t<\/div>\n\t\t\t\t\t<\/div>\n\t\t<\/section>\n\t\t\t\t<section class=\"elementor-section elementor-top-section elementor-element elementor-element-015977a elementor-section-boxed elementor-section-height-default elementor-section-height-default fullpage-js-section-no fullpage-js-position-centered background-video-grayscale-no\" data-id=\"015977a\" data-element_type=\"section\" data-e-type=\"section\">\n\t\t\t\t\t\t<div class=\"elementor-container elementor-column-gap-default\">\n\t\t\t\t\t<div class=\"elementor-column elementor-col-100 elementor-top-column elementor-element elementor-element-17ff53a\" data-id=\"17ff53a\" data-element_type=\"column\" data-e-type=\"column\">\n\t\t\t<div class=\"elementor-widget-wrap elementor-element-populated\">\n\t\t\t\t\t\t<div class=\"elementor-element elementor-element-9ab5b70 elementor-widget elementor-widget-spacer\" data-id=\"9ab5b70\" data-element_type=\"widget\" data-e-type=\"widget\" data-widget_type=\"spacer.default\">\n\t\t\t\t<div class=\"elementor-widget-container\">\n\t\t\t\t\t\t\t<div class=\"elementor-spacer\">\n\t\t\t<div class=\"elementor-spacer-inner\"><\/div>\n\t\t<\/div>\n\t\t\t\t\t\t<\/div>\n\t\t\t\t<\/div>\n\t\t\t\t\t<\/div>\n\t\t<\/div>\n\t\t\t\t\t<\/div>\n\t\t<\/section>\n\t\t\t\t<section class=\"elementor-section elementor-top-section elementor-element elementor-element-84e4799 elementor-section-boxed elementor-section-height-default elementor-section-height-default fullpage-js-section-no fullpage-js-position-centered background-video-grayscale-no\" data-id=\"84e4799\" data-element_type=\"section\" data-e-type=\"section\">\n\t\t\t\t\t\t<div class=\"elementor-container elementor-column-gap-default\">\n\t\t\t\t\t<div class=\"elementor-column elementor-col-25 elementor-top-column elementor-element elementor-element-4c33083\" data-id=\"4c33083\" data-element_type=\"column\" data-e-type=\"column\">\n\t\t\t<div class=\"elementor-widget-wrap\">\n\t\t\t\t\t\t\t<\/div>\n\t\t<\/div>\n\t\t\t\t<div class=\"elementor-column elementor-col-50 elementor-top-column elementor-element elementor-element-1a8b6d0\" data-id=\"1a8b6d0\" data-element_type=\"column\" data-e-type=\"column\">\n\t\t\t<div class=\"elementor-widget-wrap elementor-element-populated\">\n\t\t\t\t\t\t<div class=\"elementor-element elementor-element-cff71dd elementor-widget elementor-widget-heading\" data-id=\"cff71dd\" data-element_type=\"widget\" data-e-type=\"widget\" data-widget_type=\"heading.default\">\n\t\t\t\t<div class=\"elementor-widget-container\">\n\t\t\t\t\t<h4 class=\"elementor-heading-title elementor-size-default\">Poblacions on s\u2019ha celebrat <\/h4>\t\t\t\t<\/div>\n\t\t\t\t<\/div>\n\t\t\t\t<div class=\"elementor-element elementor-element-c158841 elementor-widget elementor-widget-spacer\" data-id=\"c158841\" data-element_type=\"widget\" data-e-type=\"widget\" data-widget_type=\"spacer.default\">\n\t\t\t\t<div class=\"elementor-widget-container\">\n\t\t\t\t\t\t\t<div class=\"elementor-spacer\">\n\t\t\t<div class=\"elementor-spacer-inner\"><\/div>\n\t\t<\/div>\n\t\t\t\t\t\t<\/div>\n\t\t\t\t<\/div>\n\t\t\t\t\t<\/div>\n\t\t<\/div>\n\t\t\t\t<div class=\"elementor-column elementor-col-25 elementor-top-column elementor-element elementor-element-1701ca8\" data-id=\"1701ca8\" data-element_type=\"column\" data-e-type=\"column\">\n\t\t\t<div class=\"elementor-widget-wrap\">\n\t\t\t\t\t\t\t<\/div>\n\t\t<\/div>\n\t\t\t\t\t<\/div>\n\t\t<\/section>\n\t\t\t\t<section class=\"elementor-section elementor-top-section elementor-element elementor-element-7cb964d elementor-section-boxed elementor-section-height-default elementor-section-height-default fullpage-js-section-no fullpage-js-position-centered background-video-grayscale-no\" data-id=\"7cb964d\" data-element_type=\"section\" data-e-type=\"section\">\n\t\t\t\t\t\t<div class=\"elementor-container elementor-column-gap-default\">\n\t\t\t\t\t<div class=\"elementor-column elementor-col-16 elementor-top-column elementor-element elementor-element-f9b1472\" data-id=\"f9b1472\" data-element_type=\"column\" data-e-type=\"column\" data-settings=\"{&quot;background_background&quot;:&quot;classic&quot;}\">\n\t\t\t<div class=\"elementor-widget-wrap\">\n\t\t\t\t\t\t\t<\/div>\n\t\t<\/div>\n\t\t\t\t<div class=\"elementor-column elementor-col-66 elementor-top-column elementor-element elementor-element-89c1eef\" data-id=\"89c1eef\" data-element_type=\"column\" data-e-type=\"column\" data-settings=\"{&quot;background_background&quot;:&quot;classic&quot;}\">\n\t\t\t<div class=\"elementor-widget-wrap elementor-element-populated\">\n\t\t\t\t\t\t<section class=\"elementor-section elementor-inner-section elementor-element elementor-element-a0a64b9 elementor-section-boxed elementor-section-height-default elementor-section-height-default fullpage-js-section-no fullpage-js-position-centered background-video-grayscale-no\" data-id=\"a0a64b9\" data-element_type=\"section\" data-e-type=\"section\">\n\t\t\t\t\t\t<div class=\"elementor-container elementor-column-gap-default\">\n\t\t\t\t\t<div class=\"elementor-column elementor-col-33 elementor-inner-column elementor-element elementor-element-070833a\" data-id=\"070833a\" data-element_type=\"column\" data-e-type=\"column\">\n\t\t\t<div class=\"elementor-widget-wrap elementor-element-populated\">\n\t\t\t\t\t\t<div class=\"elementor-element elementor-element-df85196 elementor-widget elementor-widget-text-editor\" data-id=\"df85196\" data-element_type=\"widget\" data-e-type=\"widget\" data-widget_type=\"text-editor.default\">\n\t\t\t\t<div class=\"elementor-widget-container\">\n\t\t\t\t\t\t\t\t\t<p>Barcelona (entre 1951 i 1971)<\/p><p>Tarragona (1972)<\/p><p>Vic (1973)<\/p><p>Lleida (1974)<\/p><p>Barcelona (1975)<\/p><p>Girona (1976)<\/p><p>l\u2019Espluga de Francol\u00ed (1977)<\/p><p>Badalona (1978)<\/p><p>Reus (1979)<\/p><p>Barcelona (1980)<\/p><p>Terrassa (1981)<\/p><p>Tortosa (1982)<\/p><p>Matar\u00f3 (1983)<\/p><p>Barcelona (1984)<\/p><p>Igualada (1985)<\/p><p>Sabadell (1986)<\/p><p><span style=\"font-family: 'Roboto Slab', sans-serif; font-size: 16px; font-style: normal; font-variant-ligatures: normal; font-variant-caps: normal; font-weight: 300;\">Manresa (1987)<\/span><\/p>\t\t\t\t\t\t\t\t<\/div>\n\t\t\t\t<\/div>\n\t\t\t\t\t<\/div>\n\t\t<\/div>\n\t\t\t\t<div class=\"elementor-column elementor-col-33 elementor-inner-column elementor-element elementor-element-a037755\" data-id=\"a037755\" data-element_type=\"column\" data-e-type=\"column\">\n\t\t\t<div class=\"elementor-widget-wrap elementor-element-populated\">\n\t\t\t\t\t\t<div class=\"elementor-element elementor-element-cf9120f elementor-widget elementor-widget-text-editor\" data-id=\"cf9120f\" data-element_type=\"widget\" data-e-type=\"widget\" data-widget_type=\"text-editor.default\">\n\t\t\t\t<div class=\"elementor-widget-container\">\n\t\t\t\t\t\t\t\t\t<p><span style=\"color: inherit; font-size: inherit;\">Perpiny\u00e0 (1988)<\/span><\/p><p>Terrassa (1989)<\/p><p>Torell\u00f3 (1990)<\/p><p>Barcelona (1991)<\/p><p>Puigcerd\u00e0 (1992)<\/p><p>Barcelona (1993)<\/p><p>Solsona (1994)<\/p><p>Olot (1995)<\/p><p>Matar\u00f3 (1996)<\/p><p>Vilanova i la Geltr\u00fa (1997)<\/p><p>Vilafranca del Pened\u00e8s (1998)<\/p><p>Lleida (1999)<\/p><p>Barcelona (2000)<\/p><p>Vic (2001)<\/p><p>Sant Cugat del Vall\u00e8s (2002)<\/p><p><span style=\"font-family: 'Roboto Slab', sans-serif; font-size: 16px; font-style: normal; font-variant-ligatures: normal; font-variant-caps: normal; font-weight: 300;\">Granollers (2003)<\/span><\/p><p><span style=\"font-family: 'Roboto Slab', sans-serif; font-size: 16px; font-style: normal; font-variant-ligatures: normal; font-variant-caps: normal; font-weight: 300;\">Badalona (2004)<\/span><span style=\"font-family: 'Roboto Slab', sans-serif; font-size: 16px; font-style: normal; font-variant-ligatures: normal; font-variant-caps: normal; font-weight: 300;\"><br \/><\/span><\/p>\t\t\t\t\t\t\t\t<\/div>\n\t\t\t\t<\/div>\n\t\t\t\t\t<\/div>\n\t\t<\/div>\n\t\t\t\t<div class=\"elementor-column elementor-col-33 elementor-inner-column elementor-element elementor-element-0c7b1ef\" data-id=\"0c7b1ef\" data-element_type=\"column\" data-e-type=\"column\">\n\t\t\t<div class=\"elementor-widget-wrap elementor-element-populated\">\n\t\t\t\t\t\t<div class=\"elementor-element elementor-element-c738b5b elementor-widget elementor-widget-text-editor\" data-id=\"c738b5b\" data-element_type=\"widget\" data-e-type=\"widget\" data-widget_type=\"text-editor.default\">\n\t\t\t\t<div class=\"elementor-widget-container\">\n\t\t\t\t\t\t\t\t\t<p><span style=\"color: inherit; font-size: inherit;\">La Seu d\u2019Urgell (2005)<\/span><\/p>\n<p>Girona (2006)<\/p>\n<p>Reus (2007)<\/p>\n<p>Barcelona (2008)<\/p>\n<p>Terrassa (2009)<\/p>\n<p>Viladecans (2010)<\/p>\n<p>Barcelona (2011)<\/p>\n<p>Tarragona (2012)<\/p>\n<p>Manresa (2013)<\/p>\n<p>Barcelona (2014)<\/p>\n<p>Tortosa (2015)<\/p>\n<p>L\u2019Hospitalet de Llobregat (2016)<\/p>\n<p>Nou Barris (2017)<\/p>\n<p>Sabadell (2018)<\/p>\n<p>Santa Coloma de Gramanet (2019)<\/p>\n<p>Barcelona (2020, 2021 i 2022)<\/p>\t\t\t\t\t\t\t\t<\/div>\n\t\t\t\t<\/div>\n\t\t\t\t\t<\/div>\n\t\t<\/div>\n\t\t\t\t\t<\/div>\n\t\t<\/section>\n\t\t\t\t\t<\/div>\n\t\t<\/div>\n\t\t\t\t<div class=\"elementor-column elementor-col-16 elementor-top-column elementor-element elementor-element-75fd17f\" data-id=\"75fd17f\" data-element_type=\"column\" data-e-type=\"column\" data-settings=\"{&quot;background_background&quot;:&quot;classic&quot;}\">\n\t\t\t<div class=\"elementor-widget-wrap\">\n\t\t\t\t\t\t\t<\/div>\n\t\t<\/div>\n\t\t\t\t\t<\/div>\n\t\t<\/section>\n\t\t\t\t<\/div>\n\t\t","protected":false},"excerpt":{"rendered":"<p>La Nit de Santa Ll\u00facia va ser iniciada el 1951 a Barcelona per l\u2019editor Josep M. Cruzet, fundador de la Llibreria Catal\u00f2nia i de les editorials Selecta i Aedos. En [&hellip;]<\/p>\n","protected":false},"author":1,"featured_media":0,"parent":17380,"menu_order":43,"comment_status":"closed","ping_status":"closed","template":"","meta":{"_acf_changed":false,"footnotes":""},"class_list":["post-302","page","type-page","status-publish","hentry"],"acf":[],"yoast_head":"<!-- This site is optimized with the Yoast SEO plugin v27.2 - https:\/\/yoast.com\/product\/yoast-seo-wordpress\/ -->\n<title>Hist\u00f2ria (Nit de Santa Ll\u00facia) - \u00d2mnium Cultural<\/title>\n<meta name=\"robots\" content=\"index, follow, max-snippet:-1, max-image-preview:large, max-video-preview:-1\" \/>\n<link rel=\"canonical\" href=\"https:\/\/www.omnium.cat\/ca\/projectes\/nit-santa-llucia\/historia\/\" \/>\n<meta name=\"twitter:label1\" content=\"Temps estimat de lectura\" \/>\n\t<meta name=\"twitter:data1\" content=\"3 minuts\" \/>\n<script type=\"application\/ld+json\" class=\"yoast-schema-graph\">{\"@context\":\"https:\/\/schema.org\",\"@graph\":[{\"@type\":\"WebPage\",\"@id\":\"https:\/\/www.omnium.cat\/ca\/projectes\/nit-santa-llucia\/historia\/\",\"url\":\"https:\/\/www.omnium.cat\/ca\/projectes\/nit-santa-llucia\/historia\/\",\"name\":\"Hist\u00f2ria (Nit de Santa Ll\u00facia) - \u00d2mnium Cultural\",\"isPartOf\":{\"@id\":\"https:\/\/www.omnium.cat\/ca\/#website\"},\"primaryImageOfPage\":{\"@id\":\"https:\/\/www.omnium.cat\/ca\/projectes\/nit-santa-llucia\/historia\/#primaryimage\"},\"image\":{\"@id\":\"https:\/\/www.omnium.cat\/ca\/projectes\/nit-santa-llucia\/historia\/#primaryimage\"},\"thumbnailUrl\":\"https:\/\/www.omnium.cat\/wp-content\/uploads\/52564245687_e614573e4d_o-768x512.jpg\",\"datePublished\":\"2018-04-10T10:33:46+00:00\",\"dateModified\":\"2023-12-05T12:54:16+00:00\",\"breadcrumb\":{\"@id\":\"https:\/\/www.omnium.cat\/ca\/projectes\/nit-santa-llucia\/historia\/#breadcrumb\"},\"inLanguage\":\"ca\",\"potentialAction\":[{\"@type\":\"ReadAction\",\"target\":[\"https:\/\/www.omnium.cat\/ca\/projectes\/nit-santa-llucia\/historia\/\"]}]},{\"@type\":\"ImageObject\",\"inLanguage\":\"ca\",\"@id\":\"https:\/\/www.omnium.cat\/ca\/projectes\/nit-santa-llucia\/historia\/#primaryimage\",\"url\":\"https:\/\/www.omnium.cat\/wp-content\/uploads\/52564245687_e614573e4d_o-768x512.jpg\",\"contentUrl\":\"https:\/\/www.omnium.cat\/wp-content\/uploads\/52564245687_e614573e4d_o-768x512.jpg\"},{\"@type\":\"BreadcrumbList\",\"@id\":\"https:\/\/www.omnium.cat\/ca\/projectes\/nit-santa-llucia\/historia\/#breadcrumb\",\"itemListElement\":[{\"@type\":\"ListItem\",\"position\":1,\"name\":\"Inici\",\"item\":\"https:\/\/www.omnium.cat\/ca\/\"},{\"@type\":\"ListItem\",\"position\":2,\"name\":\"Projectes\",\"item\":\"https:\/\/www.omnium.cat\/ca\/projectes\/\"},{\"@type\":\"ListItem\",\"position\":3,\"name\":\"Nit de Santa Ll\u00facia\",\"item\":\"https:\/\/www.omnium.cat\/ca\/projectes\/nit-santa-llucia\/\"},{\"@type\":\"ListItem\",\"position\":4,\"name\":\"Hist\u00f2ria (Nit de Santa Ll\u00facia)\"}]},{\"@type\":\"WebSite\",\"@id\":\"https:\/\/www.omnium.cat\/ca\/#website\",\"url\":\"https:\/\/www.omnium.cat\/ca\/\",\"name\":\"\u00d2mnium Cultural\",\"description\":\"Llengua Cultura Pa\u00eds\",\"publisher\":{\"@id\":\"https:\/\/www.omnium.cat\/ca\/#organization\"},\"potentialAction\":[{\"@type\":\"SearchAction\",\"target\":{\"@type\":\"EntryPoint\",\"urlTemplate\":\"https:\/\/www.omnium.cat\/ca\/?s={search_term_string}\"},\"query-input\":{\"@type\":\"PropertyValueSpecification\",\"valueRequired\":true,\"valueName\":\"search_term_string\"}}],\"inLanguage\":\"ca\"},{\"@type\":\"Organization\",\"@id\":\"https:\/\/www.omnium.cat\/ca\/#organization\",\"name\":\"\u00d2mnium Cultural\",\"url\":\"https:\/\/www.omnium.cat\/ca\/\",\"logo\":{\"@type\":\"ImageObject\",\"inLanguage\":\"ca\",\"@id\":\"https:\/\/www.omnium.cat\/ca\/#\/schema\/logo\/image\/\",\"url\":\"https:\/\/cdn.omnium.cat\/wp-content\/uploads\/2019\/06\/01112517\/cropped-omnium_logo-1.png\",\"contentUrl\":\"https:\/\/cdn.omnium.cat\/wp-content\/uploads\/2019\/06\/01112517\/cropped-omnium_logo-1.png\",\"width\":1213,\"height\":262,\"caption\":\"\u00d2mnium Cultural\"},\"image\":{\"@id\":\"https:\/\/www.omnium.cat\/ca\/#\/schema\/logo\/image\/\"},\"sameAs\":[\"https:\/\/www.facebook.com\/omniumcultural\",\"https:\/\/x.com\/omnium\",\"https:\/\/www.instagram.com\/omniumcultural\/\",\"https:\/\/www.youtube.com\/user\/omniumcultural\"]}]}<\/script>\n<!-- \/ Yoast SEO plugin. -->","yoast_head_json":{"title":"Hist\u00f2ria (Nit de Santa Ll\u00facia) - \u00d2mnium Cultural","robots":{"index":"index","follow":"follow","max-snippet":"max-snippet:-1","max-image-preview":"max-image-preview:large","max-video-preview":"max-video-preview:-1"},"canonical":"https:\/\/www.omnium.cat\/ca\/projectes\/nit-santa-llucia\/historia\/","twitter_misc":{"Temps estimat de lectura":"3 minuts"},"schema":{"@context":"https:\/\/schema.org","@graph":[{"@type":"WebPage","@id":"https:\/\/www.omnium.cat\/ca\/projectes\/nit-santa-llucia\/historia\/","url":"https:\/\/www.omnium.cat\/ca\/projectes\/nit-santa-llucia\/historia\/","name":"Hist\u00f2ria (Nit de Santa Ll\u00facia) - \u00d2mnium Cultural","isPartOf":{"@id":"https:\/\/www.omnium.cat\/ca\/#website"},"primaryImageOfPage":{"@id":"https:\/\/www.omnium.cat\/ca\/projectes\/nit-santa-llucia\/historia\/#primaryimage"},"image":{"@id":"https:\/\/www.omnium.cat\/ca\/projectes\/nit-santa-llucia\/historia\/#primaryimage"},"thumbnailUrl":"https:\/\/www.omnium.cat\/wp-content\/uploads\/52564245687_e614573e4d_o-768x512.jpg","datePublished":"2018-04-10T10:33:46+00:00","dateModified":"2023-12-05T12:54:16+00:00","breadcrumb":{"@id":"https:\/\/www.omnium.cat\/ca\/projectes\/nit-santa-llucia\/historia\/#breadcrumb"},"inLanguage":"ca","potentialAction":[{"@type":"ReadAction","target":["https:\/\/www.omnium.cat\/ca\/projectes\/nit-santa-llucia\/historia\/"]}]},{"@type":"ImageObject","inLanguage":"ca","@id":"https:\/\/www.omnium.cat\/ca\/projectes\/nit-santa-llucia\/historia\/#primaryimage","url":"https:\/\/www.omnium.cat\/wp-content\/uploads\/52564245687_e614573e4d_o-768x512.jpg","contentUrl":"https:\/\/www.omnium.cat\/wp-content\/uploads\/52564245687_e614573e4d_o-768x512.jpg"},{"@type":"BreadcrumbList","@id":"https:\/\/www.omnium.cat\/ca\/projectes\/nit-santa-llucia\/historia\/#breadcrumb","itemListElement":[{"@type":"ListItem","position":1,"name":"Inici","item":"https:\/\/www.omnium.cat\/ca\/"},{"@type":"ListItem","position":2,"name":"Projectes","item":"https:\/\/www.omnium.cat\/ca\/projectes\/"},{"@type":"ListItem","position":3,"name":"Nit de Santa Ll\u00facia","item":"https:\/\/www.omnium.cat\/ca\/projectes\/nit-santa-llucia\/"},{"@type":"ListItem","position":4,"name":"Hist\u00f2ria (Nit de Santa Ll\u00facia)"}]},{"@type":"WebSite","@id":"https:\/\/www.omnium.cat\/ca\/#website","url":"https:\/\/www.omnium.cat\/ca\/","name":"\u00d2mnium Cultural","description":"Llengua Cultura Pa\u00eds","publisher":{"@id":"https:\/\/www.omnium.cat\/ca\/#organization"},"potentialAction":[{"@type":"SearchAction","target":{"@type":"EntryPoint","urlTemplate":"https:\/\/www.omnium.cat\/ca\/?s={search_term_string}"},"query-input":{"@type":"PropertyValueSpecification","valueRequired":true,"valueName":"search_term_string"}}],"inLanguage":"ca"},{"@type":"Organization","@id":"https:\/\/www.omnium.cat\/ca\/#organization","name":"\u00d2mnium Cultural","url":"https:\/\/www.omnium.cat\/ca\/","logo":{"@type":"ImageObject","inLanguage":"ca","@id":"https:\/\/www.omnium.cat\/ca\/#\/schema\/logo\/image\/","url":"https:\/\/cdn.omnium.cat\/wp-content\/uploads\/2019\/06\/01112517\/cropped-omnium_logo-1.png","contentUrl":"https:\/\/cdn.omnium.cat\/wp-content\/uploads\/2019\/06\/01112517\/cropped-omnium_logo-1.png","width":1213,"height":262,"caption":"\u00d2mnium Cultural"},"image":{"@id":"https:\/\/www.omnium.cat\/ca\/#\/schema\/logo\/image\/"},"sameAs":["https:\/\/www.facebook.com\/omniumcultural","https:\/\/x.com\/omnium","https:\/\/www.instagram.com\/omniumcultural\/","https:\/\/www.youtube.com\/user\/omniumcultural"]}]}},"_links":{"self":[{"href":"https:\/\/www.omnium.cat\/ca\/wp-json\/wp\/v2\/pages\/302","targetHints":{"allow":["GET"]}}],"collection":[{"href":"https:\/\/www.omnium.cat\/ca\/wp-json\/wp\/v2\/pages"}],"about":[{"href":"https:\/\/www.omnium.cat\/ca\/wp-json\/wp\/v2\/types\/page"}],"author":[{"embeddable":true,"href":"https:\/\/www.omnium.cat\/ca\/wp-json\/wp\/v2\/users\/1"}],"replies":[{"embeddable":true,"href":"https:\/\/www.omnium.cat\/ca\/wp-json\/wp\/v2\/comments?post=302"}],"version-history":[{"count":31,"href":"https:\/\/www.omnium.cat\/ca\/wp-json\/wp\/v2\/pages\/302\/revisions"}],"predecessor-version":[{"id":393757,"href":"https:\/\/www.omnium.cat\/ca\/wp-json\/wp\/v2\/pages\/302\/revisions\/393757"}],"up":[{"embeddable":true,"href":"https:\/\/www.omnium.cat\/ca\/wp-json\/wp\/v2\/pages\/17380"}],"wp:attachment":[{"href":"https:\/\/www.omnium.cat\/ca\/wp-json\/wp\/v2\/media?parent=302"}],"curies":[{"name":"wp","href":"https:\/\/api.w.org\/{rel}","templated":true}]}}