{"id":350769,"date":"2022-10-13T17:18:40","date_gmt":"2022-10-13T15:18:40","guid":{"rendered":"https:\/\/www.omnium.cat\/?page_id=350769"},"modified":"2024-01-24T13:53:40","modified_gmt":"2024-01-24T12:53:40","slug":"empreses-omnium-cultural","status":"publish","type":"page","link":"https:\/\/www.omnium.cat\/ca\/empreses-omnium-cultural\/","title":{"rendered":"Empreses \u00d2mnium Cultural"},"content":{"rendered":"\t\t<div data-elementor-type=\"wp-post\" data-elementor-id=\"350769\" class=\"elementor elementor-350769\" data-elementor-post-type=\"page\">\n\t\t\t\t<div class=\"elementor-element elementor-element-b5f8d04 e-con-full e-flex fullpage-js-section-no fullpage-js-position-centered e-con e-parent\" data-id=\"b5f8d04\" data-element_type=\"container\" data-e-type=\"container\">\n\t\t\t\t<div class=\"elementor-element elementor-element-a9bd556 elementor-widget elementor-widget-image\" data-id=\"a9bd556\" data-element_type=\"widget\" data-e-type=\"widget\" data-widget_type=\"image.default\">\n\t\t\t\t<div class=\"elementor-widget-container\">\n\t\t\t\t\t\t\t\t\t\t\t\t\t\t\t<img fetchpriority=\"high\" decoding=\"async\" width=\"828\" height=\"451\" src=\"https:\/\/cdn.omnium.cat\/wp-content\/uploads\/2022\/10\/13164436\/DESKTOP-I-MOBILE-EMPRESES_Mesa-de-trabajo-1-copia.png\" class=\"attachment-large size-large wp-image-386762\" alt=\"\" srcset=\"https:\/\/cdn.omnium.cat\/wp-content\/uploads\/2022\/10\/13164436\/DESKTOP-I-MOBILE-EMPRESES_Mesa-de-trabajo-1-copia.png 828w, https:\/\/cdn.omnium.cat\/wp-content\/uploads\/2022\/10\/13164436\/DESKTOP-I-MOBILE-EMPRESES_Mesa-de-trabajo-1-copia-300x163.png 300w, https:\/\/cdn.omnium.cat\/wp-content\/uploads\/2022\/10\/13164436\/DESKTOP-I-MOBILE-EMPRESES_Mesa-de-trabajo-1-copia-768x418.png 768w\" sizes=\"(max-width: 828px) 100vw, 828px\" \/>\t\t\t\t\t\t\t\t\t\t\t\t\t\t\t<\/div>\n\t\t\t\t<\/div>\n\t\t\t\t<\/div>\n\t\t<div class=\"elementor-element elementor-element-3bb724b e-flex e-con-boxed fullpage-js-section-no fullpage-js-position-centered e-con e-parent\" data-id=\"3bb724b\" data-element_type=\"container\" data-e-type=\"container\">\n\t\t\t\t\t<div class=\"e-con-inner\">\n\t\t\t\t<div class=\"elementor-element elementor-element-248d4f9 elementor-widget elementor-widget-text-editor\" data-id=\"248d4f9\" data-element_type=\"widget\" data-e-type=\"widget\" data-widget_type=\"text-editor.default\">\n\t\t\t\t<div class=\"elementor-widget-container\">\n\t\t\t\t\t\t\t\t\t<p><strong>\u00a0<\/strong><\/p><p><strong>Fa m\u00e9s de seixanta anys un grup d&#8217;empresaris fundava \u00d2mnium Cultural<\/strong> amb el prop\u00f2sit de treballar per la llengua, la cultura i el pa\u00eds. L&#8217;amena\u00e7a de la dictadura no va frenar la seva determinaci\u00f3 i avui dia som <strong>l&#8217;entitat c\u00edvica i cultural m\u00e9s gran d&#8217;Europa.<\/strong><\/p><p>Ja s\u00f3n moltes les empreses del nostre pa\u00eds que s&#8217;han sumat a <strong>una comunitat que arriba a m\u00e9s de mig mili\u00f3 de persones<\/strong>. La for\u00e7a col\u00b7lectiva \u00e9s imprescindible perqu\u00e8 el pa\u00eds avanci, per\u00f2 mai som prous per arribar m\u00e9s lluny.<\/p><p>T\u2019hi afegeixes?<\/p>\t\t\t\t\t\t\t\t<\/div>\n\t\t\t\t<\/div>\n\t\t\t\t<div class=\"elementor-element elementor-element-3d347cd elementor-widget elementor-widget-image\" data-id=\"3d347cd\" data-element_type=\"widget\" data-e-type=\"widget\" data-widget_type=\"image.default\">\n\t\t\t\t<div class=\"elementor-widget-container\">\n\t\t\t\t\t\t\t\t\t\t\t\t\t\t\t\t<a href=\"https:\/\/fes-te-soci.omnium.cat\/empreses?UTM_source=cc&#038;utm_medium=cc\">\n\t\t\t\t\t\t\t<img decoding=\"async\" width=\"591\" height=\"104\" src=\"https:\/\/cdn.omnium.cat\/wp-content\/uploads\/2022\/10\/12164938\/MAILING-EMPRESES_captacio-04.png\" class=\"attachment-medium_large size-medium_large wp-image-386550\" alt=\"\" srcset=\"https:\/\/cdn.omnium.cat\/wp-content\/uploads\/2022\/10\/12164938\/MAILING-EMPRESES_captacio-04.png 591w, https:\/\/cdn.omnium.cat\/wp-content\/uploads\/2022\/10\/12164938\/MAILING-EMPRESES_captacio-04-300x53.png 300w\" sizes=\"(max-width: 591px) 100vw, 591px\" \/>\t\t\t\t\t\t\t\t<\/a>\n\t\t\t\t\t\t\t\t\t\t\t\t\t\t\t<\/div>\n\t\t\t\t<\/div>\n\t\t\t\t\t<\/div>\n\t\t\t\t<\/div>\n\t\t<div class=\"elementor-element elementor-element-0e7a31a e-flex e-con-boxed fullpage-js-section-no fullpage-js-position-centered e-con e-parent\" data-id=\"0e7a31a\" data-element_type=\"container\" data-e-type=\"container\">\n\t\t\t\t\t<div class=\"e-con-inner\">\n\t\t\t\t<div class=\"elementor-element elementor-element-ea37e1d elementor-widget elementor-widget-text-editor\" data-id=\"ea37e1d\" data-element_type=\"widget\" data-e-type=\"widget\" data-widget_type=\"text-editor.default\">\n\t\t\t\t<div class=\"elementor-widget-container\">\n\t\t\t\t\t\t\t\t\t<p>\u00a0<\/p><p>L\u2019any 2010 l\u2019entitat va renunciar a les subvencions p\u00fabliques i <strong>es financia exclusivament amb les aportacions dels seus socis i s\u00f2cies.<\/strong> Aix\u00f2 ens permet desenvolupar tota la nostra activitat amb independ\u00e8ncia i la mirada posada en el benefici del pa\u00eds.<\/p>\t\t\t\t\t\t\t\t<\/div>\n\t\t\t\t<\/div>\n\t\t\t\t\t<\/div>\n\t\t\t\t<\/div>\n\t\t<div class=\"elementor-element elementor-element-43c6c95 e-flex e-con-boxed fullpage-js-section-no fullpage-js-position-centered e-con e-parent\" data-id=\"43c6c95\" data-element_type=\"container\" data-e-type=\"container\">\n\t\t\t\t\t<div class=\"e-con-inner\">\n\t\t\t\t<div class=\"elementor-element elementor-element-1ee75b3 elementor-widget elementor-widget-spacer\" data-id=\"1ee75b3\" data-element_type=\"widget\" data-e-type=\"widget\" data-widget_type=\"spacer.default\">\n\t\t\t\t<div class=\"elementor-widget-container\">\n\t\t\t\t\t\t\t<div class=\"elementor-spacer\">\n\t\t\t<div class=\"elementor-spacer-inner\"><\/div>\n\t\t<\/div>\n\t\t\t\t\t\t<\/div>\n\t\t\t\t<\/div>\n\t\t\t\t\t<\/div>\n\t\t\t\t<\/div>\n\t\t<div class=\"elementor-element elementor-element-ef10664 e-flex e-con-boxed fullpage-js-section-no fullpage-js-position-centered e-con e-parent\" data-id=\"ef10664\" data-element_type=\"container\" data-e-type=\"container\">\n\t\t\t\t\t<div class=\"e-con-inner\">\n\t\t\t\t<div class=\"elementor-element elementor-element-b8b5956 elementor-widget elementor-widget-image\" data-id=\"b8b5956\" data-element_type=\"widget\" data-e-type=\"widget\" data-widget_type=\"image.default\">\n\t\t\t\t<div class=\"elementor-widget-container\">\n\t\t\t\t\t\t\t\t\t\t\t\t\t\t\t<img decoding=\"async\" width=\"768\" height=\"644\" src=\"https:\/\/cdn.omnium.cat\/wp-content\/uploads\/2022\/10\/16174219\/NOU-MAILING-EMPRESES_captacio_Mesa-de-trabajo-1-copy-5-copia-5-768x644.png\" class=\"attachment-medium_large size-medium_large wp-image-386924\" alt=\"\" srcset=\"https:\/\/cdn.omnium.cat\/wp-content\/uploads\/2022\/10\/16174219\/NOU-MAILING-EMPRESES_captacio_Mesa-de-trabajo-1-copy-5-copia-5-768x644.png 768w, https:\/\/cdn.omnium.cat\/wp-content\/uploads\/2022\/10\/16174219\/NOU-MAILING-EMPRESES_captacio_Mesa-de-trabajo-1-copy-5-copia-5-300x252.png 300w, https:\/\/cdn.omnium.cat\/wp-content\/uploads\/2022\/10\/16174219\/NOU-MAILING-EMPRESES_captacio_Mesa-de-trabajo-1-copy-5-copia-5-1024x859.png 1024w, https:\/\/cdn.omnium.cat\/wp-content\/uploads\/2022\/10\/16174219\/NOU-MAILING-EMPRESES_captacio_Mesa-de-trabajo-1-copy-5-copia-5.png 1251w\" sizes=\"(max-width: 768px) 100vw, 768px\" \/>\t\t\t\t\t\t\t\t\t\t\t\t\t\t\t<\/div>\n\t\t\t\t<\/div>\n\t\t\t\t<div class=\"elementor-element elementor-element-850f581 elementor-widget elementor-widget-image\" data-id=\"850f581\" data-element_type=\"widget\" data-e-type=\"widget\" data-widget_type=\"image.default\">\n\t\t\t\t<div class=\"elementor-widget-container\">\n\t\t\t\t\t\t\t\t\t\t\t\t\t\t\t<img loading=\"lazy\" decoding=\"async\" width=\"768\" height=\"588\" src=\"https:\/\/cdn.omnium.cat\/wp-content\/uploads\/2022\/10\/16174232\/NOU-MAILING-EMPRESES_captacio-07-768x588.png\" class=\"attachment-medium_large size-medium_large wp-image-386929\" alt=\"\" srcset=\"https:\/\/cdn.omnium.cat\/wp-content\/uploads\/2022\/10\/16174232\/NOU-MAILING-EMPRESES_captacio-07-768x588.png 768w, https:\/\/cdn.omnium.cat\/wp-content\/uploads\/2022\/10\/16174232\/NOU-MAILING-EMPRESES_captacio-07-300x230.png 300w, https:\/\/cdn.omnium.cat\/wp-content\/uploads\/2022\/10\/16174232\/NOU-MAILING-EMPRESES_captacio-07-1024x784.png 1024w, https:\/\/cdn.omnium.cat\/wp-content\/uploads\/2022\/10\/16174232\/NOU-MAILING-EMPRESES_captacio-07.png 1251w\" sizes=\"(max-width: 768px) 100vw, 768px\" \/>\t\t\t\t\t\t\t\t\t\t\t\t\t\t\t<\/div>\n\t\t\t\t<\/div>\n\t\t\t\t\t<\/div>\n\t\t\t\t<\/div>\n\t\t<div class=\"elementor-element elementor-element-ffdbef1 e-flex e-con-boxed fullpage-js-section-no fullpage-js-position-centered e-con e-parent\" data-id=\"ffdbef1\" data-element_type=\"container\" data-e-type=\"container\">\n\t\t\t\t\t<div class=\"e-con-inner\">\n\t\t\t\t<div class=\"elementor-element elementor-element-0d6312a elementor-widget elementor-widget-image\" data-id=\"0d6312a\" data-element_type=\"widget\" data-e-type=\"widget\" data-widget_type=\"image.default\">\n\t\t\t\t<div class=\"elementor-widget-container\">\n\t\t\t\t\t\t\t\t\t\t\t\t\t\t\t<img loading=\"lazy\" decoding=\"async\" width=\"334\" height=\"58\" src=\"https:\/\/cdn.omnium.cat\/wp-content\/uploads\/2022\/10\/24133828\/Descarrega-dossier.png\" class=\"attachment-large size-large wp-image-396748\" alt=\"\" srcset=\"https:\/\/cdn.omnium.cat\/wp-content\/uploads\/2022\/10\/24133828\/Descarrega-dossier.png 334w, https:\/\/cdn.omnium.cat\/wp-content\/uploads\/2022\/10\/24133828\/Descarrega-dossier-300x52.png 300w\" sizes=\"(max-width: 334px) 100vw, 334px\" \/>\t\t\t\t\t\t\t\t\t\t\t\t\t\t\t<\/div>\n\t\t\t\t<\/div>\n\t\t\t\t\t<\/div>\n\t\t\t\t<\/div>\n\t\t<div class=\"elementor-element elementor-element-d205e8e e-con-full e-flex fullpage-js-section-no fullpage-js-position-centered e-con e-parent\" data-id=\"d205e8e\" data-element_type=\"container\" data-e-type=\"container\">\n\t\t\t\t<div class=\"elementor-element elementor-element-8498909 elementor-widget elementor-widget-text-editor\" data-id=\"8498909\" data-element_type=\"widget\" data-e-type=\"widget\" data-widget_type=\"text-editor.default\">\n\t\t\t\t<div class=\"elementor-widget-container\">\n\t\t\t\t\t\t\t\t\t<p style=\"text-align: center;\">A m\u00e9s, gr\u00e0cies a l\u2019aprovaci\u00f3 de la reforma de la Llei de Mecenatge,\u00a0<strong>el percentatge de desgravaci\u00f3 \u00e9s del 40% i, si durant els \u00faltims dos anys has fet un donatiu igual o superior, el 40% passa al 50%.<\/strong><\/p>\t\t\t\t\t\t\t\t<\/div>\n\t\t\t\t<\/div>\n\t\t\t\t<\/div>\n\t\t<div class=\"elementor-element elementor-element-8405a36 e-flex e-con-boxed fullpage-js-section-no fullpage-js-position-centered e-con e-parent\" data-id=\"8405a36\" data-element_type=\"container\" data-e-type=\"container\">\n\t\t\t\t\t<div class=\"e-con-inner\">\n\t\t\t\t<div class=\"elementor-element elementor-element-e2a7809 elementor-widget elementor-widget-image\" data-id=\"e2a7809\" data-element_type=\"widget\" data-e-type=\"widget\" data-widget_type=\"image.default\">\n\t\t\t\t<div class=\"elementor-widget-container\">\n\t\t\t\t\t\t\t\t\t\t\t\t\t\t\t\t<a href=\"tel:%20934452026\">\n\t\t\t\t\t\t\t<img loading=\"lazy\" decoding=\"async\" width=\"758\" height=\"182\" src=\"https:\/\/cdn.omnium.cat\/wp-content\/uploads\/2022\/10\/12170133\/MAILING-EMPRESES_captacio-07.png\" class=\"attachment-large size-large wp-image-386583\" alt=\"\" srcset=\"https:\/\/cdn.omnium.cat\/wp-content\/uploads\/2022\/10\/12170133\/MAILING-EMPRESES_captacio-07.png 758w, https:\/\/cdn.omnium.cat\/wp-content\/uploads\/2022\/10\/12170133\/MAILING-EMPRESES_captacio-07-300x72.png 300w\" sizes=\"(max-width: 758px) 100vw, 758px\" \/>\t\t\t\t\t\t\t\t<\/a>\n\t\t\t\t\t\t\t\t\t\t\t\t\t\t\t<\/div>\n\t\t\t\t<\/div>\n\t\t\t\t\t<\/div>\n\t\t\t\t<\/div>\n\t\t<div class=\"elementor-element elementor-element-db36bd2 e-flex e-con-boxed fullpage-js-section-no fullpage-js-position-centered e-con e-parent\" data-id=\"db36bd2\" data-element_type=\"container\" data-e-type=\"container\">\n\t\t\t\t\t<div class=\"e-con-inner\">\n\t\t\t\t\t<\/div>\n\t\t\t\t<\/div>\n\t\t\t\t<\/div>\n\t\t","protected":false},"excerpt":{"rendered":"<p>\u00a0 Fa m\u00e9s de seixanta anys un grup d&#8217;empresaris fundava \u00d2mnium Cultural amb el prop\u00f2sit de treballar per la llengua, la cultura i el pa\u00eds. L&#8217;amena\u00e7a de la dictadura no [&hellip;]<\/p>\n","protected":false},"author":249,"featured_media":0,"parent":0,"menu_order":0,"comment_status":"closed","ping_status":"closed","template":"","meta":{"_acf_changed":false,"footnotes":""},"class_list":["post-350769","page","type-page","status-publish","hentry"],"acf":[],"yoast_head":"<!-- This site is optimized with the Yoast SEO plugin v27.2 - https:\/\/yoast.com\/product\/yoast-seo-wordpress\/ -->\n<title>Empreses \u00d2mnium Cultural - \u00d2mnium Cultural<\/title>\n<meta name=\"robots\" content=\"index, follow, max-snippet:-1, max-image-preview:large, max-video-preview:-1\" \/>\n<link rel=\"canonical\" href=\"https:\/\/www.omnium.cat\/ca\/empreses-omnium-cultural\/\" \/>\n<meta name=\"twitter:label1\" content=\"Temps estimat de lectura\" \/>\n\t<meta name=\"twitter:data1\" content=\"3 minuts\" \/>\n<script type=\"application\/ld+json\" class=\"yoast-schema-graph\">{\"@context\":\"https:\/\/schema.org\",\"@graph\":[{\"@type\":\"WebPage\",\"@id\":\"https:\/\/www.omnium.cat\/ca\/empreses-omnium-cultural\/\",\"url\":\"https:\/\/www.omnium.cat\/ca\/empreses-omnium-cultural\/\",\"name\":\"Empreses \u00d2mnium Cultural - \u00d2mnium Cultural\",\"isPartOf\":{\"@id\":\"https:\/\/www.omnium.cat\/ca\/#website\"},\"primaryImageOfPage\":{\"@id\":\"https:\/\/www.omnium.cat\/ca\/empreses-omnium-cultural\/#primaryimage\"},\"image\":{\"@id\":\"https:\/\/www.omnium.cat\/ca\/empreses-omnium-cultural\/#primaryimage\"},\"thumbnailUrl\":\"https:\/\/www.omnium.cat\/wp-content\/uploads\/DESKTOP-I-MOBILE-EMPRESES_Mesa-de-trabajo-1-copia.png\",\"datePublished\":\"2022-10-13T15:18:40+00:00\",\"dateModified\":\"2024-01-24T12:53:40+00:00\",\"breadcrumb\":{\"@id\":\"https:\/\/www.omnium.cat\/ca\/empreses-omnium-cultural\/#breadcrumb\"},\"inLanguage\":\"ca\",\"potentialAction\":[{\"@type\":\"ReadAction\",\"target\":[\"https:\/\/www.omnium.cat\/ca\/empreses-omnium-cultural\/\"]}]},{\"@type\":\"ImageObject\",\"inLanguage\":\"ca\",\"@id\":\"https:\/\/www.omnium.cat\/ca\/empreses-omnium-cultural\/#primaryimage\",\"url\":\"https:\/\/www.omnium.cat\/wp-content\/uploads\/DESKTOP-I-MOBILE-EMPRESES_Mesa-de-trabajo-1-copia.png\",\"contentUrl\":\"https:\/\/www.omnium.cat\/wp-content\/uploads\/DESKTOP-I-MOBILE-EMPRESES_Mesa-de-trabajo-1-copia.png\"},{\"@type\":\"BreadcrumbList\",\"@id\":\"https:\/\/www.omnium.cat\/ca\/empreses-omnium-cultural\/#breadcrumb\",\"itemListElement\":[{\"@type\":\"ListItem\",\"position\":1,\"name\":\"Inici\",\"item\":\"https:\/\/www.omnium.cat\/ca\/\"},{\"@type\":\"ListItem\",\"position\":2,\"name\":\"Empreses \u00d2mnium Cultural\"}]},{\"@type\":\"WebSite\",\"@id\":\"https:\/\/www.omnium.cat\/ca\/#website\",\"url\":\"https:\/\/www.omnium.cat\/ca\/\",\"name\":\"\u00d2mnium Cultural\",\"description\":\"Llengua Cultura Pa\u00eds\",\"publisher\":{\"@id\":\"https:\/\/www.omnium.cat\/ca\/#organization\"},\"potentialAction\":[{\"@type\":\"SearchAction\",\"target\":{\"@type\":\"EntryPoint\",\"urlTemplate\":\"https:\/\/www.omnium.cat\/ca\/?s={search_term_string}\"},\"query-input\":{\"@type\":\"PropertyValueSpecification\",\"valueRequired\":true,\"valueName\":\"search_term_string\"}}],\"inLanguage\":\"ca\"},{\"@type\":\"Organization\",\"@id\":\"https:\/\/www.omnium.cat\/ca\/#organization\",\"name\":\"\u00d2mnium Cultural\",\"url\":\"https:\/\/www.omnium.cat\/ca\/\",\"logo\":{\"@type\":\"ImageObject\",\"inLanguage\":\"ca\",\"@id\":\"https:\/\/www.omnium.cat\/ca\/#\/schema\/logo\/image\/\",\"url\":\"https:\/\/cdn.omnium.cat\/wp-content\/uploads\/2019\/06\/01112517\/cropped-omnium_logo-1.png\",\"contentUrl\":\"https:\/\/cdn.omnium.cat\/wp-content\/uploads\/2019\/06\/01112517\/cropped-omnium_logo-1.png\",\"width\":1213,\"height\":262,\"caption\":\"\u00d2mnium Cultural\"},\"image\":{\"@id\":\"https:\/\/www.omnium.cat\/ca\/#\/schema\/logo\/image\/\"},\"sameAs\":[\"https:\/\/www.facebook.com\/omniumcultural\",\"https:\/\/x.com\/omnium\",\"https:\/\/www.instagram.com\/omniumcultural\/\",\"https:\/\/www.youtube.com\/user\/omniumcultural\"]}]}<\/script>\n<!-- \/ Yoast SEO plugin. -->","yoast_head_json":{"title":"Empreses \u00d2mnium Cultural - \u00d2mnium Cultural","robots":{"index":"index","follow":"follow","max-snippet":"max-snippet:-1","max-image-preview":"max-image-preview:large","max-video-preview":"max-video-preview:-1"},"canonical":"https:\/\/www.omnium.cat\/ca\/empreses-omnium-cultural\/","twitter_misc":{"Temps estimat de lectura":"3 minuts"},"schema":{"@context":"https:\/\/schema.org","@graph":[{"@type":"WebPage","@id":"https:\/\/www.omnium.cat\/ca\/empreses-omnium-cultural\/","url":"https:\/\/www.omnium.cat\/ca\/empreses-omnium-cultural\/","name":"Empreses \u00d2mnium Cultural - \u00d2mnium Cultural","isPartOf":{"@id":"https:\/\/www.omnium.cat\/ca\/#website"},"primaryImageOfPage":{"@id":"https:\/\/www.omnium.cat\/ca\/empreses-omnium-cultural\/#primaryimage"},"image":{"@id":"https:\/\/www.omnium.cat\/ca\/empreses-omnium-cultural\/#primaryimage"},"thumbnailUrl":"https:\/\/www.omnium.cat\/wp-content\/uploads\/DESKTOP-I-MOBILE-EMPRESES_Mesa-de-trabajo-1-copia.png","datePublished":"2022-10-13T15:18:40+00:00","dateModified":"2024-01-24T12:53:40+00:00","breadcrumb":{"@id":"https:\/\/www.omnium.cat\/ca\/empreses-omnium-cultural\/#breadcrumb"},"inLanguage":"ca","potentialAction":[{"@type":"ReadAction","target":["https:\/\/www.omnium.cat\/ca\/empreses-omnium-cultural\/"]}]},{"@type":"ImageObject","inLanguage":"ca","@id":"https:\/\/www.omnium.cat\/ca\/empreses-omnium-cultural\/#primaryimage","url":"https:\/\/www.omnium.cat\/wp-content\/uploads\/DESKTOP-I-MOBILE-EMPRESES_Mesa-de-trabajo-1-copia.png","contentUrl":"https:\/\/www.omnium.cat\/wp-content\/uploads\/DESKTOP-I-MOBILE-EMPRESES_Mesa-de-trabajo-1-copia.png"},{"@type":"BreadcrumbList","@id":"https:\/\/www.omnium.cat\/ca\/empreses-omnium-cultural\/#breadcrumb","itemListElement":[{"@type":"ListItem","position":1,"name":"Inici","item":"https:\/\/www.omnium.cat\/ca\/"},{"@type":"ListItem","position":2,"name":"Empreses \u00d2mnium Cultural"}]},{"@type":"WebSite","@id":"https:\/\/www.omnium.cat\/ca\/#website","url":"https:\/\/www.omnium.cat\/ca\/","name":"\u00d2mnium Cultural","description":"Llengua Cultura Pa\u00eds","publisher":{"@id":"https:\/\/www.omnium.cat\/ca\/#organization"},"potentialAction":[{"@type":"SearchAction","target":{"@type":"EntryPoint","urlTemplate":"https:\/\/www.omnium.cat\/ca\/?s={search_term_string}"},"query-input":{"@type":"PropertyValueSpecification","valueRequired":true,"valueName":"search_term_string"}}],"inLanguage":"ca"},{"@type":"Organization","@id":"https:\/\/www.omnium.cat\/ca\/#organization","name":"\u00d2mnium Cultural","url":"https:\/\/www.omnium.cat\/ca\/","logo":{"@type":"ImageObject","inLanguage":"ca","@id":"https:\/\/www.omnium.cat\/ca\/#\/schema\/logo\/image\/","url":"https:\/\/cdn.omnium.cat\/wp-content\/uploads\/2019\/06\/01112517\/cropped-omnium_logo-1.png","contentUrl":"https:\/\/cdn.omnium.cat\/wp-content\/uploads\/2019\/06\/01112517\/cropped-omnium_logo-1.png","width":1213,"height":262,"caption":"\u00d2mnium Cultural"},"image":{"@id":"https:\/\/www.omnium.cat\/ca\/#\/schema\/logo\/image\/"},"sameAs":["https:\/\/www.facebook.com\/omniumcultural","https:\/\/x.com\/omnium","https:\/\/www.instagram.com\/omniumcultural\/","https:\/\/www.youtube.com\/user\/omniumcultural"]}]}},"_links":{"self":[{"href":"https:\/\/www.omnium.cat\/ca\/wp-json\/wp\/v2\/pages\/350769","targetHints":{"allow":["GET"]}}],"collection":[{"href":"https:\/\/www.omnium.cat\/ca\/wp-json\/wp\/v2\/pages"}],"about":[{"href":"https:\/\/www.omnium.cat\/ca\/wp-json\/wp\/v2\/types\/page"}],"author":[{"embeddable":true,"href":"https:\/\/www.omnium.cat\/ca\/wp-json\/wp\/v2\/users\/249"}],"replies":[{"embeddable":true,"href":"https:\/\/www.omnium.cat\/ca\/wp-json\/wp\/v2\/comments?post=350769"}],"version-history":[{"count":302,"href":"https:\/\/www.omnium.cat\/ca\/wp-json\/wp\/v2\/pages\/350769\/revisions"}],"predecessor-version":[{"id":396768,"href":"https:\/\/www.omnium.cat\/ca\/wp-json\/wp\/v2\/pages\/350769\/revisions\/396768"}],"wp:attachment":[{"href":"https:\/\/www.omnium.cat\/ca\/wp-json\/wp\/v2\/media?parent=350769"}],"curies":[{"name":"wp","href":"https:\/\/api.w.org\/{rel}","templated":true}]}}