{"id":35314,"date":"2018-06-06T10:58:18","date_gmt":"2018-06-06T08:58:18","guid":{"rendered":"http:\/\/omnium.whads.com\/politica-de-cookies\/"},"modified":"2020-09-22T12:26:19","modified_gmt":"2020-09-22T10:26:19","slug":"politica-de-cookies","status":"publish","type":"page","link":"https:\/\/www.omnium.cat\/ca\/politica-de-cookies\/","title":{"rendered":"Pol\u00edtica de cookies"},"content":{"rendered":"\t\t<div data-elementor-type=\"wp-page\" data-elementor-id=\"35314\" class=\"elementor elementor-35314\" data-elementor-post-type=\"page\">\n\t\t\t\t\t\t<section class=\"elementor-section elementor-top-section elementor-element elementor-element-769037c7 elementor-section-boxed elementor-section-height-default elementor-section-height-default fullpage-js-section-no fullpage-js-position-centered background-video-grayscale-no\" data-id=\"769037c7\" data-element_type=\"section\" data-e-type=\"section\">\n\t\t\t\t\t\t<div class=\"elementor-container elementor-column-gap-default\">\n\t\t\t\t\t<div class=\"elementor-column elementor-col-100 elementor-top-column elementor-element elementor-element-389dd1ed\" data-id=\"389dd1ed\" data-element_type=\"column\" data-e-type=\"column\">\n\t\t\t<div class=\"elementor-widget-wrap elementor-element-populated\">\n\t\t\t\t\t\t<div class=\"elementor-element elementor-element-16df362b elementor-widget elementor-widget-text-editor\" data-id=\"16df362b\" data-element_type=\"widget\" data-e-type=\"widget\" data-widget_type=\"text-editor.default\">\n\t\t\t\t<div class=\"elementor-widget-container\">\n\t\t\t\t\t\t\t\t\t<p><strong><span style=\"color: inherit; font-size: inherit; letter-spacing: var( --e-global-typography-text-letter-spacing ); text-transform: var( --e-global-typography-text-text-transform );\">\u00bfQu\u00e8 s\u00f3n les cookies?<br \/><\/span><\/strong><span style=\"color: inherit; font-size: inherit; letter-spacing: var( --e-global-typography-text-letter-spacing ); text-transform: var( --e-global-typography-text-text-transform );\">Les cookies s\u00f3n arxius que emmagatzemen i recuperen informaci\u00f3 de la navegaci\u00f3 o \u00fas de l\u2019usuari en un lloc web.<\/span><\/p><p><strong>\u00bfQuins tipus de cookies hi ha?\u00a0<br \/><\/strong>A continuaci\u00f3 classifiquem les cookies en funci\u00f3 d\u2019una s\u00e8rie de categories:\u00a0<\/p><ol style=\"list-style-type: lower-alpha;\"><li><span style=\"text-decoration: underline;\">Segons l\u2019entitat que les gestiona<\/span>:<ul><li><strong>Cookies pr\u00f2pies<\/strong>: s\u2019envien al terminal de l\u2019usuari des d\u2019un equip o domini gestionat per l\u2019editor i des del que es presta el servei sol\u00b7licitat per l\u2019usuari.<\/li><li><strong>Cookies de tercers<\/strong>: s\u2019envien al terminal de l\u2019usuari des d\u2019un equip o domini que no es gestionat per l\u2019editor sin\u00f3 per una altra entitat.<\/li><\/ul><\/li><li><span style=\"text-decoration: underline;\">Segons el termini que romanen activades<\/span>:<ul><li><strong>Cookies de sessi\u00f3<\/strong>: permeten recollir i emmagatzemar dades mentres l\u2019usuari accedeix a un web i desapareixen al terminar la sessi\u00f3.<\/li><li><strong>Cookies persistents<\/strong>: les dades segueixen emmagatzemades en el terminal i poden ser accedides i tractades durant un per\u00edode determinat.<\/li><\/ul><\/li><li><span style=\"text-decoration: underline;\">Segons la finalitat<\/span>:<ul><li><strong>Cookies t\u00e8cniques<\/strong>: permeten la navegaci\u00f3 i la utilizaci\u00f3 de les diferents opcions o serveis que existeixen en ella. Tamb\u00e9 habiliten l\u2019\u00fas de certs complements que completen les funcions del web i que permeten integrar elements de seguretat, identificar la sessi\u00f3 de l\u2019usuari, habilitar passarel\u00b7les de pagament, etc.<\/li><li><strong>Cookies de prefer\u00e8ncies o personalitzaci\u00f3<\/strong>: permeten recordar informaci\u00f3 per a que l\u2019usuari accedeixi al servei amb determinades caracter\u00edstiques com, per exemple, l\u2019idioma, n\u00famero de resultats a mostrar quan es realitza una cerca, l\u2019aspecte o contingut del servei en funci\u00f3 del tipus de navegador a trav\u00e9s del que s\u2019accedeix al servei, etc.<\/li><li><strong>Cookies d\u2019an\u00e1lisi o medici\u00f3<\/strong>: permeten el seguiment i an\u00e0lisi del comportament dels usuaris dels llocs web als que estan vinculats, inclosa la quantificaci\u00f3 dels impactes dels anuncis.<\/li><li><strong>Cookies de publicitat comportamental<\/strong>: emmagatzemen informaci\u00f3 del comportament dels usuaris obtinguda a trav\u00e9s de l\u2019observaci\u00f3 continuada d\u2019h\u00e0bits de navegaci\u00f3 que permeten desenvolupar un perfil espec\u00edfic als que oferir publicitat concreta.<\/li><\/ul><\/li><\/ol><p><strong>\u00bfQuins tipus de cookies s\u2019utilitzen al Web?<\/strong><\/p><ul><li>Pr\u00f2pies i de tercers (<a href=\"https:\/\/developers.google.com\/analytics\/devguides\/collection\/analyticsjs\/cookie-usage\">Google Analytics<\/a>, <a href=\"https:\/\/www.cloudflare.com\/cookie-policy\/\">Cloudflare<\/a>, <a href=\"https:\/\/www.facebook.com\/policy\/cookies\/\">Facebook<\/a>, <a href=\"https:\/\/www.jotform.com\/privacy\/\">Jotform<\/a> i <a href=\"https:\/\/policies.google.com\/technologies\/cookies?hl=en\">Youtube<\/a>)<\/li><li>De sessi\u00f3 i persistents<\/li><li>T\u00e8cniques, de prefer\u00e8ncies, d\u2019an\u00e0lisi o medici\u00f3 i de publicitat comportamental<\/li><\/ul><p>En el sup\u00f2sit que s\u2019ampli\u00efn o es modifiquin les cookies del Web, la Pol\u00edtica de Cookies s\u2019actualizar\u00e0 oportunament.<\/p><p><strong>\u00bfCom es poden habilitar o refusar les cookies? <\/strong><br \/>L\u2019usuari pot configurar les cookies a trav\u00e9s del panell de configuraci\u00f3 previst al Web.\u00a0<\/p><p>Addicionalment, l\u2019usuari pot consultar les opcions i instruccions que ofereix el seu navegador a trav\u00e9s dels seg\u00fcents enlla\u00e7os:<\/p><ul><li style=\"line-height: 24px;\"><a style=\"color: #ef3e1e; line-height: 24px;\" href=\"http:\/\/windows.microsoft.com\/es-es\/windows-vista\/block-or-allow-cookies\" target=\"_blank\" rel=\"noopener\">Configuraci\u00f3 de\u00a0<em>cookies<\/em>\u00a0d&#8217;Internet Explorer<\/a><\/li><li style=\"line-height: 24px;\"><a style=\"line-height: 24px;\" href=\"https:\/\/support.mozilla.org\/es\/kb\/habilitar-y-deshabilitar-cookies-que-los-sitios-we\" target=\"_blank\" rel=\"noopener\">Configuraci\u00f3 de\u00a0<em>cookies<\/em>\u00a0de Firefox<\/a><\/li><li style=\"line-height: 24px;\"><a style=\"line-height: 24px;\" href=\"https:\/\/support.google.com\/chrome\/bin\/answer.py?hl=es&amp;answer=95647\" target=\"_blank\" rel=\"noopener\">Configuraci\u00f3 de\u00a0<em>cookies<\/em>\u00a0de Google Chrome<\/a><\/li><li style=\"line-height: 24px;\"><a style=\"line-height: 24px;\" href=\"http:\/\/support.apple.com\/kb\/HT1677?viewlocale=es_ES&amp;locale=es_ES\" target=\"_blank\" rel=\"noopener\">Configuraci\u00f3 de\u00a0<em>cookies<\/em>\u00a0de Safari<\/a><\/li><li><a href=\"http:\/\/help.opera.com\/Linux\/10.60\/es-ES\/cookies.html\">Configuraci\u00f3 de cookies d\u2019Opera<\/a><\/li><\/ul><p>Aquests navegadors estan sotmesos a actualitzacions o modificacions, fet pel que no podem garantir que s\u2019ajusten completament a la versi\u00f3 del navegador.<\/p><p>En el sup\u00f2sit que l\u2019usuari deshabiliti la utilitzaci\u00f3 de cookies, podr\u00e0 continuar utilitzant el Web per\u00f2 pot tenir limitat l\u2019\u00fas d\u2019algunes de les seves prestacions.<\/p>\t\t\t\t\t\t\t\t<\/div>\n\t\t\t\t<\/div>\n\t\t\t\t\t<\/div>\n\t\t<\/div>\n\t\t\t\t\t<\/div>\n\t\t<\/section>\n\t\t\t\t<\/div>\n\t\t","protected":false},"excerpt":{"rendered":"<p>\u00bfQu\u00e8 s\u00f3n les cookies?Les cookies s\u00f3n arxius que emmagatzemen i recuperen informaci\u00f3 de la navegaci\u00f3 o \u00fas de l\u2019usuari en un lloc web. \u00bfQuins tipus de cookies hi ha?\u00a0A continuaci\u00f3 [&hellip;]<\/p>\n","protected":false},"author":2,"featured_media":0,"parent":0,"menu_order":113,"comment_status":"closed","ping_status":"closed","template":"","meta":{"_acf_changed":false,"footnotes":""},"class_list":["post-35314","page","type-page","status-publish","hentry"],"acf":[],"yoast_head":"<!-- This site is optimized with the Yoast SEO plugin v27.2 - https:\/\/yoast.com\/product\/yoast-seo-wordpress\/ -->\n<title>Pol\u00edtica de cookies - \u00d2mnium Cultural<\/title>\n<meta name=\"robots\" content=\"index, follow, max-snippet:-1, max-image-preview:large, max-video-preview:-1\" \/>\n<link rel=\"canonical\" href=\"https:\/\/www.omnium.cat\/ca\/politica-de-cookies\/\" \/>\n<meta name=\"twitter:label1\" content=\"Temps estimat de lectura\" \/>\n\t<meta name=\"twitter:data1\" content=\"3 minuts\" \/>\n<script type=\"application\/ld+json\" class=\"yoast-schema-graph\">{\"@context\":\"https:\/\/schema.org\",\"@graph\":[{\"@type\":\"WebPage\",\"@id\":\"https:\/\/www.omnium.cat\/ca\/politica-de-cookies\/\",\"url\":\"https:\/\/www.omnium.cat\/ca\/politica-de-cookies\/\",\"name\":\"Pol\u00edtica de cookies - \u00d2mnium Cultural\",\"isPartOf\":{\"@id\":\"https:\/\/www.omnium.cat\/ca\/#website\"},\"datePublished\":\"2018-06-06T08:58:18+00:00\",\"dateModified\":\"2020-09-22T10:26:19+00:00\",\"breadcrumb\":{\"@id\":\"https:\/\/www.omnium.cat\/ca\/politica-de-cookies\/#breadcrumb\"},\"inLanguage\":\"ca\",\"potentialAction\":[{\"@type\":\"ReadAction\",\"target\":[\"https:\/\/www.omnium.cat\/ca\/politica-de-cookies\/\"]}]},{\"@type\":\"BreadcrumbList\",\"@id\":\"https:\/\/www.omnium.cat\/ca\/politica-de-cookies\/#breadcrumb\",\"itemListElement\":[{\"@type\":\"ListItem\",\"position\":1,\"name\":\"Inici\",\"item\":\"https:\/\/www.omnium.cat\/ca\/\"},{\"@type\":\"ListItem\",\"position\":2,\"name\":\"Pol\u00edtica de cookies\"}]},{\"@type\":\"WebSite\",\"@id\":\"https:\/\/www.omnium.cat\/ca\/#website\",\"url\":\"https:\/\/www.omnium.cat\/ca\/\",\"name\":\"\u00d2mnium Cultural\",\"description\":\"Llengua Cultura Pa\u00eds\",\"publisher\":{\"@id\":\"https:\/\/www.omnium.cat\/ca\/#organization\"},\"potentialAction\":[{\"@type\":\"SearchAction\",\"target\":{\"@type\":\"EntryPoint\",\"urlTemplate\":\"https:\/\/www.omnium.cat\/ca\/?s={search_term_string}\"},\"query-input\":{\"@type\":\"PropertyValueSpecification\",\"valueRequired\":true,\"valueName\":\"search_term_string\"}}],\"inLanguage\":\"ca\"},{\"@type\":\"Organization\",\"@id\":\"https:\/\/www.omnium.cat\/ca\/#organization\",\"name\":\"\u00d2mnium Cultural\",\"url\":\"https:\/\/www.omnium.cat\/ca\/\",\"logo\":{\"@type\":\"ImageObject\",\"inLanguage\":\"ca\",\"@id\":\"https:\/\/www.omnium.cat\/ca\/#\/schema\/logo\/image\/\",\"url\":\"https:\/\/cdn.omnium.cat\/wp-content\/uploads\/2019\/06\/01112517\/cropped-omnium_logo-1.png\",\"contentUrl\":\"https:\/\/cdn.omnium.cat\/wp-content\/uploads\/2019\/06\/01112517\/cropped-omnium_logo-1.png\",\"width\":1213,\"height\":262,\"caption\":\"\u00d2mnium Cultural\"},\"image\":{\"@id\":\"https:\/\/www.omnium.cat\/ca\/#\/schema\/logo\/image\/\"},\"sameAs\":[\"https:\/\/www.facebook.com\/omniumcultural\",\"https:\/\/x.com\/omnium\",\"https:\/\/www.instagram.com\/omniumcultural\/\",\"https:\/\/www.youtube.com\/user\/omniumcultural\"]}]}<\/script>\n<!-- \/ Yoast SEO plugin. -->","yoast_head_json":{"title":"Pol\u00edtica de cookies - \u00d2mnium Cultural","robots":{"index":"index","follow":"follow","max-snippet":"max-snippet:-1","max-image-preview":"max-image-preview:large","max-video-preview":"max-video-preview:-1"},"canonical":"https:\/\/www.omnium.cat\/ca\/politica-de-cookies\/","twitter_misc":{"Temps estimat de lectura":"3 minuts"},"schema":{"@context":"https:\/\/schema.org","@graph":[{"@type":"WebPage","@id":"https:\/\/www.omnium.cat\/ca\/politica-de-cookies\/","url":"https:\/\/www.omnium.cat\/ca\/politica-de-cookies\/","name":"Pol\u00edtica de cookies - \u00d2mnium Cultural","isPartOf":{"@id":"https:\/\/www.omnium.cat\/ca\/#website"},"datePublished":"2018-06-06T08:58:18+00:00","dateModified":"2020-09-22T10:26:19+00:00","breadcrumb":{"@id":"https:\/\/www.omnium.cat\/ca\/politica-de-cookies\/#breadcrumb"},"inLanguage":"ca","potentialAction":[{"@type":"ReadAction","target":["https:\/\/www.omnium.cat\/ca\/politica-de-cookies\/"]}]},{"@type":"BreadcrumbList","@id":"https:\/\/www.omnium.cat\/ca\/politica-de-cookies\/#breadcrumb","itemListElement":[{"@type":"ListItem","position":1,"name":"Inici","item":"https:\/\/www.omnium.cat\/ca\/"},{"@type":"ListItem","position":2,"name":"Pol\u00edtica de cookies"}]},{"@type":"WebSite","@id":"https:\/\/www.omnium.cat\/ca\/#website","url":"https:\/\/www.omnium.cat\/ca\/","name":"\u00d2mnium Cultural","description":"Llengua Cultura Pa\u00eds","publisher":{"@id":"https:\/\/www.omnium.cat\/ca\/#organization"},"potentialAction":[{"@type":"SearchAction","target":{"@type":"EntryPoint","urlTemplate":"https:\/\/www.omnium.cat\/ca\/?s={search_term_string}"},"query-input":{"@type":"PropertyValueSpecification","valueRequired":true,"valueName":"search_term_string"}}],"inLanguage":"ca"},{"@type":"Organization","@id":"https:\/\/www.omnium.cat\/ca\/#organization","name":"\u00d2mnium Cultural","url":"https:\/\/www.omnium.cat\/ca\/","logo":{"@type":"ImageObject","inLanguage":"ca","@id":"https:\/\/www.omnium.cat\/ca\/#\/schema\/logo\/image\/","url":"https:\/\/cdn.omnium.cat\/wp-content\/uploads\/2019\/06\/01112517\/cropped-omnium_logo-1.png","contentUrl":"https:\/\/cdn.omnium.cat\/wp-content\/uploads\/2019\/06\/01112517\/cropped-omnium_logo-1.png","width":1213,"height":262,"caption":"\u00d2mnium Cultural"},"image":{"@id":"https:\/\/www.omnium.cat\/ca\/#\/schema\/logo\/image\/"},"sameAs":["https:\/\/www.facebook.com\/omniumcultural","https:\/\/x.com\/omnium","https:\/\/www.instagram.com\/omniumcultural\/","https:\/\/www.youtube.com\/user\/omniumcultural"]}]}},"_links":{"self":[{"href":"https:\/\/www.omnium.cat\/ca\/wp-json\/wp\/v2\/pages\/35314","targetHints":{"allow":["GET"]}}],"collection":[{"href":"https:\/\/www.omnium.cat\/ca\/wp-json\/wp\/v2\/pages"}],"about":[{"href":"https:\/\/www.omnium.cat\/ca\/wp-json\/wp\/v2\/types\/page"}],"author":[{"embeddable":true,"href":"https:\/\/www.omnium.cat\/ca\/wp-json\/wp\/v2\/users\/2"}],"replies":[{"embeddable":true,"href":"https:\/\/www.omnium.cat\/ca\/wp-json\/wp\/v2\/comments?post=35314"}],"version-history":[{"count":4,"href":"https:\/\/www.omnium.cat\/ca\/wp-json\/wp\/v2\/pages\/35314\/revisions"}],"predecessor-version":[{"id":254761,"href":"https:\/\/www.omnium.cat\/ca\/wp-json\/wp\/v2\/pages\/35314\/revisions\/254761"}],"wp:attachment":[{"href":"https:\/\/www.omnium.cat\/ca\/wp-json\/wp\/v2\/media?parent=35314"}],"curies":[{"name":"wp","href":"https:\/\/api.w.org\/{rel}","templated":true}]}}