{"id":36130,"date":"2018-06-14T13:54:13","date_gmt":"2018-06-14T11:54:13","guid":{"rendered":"http:\/\/omnium.whads.com\/projectes\/festa-per-la-llibertat\/"},"modified":"2025-09-01T12:42:54","modified_gmt":"2025-09-01T10:42:54","slug":"festa-per-la-llibertat","status":"publish","type":"page","link":"https:\/\/www.omnium.cat\/ca\/projectes\/festa-per-la-llibertat\/","title":{"rendered":"Diada Nacional"},"content":{"rendered":"\t\t<div data-elementor-type=\"wp-post\" data-elementor-id=\"36130\" class=\"elementor elementor-36130\" data-elementor-post-type=\"page\">\n\t\t\t\t<div class=\"elementor-element elementor-element-733720e e-flex e-con-boxed fullpage-js-section-no fullpage-js-position-centered e-con e-parent\" data-id=\"733720e\" data-element_type=\"container\" data-e-type=\"container\">\n\t\t\t\t\t<div class=\"e-con-inner\">\n\t\t\t\t<div class=\"elementor-element elementor-element-5a33c7c elementor-widget elementor-widget-image\" data-id=\"5a33c7c\" data-element_type=\"widget\" data-e-type=\"widget\" data-widget_type=\"image.default\">\n\t\t\t\t<div class=\"elementor-widget-container\">\n\t\t\t\t\t\t\t\t\t\t\t\t\t\t\t<img fetchpriority=\"high\" decoding=\"async\" width=\"819\" height=\"1024\" src=\"https:\/\/cdn.omnium.cat\/wp-content\/uploads\/2018\/06\/01124226\/XXSS_Programa_11S25_GRUPS_1-819x1024.png\" class=\"attachment-large size-large wp-image-441958\" alt=\"\" srcset=\"https:\/\/cdn.omnium.cat\/wp-content\/uploads\/2018\/06\/01124226\/XXSS_Programa_11S25_GRUPS_1-819x1024.png 819w, https:\/\/cdn.omnium.cat\/wp-content\/uploads\/2018\/06\/01124226\/XXSS_Programa_11S25_GRUPS_1-240x300.png 240w, https:\/\/cdn.omnium.cat\/wp-content\/uploads\/2018\/06\/01124226\/XXSS_Programa_11S25_GRUPS_1-768x960.png 768w, https:\/\/cdn.omnium.cat\/wp-content\/uploads\/2018\/06\/01124226\/XXSS_Programa_11S25_GRUPS_1-614x768.png 614w, https:\/\/cdn.omnium.cat\/wp-content\/uploads\/2018\/06\/01124226\/XXSS_Programa_11S25_GRUPS_1-1229x1536.png 1229w, https:\/\/cdn.omnium.cat\/wp-content\/uploads\/2018\/06\/01124226\/XXSS_Programa_11S25_GRUPS_1-1638x2048.png 1638w, https:\/\/cdn.omnium.cat\/wp-content\/uploads\/2018\/06\/01124226\/XXSS_Programa_11S25_GRUPS_1-1280x1600.png 1280w, https:\/\/cdn.omnium.cat\/wp-content\/uploads\/2018\/06\/01124226\/XXSS_Programa_11S25_GRUPS_1-scaled.png 2048w\" sizes=\"(max-width: 819px) 100vw, 819px\" \/>\t\t\t\t\t\t\t\t\t\t\t\t\t\t\t<\/div>\n\t\t\t\t<\/div>\n\t\t\t\t\t<\/div>\n\t\t\t\t<\/div>\n\t\t<div class=\"elementor-element elementor-element-e166e63 e-flex e-con-boxed fullpage-js-section-no fullpage-js-position-centered e-con e-parent\" data-id=\"e166e63\" data-element_type=\"container\" data-e-type=\"container\">\n\t\t\t\t\t<div class=\"e-con-inner\">\n\t\t\t\t<div class=\"elementor-element elementor-element-72c18ca elementor-widget elementor-widget-text-editor\" data-id=\"72c18ca\" data-element_type=\"widget\" data-e-type=\"widget\" data-widget_type=\"text-editor.default\">\n\t\t\t\t<div class=\"elementor-widget-container\">\n\t\t\t\t\t\t\t\t\t<p>\u00a0<\/p><p><strong>10.00 h i durant tot el dia: MerCAT, fira de propostes de pa\u00eds<br \/><\/strong>Amb un centenar d\u2019entitats i comer\u00e7os que treballen en el marc de la llengua, la cultura i el pa\u00eds.<\/p><p><strong>12.00 h: Acte pol\u00edtic<br \/><\/strong>Amb intervenci\u00f3 del president d&#8217;\u00d2mnium Cultural, Xavier Antich.<\/p><div style=\"text-align: center;\"><strong>17.14 h: Manifestaci\u00f3 unit\u00e0ria &#8211; M\u00e9s motius que mai. Independ\u00e8ncia.<\/strong><\/div><div style=\"text-align: center;\">Mobilitaci\u00f3 descentralitzada, convocada a Barcelona, Girona i Tortosa. A la capital<br \/>catalana es far\u00e0 una manifestaci\u00f3 que iniciar\u00e0 a Pla de Palau, seguir\u00e0 per<br \/>passeig d\u2019Isabel II i per passeig de Colom per acabar a La<br \/>Rambla.<\/div><div>\u00a0<\/div><p><strong>18.30 h: Festa per la Llibertat amb Svetlana, Auxili i K-ZU<\/strong><\/p>\t\t\t\t\t\t\t\t<\/div>\n\t\t\t\t<\/div>\n\t\t<div class=\"elementor-element elementor-element-19cb9f3 e-con-full e-flex fullpage-js-section-no fullpage-js-position-centered e-con e-child\" data-id=\"19cb9f3\" data-element_type=\"container\" data-e-type=\"container\">\n\t\t\t\t<div class=\"elementor-element elementor-element-cecacfa elementor-widget-divider--view-line elementor-widget elementor-widget-divider\" data-id=\"cecacfa\" data-element_type=\"widget\" data-e-type=\"widget\" data-widget_type=\"divider.default\">\n\t\t\t\t<div class=\"elementor-widget-container\">\n\t\t\t\t\t\t\t<div class=\"elementor-divider\">\n\t\t\t<span class=\"elementor-divider-separator\">\n\t\t\t\t\t\t<\/span>\n\t\t<\/div>\n\t\t\t\t\t\t<\/div>\n\t\t\t\t<\/div>\n\t\t\t\t<\/div>\n\t\t<div class=\"elementor-element elementor-element-081adc0 e-con-full e-flex fullpage-js-section-no fullpage-js-position-centered e-con e-child\" data-id=\"081adc0\" data-element_type=\"container\" data-e-type=\"container\">\n\t\t\t\t<div class=\"elementor-element elementor-element-bb7bf13 elementor-widget elementor-widget-text-editor\" data-id=\"bb7bf13\" data-element_type=\"widget\" data-e-type=\"widget\" data-widget_type=\"text-editor.default\">\n\t\t\t\t<div class=\"elementor-widget-container\">\n\t\t\t\t\t\t\t\t\t<p>Amb la col\u00b7laboraci\u00f3 de:<\/p>\t\t\t\t\t\t\t\t<\/div>\n\t\t\t\t<\/div>\n\t\t\t\t<\/div>\n\t\t<div class=\"elementor-element elementor-element-39a7a82 e-con-full e-flex fullpage-js-section-no fullpage-js-position-centered e-con e-child\" data-id=\"39a7a82\" data-element_type=\"container\" data-e-type=\"container\">\n\t\t\t\t<div class=\"elementor-element elementor-element-55b9c54 elementor-widget elementor-widget-image\" data-id=\"55b9c54\" data-element_type=\"widget\" data-e-type=\"widget\" data-widget_type=\"image.default\">\n\t\t\t\t<div class=\"elementor-widget-container\">\n\t\t\t\t\t\t\t\t\t\t\t\t\t\t\t<img decoding=\"async\" width=\"1024\" height=\"154\" src=\"https:\/\/cdn.omnium.cat\/wp-content\/uploads\/2018\/06\/28123906\/LOGOS-PATROCINIS-11s-1024x154.png\" class=\"attachment-large size-large wp-image-441784\" alt=\"\" srcset=\"https:\/\/cdn.omnium.cat\/wp-content\/uploads\/2018\/06\/28123906\/LOGOS-PATROCINIS-11s-1024x154.png 1024w, https:\/\/cdn.omnium.cat\/wp-content\/uploads\/2018\/06\/28123906\/LOGOS-PATROCINIS-11s-300x45.png 300w, https:\/\/cdn.omnium.cat\/wp-content\/uploads\/2018\/06\/28123906\/LOGOS-PATROCINIS-11s-768x116.png 768w, https:\/\/cdn.omnium.cat\/wp-content\/uploads\/2018\/06\/28123906\/LOGOS-PATROCINIS-11s-1536x231.png 1536w, https:\/\/cdn.omnium.cat\/wp-content\/uploads\/2018\/06\/28123906\/LOGOS-PATROCINIS-11s-1600x241.png 1600w, https:\/\/cdn.omnium.cat\/wp-content\/uploads\/2018\/06\/28123906\/LOGOS-PATROCINIS-11s.png 1920w\" sizes=\"(max-width: 1024px) 100vw, 1024px\" \/>\t\t\t\t\t\t\t\t\t\t\t\t\t\t\t<\/div>\n\t\t\t\t<\/div>\n\t\t\t\t<\/div>\n\t\t\t\t\t<\/div>\n\t\t\t\t<\/div>\n\t\t\t\t<\/div>\n\t\t","protected":false},"excerpt":{"rendered":"<p>\u00a0 10.00 h i durant tot el dia: MerCAT, fira de propostes de pa\u00edsAmb un centenar d\u2019entitats i comer\u00e7os que treballen en el marc de la llengua, la cultura i [&hellip;]<\/p>\n","protected":false},"author":107,"featured_media":419200,"parent":27,"menu_order":53,"comment_status":"closed","ping_status":"closed","template":"","meta":{"_acf_changed":false,"footnotes":""},"class_list":["post-36130","page","type-page","status-publish","has-post-thumbnail","hentry"],"acf":[],"yoast_head":"<!-- This site is optimized with the Yoast SEO plugin v27.2 - https:\/\/yoast.com\/product\/yoast-seo-wordpress\/ -->\n<title>Diada Nacional - \u00d2mnium Cultural<\/title>\n<meta name=\"description\" content=\"La Diada Nacional de Catalunya torna a ser una data clau al calendari per reivindicar les aspiracions nacionals i socials del nostre poble. Per aix\u00f2 tornem a organitzar un 11 de setembre ple d\u2019activitats al Passeig Llu\u00eds Companys de Barcelona.\" \/>\n<meta name=\"robots\" content=\"index, follow, max-snippet:-1, max-image-preview:large, max-video-preview:-1\" \/>\n<link rel=\"canonical\" href=\"https:\/\/www.omnium.cat\/ca\/projectes\/festa-per-la-llibertat\/\" \/>\n<meta name=\"twitter:label1\" content=\"Temps estimat de lectura\" \/>\n\t<meta name=\"twitter:data1\" content=\"1 minut\" \/>\n<script type=\"application\/ld+json\" class=\"yoast-schema-graph\">{\"@context\":\"https:\/\/schema.org\",\"@graph\":[{\"@type\":\"WebPage\",\"@id\":\"https:\/\/www.omnium.cat\/ca\/projectes\/festa-per-la-llibertat\/\",\"url\":\"https:\/\/www.omnium.cat\/ca\/projectes\/festa-per-la-llibertat\/\",\"name\":\"Diada Nacional - \u00d2mnium Cultural\",\"isPartOf\":{\"@id\":\"https:\/\/www.omnium.cat\/ca\/#website\"},\"primaryImageOfPage\":{\"@id\":\"https:\/\/www.omnium.cat\/ca\/projectes\/festa-per-la-llibertat\/#primaryimage\"},\"image\":{\"@id\":\"https:\/\/www.omnium.cat\/ca\/projectes\/festa-per-la-llibertat\/#primaryimage\"},\"thumbnailUrl\":\"https:\/\/cdn.omnium.cat\/wp-content\/uploads\/2018\/06\/29162135\/Capc%E2%95%A0oalera_1.jpg\",\"datePublished\":\"2018-06-14T11:54:13+00:00\",\"dateModified\":\"2025-09-01T10:42:54+00:00\",\"description\":\"La Diada Nacional de Catalunya torna a ser una data clau al calendari per reivindicar les aspiracions nacionals i socials del nostre poble. Per aix\u00f2 tornem a organitzar un 11 de setembre ple d\u2019activitats al Passeig Llu\u00eds Companys de Barcelona.\",\"breadcrumb\":{\"@id\":\"https:\/\/www.omnium.cat\/ca\/projectes\/festa-per-la-llibertat\/#breadcrumb\"},\"inLanguage\":\"ca\",\"potentialAction\":[{\"@type\":\"ReadAction\",\"target\":[\"https:\/\/www.omnium.cat\/ca\/projectes\/festa-per-la-llibertat\/\"]}]},{\"@type\":\"ImageObject\",\"inLanguage\":\"ca\",\"@id\":\"https:\/\/www.omnium.cat\/ca\/projectes\/festa-per-la-llibertat\/#primaryimage\",\"url\":\"https:\/\/cdn.omnium.cat\/wp-content\/uploads\/2018\/06\/29162135\/Capc%E2%95%A0oalera_1.jpg\",\"contentUrl\":\"https:\/\/cdn.omnium.cat\/wp-content\/uploads\/2018\/06\/29162135\/Capc%E2%95%A0oalera_1.jpg\",\"width\":2501,\"height\":1459,\"caption\":\"La diada 2024\"},{\"@type\":\"BreadcrumbList\",\"@id\":\"https:\/\/www.omnium.cat\/ca\/projectes\/festa-per-la-llibertat\/#breadcrumb\",\"itemListElement\":[{\"@type\":\"ListItem\",\"position\":1,\"name\":\"Inici\",\"item\":\"https:\/\/www.omnium.cat\/ca\/\"},{\"@type\":\"ListItem\",\"position\":2,\"name\":\"Projectes\",\"item\":\"https:\/\/www.omnium.cat\/ca\/projectes\/\"},{\"@type\":\"ListItem\",\"position\":3,\"name\":\"Diada Nacional\"}]},{\"@type\":\"WebSite\",\"@id\":\"https:\/\/www.omnium.cat\/ca\/#website\",\"url\":\"https:\/\/www.omnium.cat\/ca\/\",\"name\":\"\u00d2mnium Cultural\",\"description\":\"Llengua Cultura Pa\u00eds\",\"publisher\":{\"@id\":\"https:\/\/www.omnium.cat\/ca\/#organization\"},\"potentialAction\":[{\"@type\":\"SearchAction\",\"target\":{\"@type\":\"EntryPoint\",\"urlTemplate\":\"https:\/\/www.omnium.cat\/ca\/?s={search_term_string}\"},\"query-input\":{\"@type\":\"PropertyValueSpecification\",\"valueRequired\":true,\"valueName\":\"search_term_string\"}}],\"inLanguage\":\"ca\"},{\"@type\":\"Organization\",\"@id\":\"https:\/\/www.omnium.cat\/ca\/#organization\",\"name\":\"\u00d2mnium Cultural\",\"url\":\"https:\/\/www.omnium.cat\/ca\/\",\"logo\":{\"@type\":\"ImageObject\",\"inLanguage\":\"ca\",\"@id\":\"https:\/\/www.omnium.cat\/ca\/#\/schema\/logo\/image\/\",\"url\":\"https:\/\/cdn.omnium.cat\/wp-content\/uploads\/2019\/06\/01112517\/cropped-omnium_logo-1.png\",\"contentUrl\":\"https:\/\/cdn.omnium.cat\/wp-content\/uploads\/2019\/06\/01112517\/cropped-omnium_logo-1.png\",\"width\":1213,\"height\":262,\"caption\":\"\u00d2mnium Cultural\"},\"image\":{\"@id\":\"https:\/\/www.omnium.cat\/ca\/#\/schema\/logo\/image\/\"},\"sameAs\":[\"https:\/\/www.facebook.com\/omniumcultural\",\"https:\/\/x.com\/omnium\",\"https:\/\/www.instagram.com\/omniumcultural\/\",\"https:\/\/www.youtube.com\/user\/omniumcultural\"]}]}<\/script>\n<!-- \/ Yoast SEO plugin. -->","yoast_head_json":{"title":"Diada Nacional - \u00d2mnium Cultural","description":"La Diada Nacional de Catalunya torna a ser una data clau al calendari per reivindicar les aspiracions nacionals i socials del nostre poble. Per aix\u00f2 tornem a organitzar un 11 de setembre ple d\u2019activitats al Passeig Llu\u00eds Companys de Barcelona.","robots":{"index":"index","follow":"follow","max-snippet":"max-snippet:-1","max-image-preview":"max-image-preview:large","max-video-preview":"max-video-preview:-1"},"canonical":"https:\/\/www.omnium.cat\/ca\/projectes\/festa-per-la-llibertat\/","twitter_misc":{"Temps estimat de lectura":"1 minut"},"schema":{"@context":"https:\/\/schema.org","@graph":[{"@type":"WebPage","@id":"https:\/\/www.omnium.cat\/ca\/projectes\/festa-per-la-llibertat\/","url":"https:\/\/www.omnium.cat\/ca\/projectes\/festa-per-la-llibertat\/","name":"Diada Nacional - \u00d2mnium Cultural","isPartOf":{"@id":"https:\/\/www.omnium.cat\/ca\/#website"},"primaryImageOfPage":{"@id":"https:\/\/www.omnium.cat\/ca\/projectes\/festa-per-la-llibertat\/#primaryimage"},"image":{"@id":"https:\/\/www.omnium.cat\/ca\/projectes\/festa-per-la-llibertat\/#primaryimage"},"thumbnailUrl":"https:\/\/cdn.omnium.cat\/wp-content\/uploads\/2018\/06\/29162135\/Capc%E2%95%A0oalera_1.jpg","datePublished":"2018-06-14T11:54:13+00:00","dateModified":"2025-09-01T10:42:54+00:00","description":"La Diada Nacional de Catalunya torna a ser una data clau al calendari per reivindicar les aspiracions nacionals i socials del nostre poble. Per aix\u00f2 tornem a organitzar un 11 de setembre ple d\u2019activitats al Passeig Llu\u00eds Companys de Barcelona.","breadcrumb":{"@id":"https:\/\/www.omnium.cat\/ca\/projectes\/festa-per-la-llibertat\/#breadcrumb"},"inLanguage":"ca","potentialAction":[{"@type":"ReadAction","target":["https:\/\/www.omnium.cat\/ca\/projectes\/festa-per-la-llibertat\/"]}]},{"@type":"ImageObject","inLanguage":"ca","@id":"https:\/\/www.omnium.cat\/ca\/projectes\/festa-per-la-llibertat\/#primaryimage","url":"https:\/\/cdn.omnium.cat\/wp-content\/uploads\/2018\/06\/29162135\/Capc%E2%95%A0oalera_1.jpg","contentUrl":"https:\/\/cdn.omnium.cat\/wp-content\/uploads\/2018\/06\/29162135\/Capc%E2%95%A0oalera_1.jpg","width":2501,"height":1459,"caption":"La diada 2024"},{"@type":"BreadcrumbList","@id":"https:\/\/www.omnium.cat\/ca\/projectes\/festa-per-la-llibertat\/#breadcrumb","itemListElement":[{"@type":"ListItem","position":1,"name":"Inici","item":"https:\/\/www.omnium.cat\/ca\/"},{"@type":"ListItem","position":2,"name":"Projectes","item":"https:\/\/www.omnium.cat\/ca\/projectes\/"},{"@type":"ListItem","position":3,"name":"Diada Nacional"}]},{"@type":"WebSite","@id":"https:\/\/www.omnium.cat\/ca\/#website","url":"https:\/\/www.omnium.cat\/ca\/","name":"\u00d2mnium Cultural","description":"Llengua Cultura Pa\u00eds","publisher":{"@id":"https:\/\/www.omnium.cat\/ca\/#organization"},"potentialAction":[{"@type":"SearchAction","target":{"@type":"EntryPoint","urlTemplate":"https:\/\/www.omnium.cat\/ca\/?s={search_term_string}"},"query-input":{"@type":"PropertyValueSpecification","valueRequired":true,"valueName":"search_term_string"}}],"inLanguage":"ca"},{"@type":"Organization","@id":"https:\/\/www.omnium.cat\/ca\/#organization","name":"\u00d2mnium Cultural","url":"https:\/\/www.omnium.cat\/ca\/","logo":{"@type":"ImageObject","inLanguage":"ca","@id":"https:\/\/www.omnium.cat\/ca\/#\/schema\/logo\/image\/","url":"https:\/\/cdn.omnium.cat\/wp-content\/uploads\/2019\/06\/01112517\/cropped-omnium_logo-1.png","contentUrl":"https:\/\/cdn.omnium.cat\/wp-content\/uploads\/2019\/06\/01112517\/cropped-omnium_logo-1.png","width":1213,"height":262,"caption":"\u00d2mnium Cultural"},"image":{"@id":"https:\/\/www.omnium.cat\/ca\/#\/schema\/logo\/image\/"},"sameAs":["https:\/\/www.facebook.com\/omniumcultural","https:\/\/x.com\/omnium","https:\/\/www.instagram.com\/omniumcultural\/","https:\/\/www.youtube.com\/user\/omniumcultural"]}]}},"_links":{"self":[{"href":"https:\/\/www.omnium.cat\/ca\/wp-json\/wp\/v2\/pages\/36130","targetHints":{"allow":["GET"]}}],"collection":[{"href":"https:\/\/www.omnium.cat\/ca\/wp-json\/wp\/v2\/pages"}],"about":[{"href":"https:\/\/www.omnium.cat\/ca\/wp-json\/wp\/v2\/types\/page"}],"author":[{"embeddable":true,"href":"https:\/\/www.omnium.cat\/ca\/wp-json\/wp\/v2\/users\/107"}],"replies":[{"embeddable":true,"href":"https:\/\/www.omnium.cat\/ca\/wp-json\/wp\/v2\/comments?post=36130"}],"version-history":[{"count":148,"href":"https:\/\/www.omnium.cat\/ca\/wp-json\/wp\/v2\/pages\/36130\/revisions"}],"predecessor-version":[{"id":441964,"href":"https:\/\/www.omnium.cat\/ca\/wp-json\/wp\/v2\/pages\/36130\/revisions\/441964"}],"up":[{"embeddable":true,"href":"https:\/\/www.omnium.cat\/ca\/wp-json\/wp\/v2\/pages\/27"}],"wp:featuredmedia":[{"embeddable":true,"href":"https:\/\/www.omnium.cat\/ca\/wp-json\/wp\/v2\/media\/419200"}],"wp:attachment":[{"href":"https:\/\/www.omnium.cat\/ca\/wp-json\/wp\/v2\/media?parent=36130"}],"curies":[{"name":"wp","href":"https:\/\/api.w.org\/{rel}","templated":true}]}}