{"id":386178,"date":"2023-10-10T12:51:45","date_gmt":"2023-10-10T10:51:45","guid":{"rendered":"https:\/\/www.omnium.cat\/?page_id=386178"},"modified":"2024-09-12T13:49:21","modified_gmt":"2024-09-12T11:49:21","slug":"suport-a-lacompanyament","status":"publish","type":"page","link":"https:\/\/www.omnium.cat\/ca\/projectes\/vincles\/suport-a-lacompanyament\/","title":{"rendered":"Suport a l&#8217;acompanyament-Vincles"},"content":{"rendered":"\t\t<div data-elementor-type=\"wp-page\" data-elementor-id=\"386178\" class=\"elementor elementor-386178\" data-elementor-post-type=\"page\">\n\t\t\t\t<div class=\"elementor-element elementor-element-ad4e92b e-flex e-con-boxed fullpage-js-section-no fullpage-js-position-centered e-con e-parent\" data-id=\"ad4e92b\" data-element_type=\"container\" data-e-type=\"container\">\n\t\t\t\t\t<div class=\"e-con-inner\">\n\t\t\t\t<div class=\"elementor-element elementor-element-1475d8e elementor-widget elementor-widget-heading\" data-id=\"1475d8e\" data-element_type=\"widget\" data-e-type=\"widget\" data-widget_type=\"heading.default\">\n\t\t\t\t<div class=\"elementor-widget-container\">\n\t\t\t\t\t<h2 class=\"elementor-heading-title elementor-size-default\">T'acompanyem!<\/h2>\t\t\t\t<\/div>\n\t\t\t\t<\/div>\n\t\t\t\t\t<\/div>\n\t\t\t\t<\/div>\n\t\t<div class=\"elementor-element elementor-element-0e19bd7 e-flex e-con-boxed fullpage-js-section-no fullpage-js-position-centered e-con e-parent\" data-id=\"0e19bd7\" data-element_type=\"container\" data-e-type=\"container\">\n\t\t\t\t\t<div class=\"e-con-inner\">\n\t\t\t\t<div class=\"elementor-element elementor-element-addfe49 elementor-arrows-position-inside elementor-pagination-position-outside elementor-widget elementor-widget-image-carousel\" data-id=\"addfe49\" data-element_type=\"widget\" data-e-type=\"widget\" data-settings=\"{&quot;navigation&quot;:&quot;both&quot;,&quot;autoplay&quot;:&quot;yes&quot;,&quot;pause_on_hover&quot;:&quot;yes&quot;,&quot;pause_on_interaction&quot;:&quot;yes&quot;,&quot;autoplay_speed&quot;:5000,&quot;infinite&quot;:&quot;yes&quot;,&quot;speed&quot;:500}\" data-widget_type=\"image-carousel.default\">\n\t\t\t\t<div class=\"elementor-widget-container\">\n\t\t\t\t\t\t\t<div class=\"elementor-image-carousel-wrapper swiper\" role=\"region\" aria-roledescription=\"carousel\" aria-label=\"Carrusel d&#039;imatges\" dir=\"ltr\">\n\t\t\t<div class=\"elementor-image-carousel swiper-wrapper\" aria-live=\"off\">\n\t\t\t\t\t\t\t\t<div class=\"swiper-slide\" role=\"group\" aria-roledescription=\"slide\" aria-label=\"1 de 5\"><figure class=\"swiper-slide-inner\"><img decoding=\"async\" class=\"swiper-slide-image\" src=\"https:\/\/cdn.omnium.cat\/wp-content\/uploads\/2024\/05\/06125047\/photo_2024-05-06_12-49-10-768x512.jpg\" alt=\"photo_2024-05-06_12-49-10\" \/><\/figure><\/div><div class=\"swiper-slide\" role=\"group\" aria-roledescription=\"slide\" aria-label=\"2 de 5\"><figure class=\"swiper-slide-inner\"><img decoding=\"async\" class=\"swiper-slide-image\" src=\"https:\/\/cdn.omnium.cat\/wp-content\/uploads\/2024\/05\/06125056\/photo_2024-05-06_12-49-29-768x512.jpg\" alt=\"photo_2024-05-06_12-49-29\" \/><\/figure><\/div><div class=\"swiper-slide\" role=\"group\" aria-roledescription=\"slide\" aria-label=\"3 de 5\"><figure class=\"swiper-slide-inner\"><img decoding=\"async\" class=\"swiper-slide-image\" src=\"https:\/\/cdn.omnium.cat\/wp-content\/uploads\/2024\/05\/06125105\/photo_2024-05-06_12-49-35-768x512.jpg\" alt=\"photo_2024-05-06_12-49-35\" \/><\/figure><\/div><div class=\"swiper-slide\" role=\"group\" aria-roledescription=\"slide\" aria-label=\"4 de 5\"><figure class=\"swiper-slide-inner\"><img decoding=\"async\" class=\"swiper-slide-image\" src=\"https:\/\/cdn.omnium.cat\/wp-content\/uploads\/2024\/05\/06125503\/photo_2024-05-06_12-52-51-1-768x512.jpg\" alt=\"photo_2024-05-06_12-52-51\" \/><\/figure><\/div><div class=\"swiper-slide\" role=\"group\" aria-roledescription=\"slide\" aria-label=\"5 de 5\"><figure class=\"swiper-slide-inner\"><img decoding=\"async\" class=\"swiper-slide-image\" src=\"https:\/\/cdn.omnium.cat\/wp-content\/uploads\/2024\/05\/06125522\/photo_2024-05-06_12-52-47-1-768x512.jpg\" alt=\"photo_2024-05-06_12-52-47\" \/><\/figure><\/div>\t\t\t<\/div>\n\t\t\t\t\t\t\t\t\t\t\t\t<div class=\"elementor-swiper-button elementor-swiper-button-prev\" role=\"button\" tabindex=\"0\">\n\t\t\t\t\t\t<i aria-hidden=\"true\" class=\"eicon-chevron-left\"><\/i>\t\t\t\t\t<\/div>\n\t\t\t\t\t<div class=\"elementor-swiper-button elementor-swiper-button-next\" role=\"button\" tabindex=\"0\">\n\t\t\t\t\t\t<i aria-hidden=\"true\" class=\"eicon-chevron-right\"><\/i>\t\t\t\t\t<\/div>\n\t\t\t\t\n\t\t\t\t\t\t\t\t\t<div class=\"swiper-pagination\"><\/div>\n\t\t\t\t\t\t\t\t\t<\/div>\n\t\t\t\t\t\t<\/div>\n\t\t\t\t<\/div>\n\t\t\t\t\t<\/div>\n\t\t\t\t<\/div>\n\t\t<div class=\"elementor-element elementor-element-14d7f55 e-flex e-con-boxed fullpage-js-section-no fullpage-js-position-centered e-con e-parent\" data-id=\"14d7f55\" data-element_type=\"container\" data-e-type=\"container\">\n\t\t\t\t\t<div class=\"e-con-inner\">\n\t\t<div class=\"elementor-element elementor-element-ef51af6 e-con-full e-flex fullpage-js-section-no fullpage-js-position-centered e-con e-child\" data-id=\"ef51af6\" data-element_type=\"container\" data-e-type=\"container\">\n\t\t\t\t<\/div>\n\t\t<div class=\"elementor-element elementor-element-e8691c2 e-con-full e-flex fullpage-js-section-no fullpage-js-position-centered e-con e-child\" data-id=\"e8691c2\" data-element_type=\"container\" data-e-type=\"container\">\n\t\t\t\t<div class=\"elementor-element elementor-element-63458bf elementor-widget elementor-widget-text-editor\" data-id=\"63458bf\" data-element_type=\"widget\" data-e-type=\"widget\" data-widget_type=\"text-editor.default\">\n\t\t\t\t<div class=\"elementor-widget-container\">\n\t\t\t\t\t\t\t\t\t<p>Les acompanyants del Vincles comptaran amb la formaci\u00f3 i suport de l\u2019associaci\u00f3<strong> ACOF<\/strong>, especialitzada en l\u2019ensenyament de lleng\u00fces i alfabetitzaci\u00f3; del <strong>grup de recerca Equiling de la UOC<\/strong>, un equip d\u2019especialistes en socioling\u00fcisme; i <strong>d\u2019altres entitats i cooperatives expertes en la dinamitzaci\u00f3 i<\/strong><br \/><strong>l\u2019acompanyament de grups de voluntaris<\/strong> (AGAPE, Marges, La Bastida, Lo Relacional, Atzavara-Arrels, Quatre cantonades\u2026).Totes elles basteixen l\u2019equip de formadors del projecte Vincles i son les encarregades de portar a terme la seg\u00fcent proposta:<\/p><p><strong>Primera sessi\u00f3:<\/strong>\u00a0ser\u00e0 en format presencial i \u00e9s aconsellable que sigui abans d\u2019obrir el grup de Vincles. Aquesta sessi\u00f3 servir\u00e0 per aterrar el projecte, explicar la seva metodologia i per acompanyar els voluntaris en l\u2019obertura dels grups de Vincles: com crear vincles amb persones de proced\u00e8ncies i situacions socials diverses des d\u2019una mirada igualit\u00e0ria i interseccional; + preparaci\u00f3 de converses, l\u2019espai, el calendari o les activitats.<\/p><p><strong>Segona sessi\u00f3:<\/strong>\u00a0aquesta sessi\u00f3 ser\u00e0 en l\u00ednia i vindr\u00e0 amb un calendari mensual estipulat. En ella s\u2019hi donaran recursos did\u00e0ctics i idees per acompanyar els grups des de la basant ling\u00fc\u00edstica. Un cop els voluntaris estiguin registrats (inscrits) rebran un correu amb la proposta de dates per assistir en aquesta formaci\u00f3.<\/p><p><strong>Tercera sessi\u00f3:<\/strong>\u00a0aquesta sessi\u00f3 vindr\u00e0 amb un calendari mensual estipulat perqu\u00e8 tamb\u00e9 ser\u00e0 en l\u00ednia. S\u2019explicar\u00e0 com est\u00e0 el pa\u00eds en temes de socioling\u00fcisme: a on es parla catal\u00e0 i per qu\u00e8. I es far\u00e0 \u00e8mfasi en la import\u00e0ncia del voluntariat en llocs com Catalunya. Un cop els voluntaris estiguin registrats (inscrits) rebran un correu amb la proposta de dates per assistir en aquesta formaci\u00f3.<\/p><p><strong>Quarta sessi\u00f3:<\/strong>\u00a0tornar\u00e0 a ser presencial. \u00c9s molt important poder fer un recull de tot all\u00f2 que ha funcionat i el que no durant el curs. Aix\u00ed que aquesta ser\u00e0 la sessi\u00f3 de tancament i avaluaci\u00f3 (maig).<\/p>\t\t\t\t\t\t\t\t<\/div>\n\t\t\t\t<\/div>\n\t\t\t\t<\/div>\n\t\t<div class=\"elementor-element elementor-element-f0929be e-con-full e-flex fullpage-js-section-no fullpage-js-position-centered e-con e-child\" data-id=\"f0929be\" data-element_type=\"container\" data-e-type=\"container\">\n\t\t\t\t<\/div>\n\t\t\t\t\t<\/div>\n\t\t\t\t<\/div>\n\t\t\t\t<\/div>\n\t\t","protected":false},"excerpt":{"rendered":"<p>T&#8217;acompanyem! Les acompanyants del Vincles comptaran amb la formaci\u00f3 i suport de l\u2019associaci\u00f3 ACOF, especialitzada en l\u2019ensenyament de lleng\u00fces i alfabetitzaci\u00f3; del grup de recerca Equiling de la UOC, un [&hellip;]<\/p>\n","protected":false},"author":184,"featured_media":0,"parent":384481,"menu_order":20,"comment_status":"closed","ping_status":"closed","template":"","meta":{"_acf_changed":false,"footnotes":""},"class_list":["post-386178","page","type-page","status-publish","hentry"],"acf":[],"yoast_head":"<!-- This site is optimized with the Yoast SEO plugin v27.2 - https:\/\/yoast.com\/product\/yoast-seo-wordpress\/ -->\n<title>Suport a l&#039;acompanyament-Vincles - \u00d2mnium Cultural<\/title>\n<meta name=\"robots\" content=\"index, follow, max-snippet:-1, max-image-preview:large, max-video-preview:-1\" \/>\n<link rel=\"canonical\" href=\"https:\/\/www.omnium.cat\/ca\/projectes\/vincles\/suport-a-lacompanyament\/\" \/>\n<meta name=\"twitter:label1\" content=\"Temps estimat de lectura\" \/>\n\t<meta name=\"twitter:data1\" content=\"4 minuts\" \/>\n<script type=\"application\/ld+json\" class=\"yoast-schema-graph\">{\"@context\":\"https:\/\/schema.org\",\"@graph\":[{\"@type\":\"WebPage\",\"@id\":\"https:\/\/www.omnium.cat\/ca\/projectes\/vincles\/suport-a-lacompanyament\/\",\"url\":\"https:\/\/www.omnium.cat\/ca\/projectes\/vincles\/suport-a-lacompanyament\/\",\"name\":\"Suport a l'acompanyament-Vincles - \u00d2mnium Cultural\",\"isPartOf\":{\"@id\":\"https:\/\/www.omnium.cat\/ca\/#website\"},\"primaryImageOfPage\":{\"@id\":\"https:\/\/www.omnium.cat\/ca\/projectes\/vincles\/suport-a-lacompanyament\/#primaryimage\"},\"image\":{\"@id\":\"https:\/\/www.omnium.cat\/ca\/projectes\/vincles\/suport-a-lacompanyament\/#primaryimage\"},\"thumbnailUrl\":\"https:\/\/www.omnium.cat\/wp-content\/uploads\/photo_2024-05-06_12-49-10-768x512.jpg\",\"datePublished\":\"2023-10-10T10:51:45+00:00\",\"dateModified\":\"2024-09-12T11:49:21+00:00\",\"breadcrumb\":{\"@id\":\"https:\/\/www.omnium.cat\/ca\/projectes\/vincles\/suport-a-lacompanyament\/#breadcrumb\"},\"inLanguage\":\"ca\",\"potentialAction\":[{\"@type\":\"ReadAction\",\"target\":[\"https:\/\/www.omnium.cat\/ca\/projectes\/vincles\/suport-a-lacompanyament\/\"]}]},{\"@type\":\"ImageObject\",\"inLanguage\":\"ca\",\"@id\":\"https:\/\/www.omnium.cat\/ca\/projectes\/vincles\/suport-a-lacompanyament\/#primaryimage\",\"url\":\"https:\/\/www.omnium.cat\/wp-content\/uploads\/photo_2024-05-06_12-49-10-768x512.jpg\",\"contentUrl\":\"https:\/\/www.omnium.cat\/wp-content\/uploads\/photo_2024-05-06_12-49-10-768x512.jpg\"},{\"@type\":\"BreadcrumbList\",\"@id\":\"https:\/\/www.omnium.cat\/ca\/projectes\/vincles\/suport-a-lacompanyament\/#breadcrumb\",\"itemListElement\":[{\"@type\":\"ListItem\",\"position\":1,\"name\":\"Inici\",\"item\":\"https:\/\/www.omnium.cat\/ca\/\"},{\"@type\":\"ListItem\",\"position\":2,\"name\":\"Projectes\",\"item\":\"https:\/\/www.omnium.cat\/ca\/projectes\/\"},{\"@type\":\"ListItem\",\"position\":3,\"name\":\"Vincles\",\"item\":\"https:\/\/www.omnium.cat\/ca\/projectes\/vincles\/\"},{\"@type\":\"ListItem\",\"position\":4,\"name\":\"Suport a l&#8217;acompanyament-Vincles\"}]},{\"@type\":\"WebSite\",\"@id\":\"https:\/\/www.omnium.cat\/ca\/#website\",\"url\":\"https:\/\/www.omnium.cat\/ca\/\",\"name\":\"\u00d2mnium Cultural\",\"description\":\"Llengua Cultura Pa\u00eds\",\"publisher\":{\"@id\":\"https:\/\/www.omnium.cat\/ca\/#organization\"},\"potentialAction\":[{\"@type\":\"SearchAction\",\"target\":{\"@type\":\"EntryPoint\",\"urlTemplate\":\"https:\/\/www.omnium.cat\/ca\/?s={search_term_string}\"},\"query-input\":{\"@type\":\"PropertyValueSpecification\",\"valueRequired\":true,\"valueName\":\"search_term_string\"}}],\"inLanguage\":\"ca\"},{\"@type\":\"Organization\",\"@id\":\"https:\/\/www.omnium.cat\/ca\/#organization\",\"name\":\"\u00d2mnium Cultural\",\"url\":\"https:\/\/www.omnium.cat\/ca\/\",\"logo\":{\"@type\":\"ImageObject\",\"inLanguage\":\"ca\",\"@id\":\"https:\/\/www.omnium.cat\/ca\/#\/schema\/logo\/image\/\",\"url\":\"https:\/\/cdn.omnium.cat\/wp-content\/uploads\/2019\/06\/01112517\/cropped-omnium_logo-1.png\",\"contentUrl\":\"https:\/\/cdn.omnium.cat\/wp-content\/uploads\/2019\/06\/01112517\/cropped-omnium_logo-1.png\",\"width\":1213,\"height\":262,\"caption\":\"\u00d2mnium Cultural\"},\"image\":{\"@id\":\"https:\/\/www.omnium.cat\/ca\/#\/schema\/logo\/image\/\"},\"sameAs\":[\"https:\/\/www.facebook.com\/omniumcultural\",\"https:\/\/x.com\/omnium\",\"https:\/\/www.instagram.com\/omniumcultural\/\",\"https:\/\/www.youtube.com\/user\/omniumcultural\"]}]}<\/script>\n<!-- \/ Yoast SEO plugin. -->","yoast_head_json":{"title":"Suport a l'acompanyament-Vincles - \u00d2mnium Cultural","robots":{"index":"index","follow":"follow","max-snippet":"max-snippet:-1","max-image-preview":"max-image-preview:large","max-video-preview":"max-video-preview:-1"},"canonical":"https:\/\/www.omnium.cat\/ca\/projectes\/vincles\/suport-a-lacompanyament\/","twitter_misc":{"Temps estimat de lectura":"4 minuts"},"schema":{"@context":"https:\/\/schema.org","@graph":[{"@type":"WebPage","@id":"https:\/\/www.omnium.cat\/ca\/projectes\/vincles\/suport-a-lacompanyament\/","url":"https:\/\/www.omnium.cat\/ca\/projectes\/vincles\/suport-a-lacompanyament\/","name":"Suport a l'acompanyament-Vincles - \u00d2mnium Cultural","isPartOf":{"@id":"https:\/\/www.omnium.cat\/ca\/#website"},"primaryImageOfPage":{"@id":"https:\/\/www.omnium.cat\/ca\/projectes\/vincles\/suport-a-lacompanyament\/#primaryimage"},"image":{"@id":"https:\/\/www.omnium.cat\/ca\/projectes\/vincles\/suport-a-lacompanyament\/#primaryimage"},"thumbnailUrl":"https:\/\/www.omnium.cat\/wp-content\/uploads\/photo_2024-05-06_12-49-10-768x512.jpg","datePublished":"2023-10-10T10:51:45+00:00","dateModified":"2024-09-12T11:49:21+00:00","breadcrumb":{"@id":"https:\/\/www.omnium.cat\/ca\/projectes\/vincles\/suport-a-lacompanyament\/#breadcrumb"},"inLanguage":"ca","potentialAction":[{"@type":"ReadAction","target":["https:\/\/www.omnium.cat\/ca\/projectes\/vincles\/suport-a-lacompanyament\/"]}]},{"@type":"ImageObject","inLanguage":"ca","@id":"https:\/\/www.omnium.cat\/ca\/projectes\/vincles\/suport-a-lacompanyament\/#primaryimage","url":"https:\/\/www.omnium.cat\/wp-content\/uploads\/photo_2024-05-06_12-49-10-768x512.jpg","contentUrl":"https:\/\/www.omnium.cat\/wp-content\/uploads\/photo_2024-05-06_12-49-10-768x512.jpg"},{"@type":"BreadcrumbList","@id":"https:\/\/www.omnium.cat\/ca\/projectes\/vincles\/suport-a-lacompanyament\/#breadcrumb","itemListElement":[{"@type":"ListItem","position":1,"name":"Inici","item":"https:\/\/www.omnium.cat\/ca\/"},{"@type":"ListItem","position":2,"name":"Projectes","item":"https:\/\/www.omnium.cat\/ca\/projectes\/"},{"@type":"ListItem","position":3,"name":"Vincles","item":"https:\/\/www.omnium.cat\/ca\/projectes\/vincles\/"},{"@type":"ListItem","position":4,"name":"Suport a l&#8217;acompanyament-Vincles"}]},{"@type":"WebSite","@id":"https:\/\/www.omnium.cat\/ca\/#website","url":"https:\/\/www.omnium.cat\/ca\/","name":"\u00d2mnium Cultural","description":"Llengua Cultura Pa\u00eds","publisher":{"@id":"https:\/\/www.omnium.cat\/ca\/#organization"},"potentialAction":[{"@type":"SearchAction","target":{"@type":"EntryPoint","urlTemplate":"https:\/\/www.omnium.cat\/ca\/?s={search_term_string}"},"query-input":{"@type":"PropertyValueSpecification","valueRequired":true,"valueName":"search_term_string"}}],"inLanguage":"ca"},{"@type":"Organization","@id":"https:\/\/www.omnium.cat\/ca\/#organization","name":"\u00d2mnium Cultural","url":"https:\/\/www.omnium.cat\/ca\/","logo":{"@type":"ImageObject","inLanguage":"ca","@id":"https:\/\/www.omnium.cat\/ca\/#\/schema\/logo\/image\/","url":"https:\/\/cdn.omnium.cat\/wp-content\/uploads\/2019\/06\/01112517\/cropped-omnium_logo-1.png","contentUrl":"https:\/\/cdn.omnium.cat\/wp-content\/uploads\/2019\/06\/01112517\/cropped-omnium_logo-1.png","width":1213,"height":262,"caption":"\u00d2mnium Cultural"},"image":{"@id":"https:\/\/www.omnium.cat\/ca\/#\/schema\/logo\/image\/"},"sameAs":["https:\/\/www.facebook.com\/omniumcultural","https:\/\/x.com\/omnium","https:\/\/www.instagram.com\/omniumcultural\/","https:\/\/www.youtube.com\/user\/omniumcultural"]}]}},"_links":{"self":[{"href":"https:\/\/www.omnium.cat\/ca\/wp-json\/wp\/v2\/pages\/386178","targetHints":{"allow":["GET"]}}],"collection":[{"href":"https:\/\/www.omnium.cat\/ca\/wp-json\/wp\/v2\/pages"}],"about":[{"href":"https:\/\/www.omnium.cat\/ca\/wp-json\/wp\/v2\/types\/page"}],"author":[{"embeddable":true,"href":"https:\/\/www.omnium.cat\/ca\/wp-json\/wp\/v2\/users\/184"}],"replies":[{"embeddable":true,"href":"https:\/\/www.omnium.cat\/ca\/wp-json\/wp\/v2\/comments?post=386178"}],"version-history":[{"count":65,"href":"https:\/\/www.omnium.cat\/ca\/wp-json\/wp\/v2\/pages\/386178\/revisions"}],"predecessor-version":[{"id":420229,"href":"https:\/\/www.omnium.cat\/ca\/wp-json\/wp\/v2\/pages\/386178\/revisions\/420229"}],"up":[{"embeddable":true,"href":"https:\/\/www.omnium.cat\/ca\/wp-json\/wp\/v2\/pages\/384481"}],"wp:attachment":[{"href":"https:\/\/www.omnium.cat\/ca\/wp-json\/wp\/v2\/media?parent=386178"}],"curies":[{"name":"wp","href":"https:\/\/api.w.org\/{rel}","templated":true}]}}