{"id":48,"date":"2018-04-04T18:37:53","date_gmt":"2018-04-04T16:37:53","guid":{"rendered":"http:\/\/omnium.whads.com\/?page_id=48"},"modified":"2018-08-23T15:43:46","modified_gmt":"2018-08-23T13:43:46","slug":"mitjans","status":"publish","type":"page","link":"https:\/\/www.omnium.cat\/ca\/mitjans\/","title":{"rendered":"Mitjans"},"content":{"rendered":"\t\t<div data-elementor-type=\"wp-post\" data-elementor-id=\"48\" class=\"elementor elementor-48 elementor-bc-flex-widget\" data-elementor-post-type=\"page\">\n\t\t\t\t\t\t<section class=\"elementor-section elementor-top-section elementor-element elementor-element-392fdad elementor-section-boxed elementor-section-height-default elementor-section-height-default fullpage-js-section-no fullpage-js-position-centered background-video-grayscale-no\" data-id=\"392fdad\" data-element_type=\"section\" data-e-type=\"section\">\n\t\t\t\t\t\t<div class=\"elementor-container elementor-column-gap-default\">\n\t\t\t\t\t<div class=\"elementor-column elementor-col-100 elementor-top-column elementor-element elementor-element-20d9f0f\" data-id=\"20d9f0f\" data-element_type=\"column\" data-e-type=\"column\">\n\t\t\t<div class=\"elementor-widget-wrap elementor-element-populated\">\n\t\t\t\t\t\t<div class=\"elementor-element elementor-element-aa237ed elementor-widget elementor-widget-omnium-pressreleases-listing\" data-id=\"aa237ed\" data-element_type=\"widget\" data-e-type=\"widget\" data-widget_type=\"omnium-pressreleases-listing.default\">\n\t\t\t\t<div class=\"elementor-widget-container\">\n\t\t\t\t\t<section class=\"omnium_pressreleases_listing_block\"><div class=\"omnium_pressreleases_list_wrapper\"><article id=\"post-452864\" class=\"pressrelease_entry post-452864 omnium_pressrelease type-omnium_pressrelease status-publish has-post-thumbnail hentry\"><div class=\"image_wrapper\"><a class=\"image_link\" target=\"_blank\" href=\"https:\/\/www.lavanguardia.com\/cultura\/20260311\/11487405\/cultura-catalana-siempre-querido-llegar-gran-publico-elites.html\"><img fetchpriority=\"high\" decoding=\"async\" width=\"371\" height=\"371\" src=\"https:\/\/cdn.omnium.cat\/wp-content\/uploads\/2026\/03\/17133521\/69b19d618f96f.r_d.2637-1758-1774-371x371.jpeg\" class=\"attachment-pressreleaselisting-thumbnail size-pressreleaselisting-thumbnail wp-post-image\" alt=\"\" srcset=\"https:\/\/cdn.omnium.cat\/wp-content\/uploads\/2026\/03\/17133521\/69b19d618f96f.r_d.2637-1758-1774-371x371.jpeg 371w, https:\/\/cdn.omnium.cat\/wp-content\/uploads\/2026\/03\/17133521\/69b19d618f96f.r_d.2637-1758-1774-150x150.jpeg 150w, https:\/\/cdn.omnium.cat\/wp-content\/uploads\/2026\/03\/17133521\/69b19d618f96f.r_d.2637-1758-1774-300x300.jpeg 300w\" sizes=\"(max-width: 371px) 100vw, 371px\" \/><\/a><\/div><div class=\"content_wrapper\"><p class=\"date\">12 mar\u00e7 2026<\/p><h1 class=\"post_heading\"><a class=\"title_link\" target=\"_blank\" href=\"https:\/\/www.lavanguardia.com\/cultura\/20260311\/11487405\/cultura-catalana-siempre-querido-llegar-gran-publico-elites.html\">\u201cLa cultura catalana sempre ha volgut arribar al gran p\u00fablic, no nom\u00e9s a les elits\u201d<\/a><\/h1><p class=\"pressrelease_source\">La Vanguardia<\/p><a class=\"pressrelease_link\" target=\"_blank\" href=\"https:\/\/www.lavanguardia.com\/cultura\/20260311\/11487405\/cultura-catalana-siempre-querido-llegar-gran-publico-elites.html\"><i class=\"pressrelease_link_icon link_icon\"><\/i><\/a><\/div><\/article><article id=\"post-452857\" class=\"pressrelease_entry post-452857 omnium_pressrelease type-omnium_pressrelease status-publish has-post-thumbnail hentry\"><div class=\"image_wrapper\"><a class=\"image_link\" target=\"_blank\" href=\"https:\/\/diarideladiscapacitat.cat\/xavier-antich-el-pluralisme-i-la-diversitat-interna-son-de-fet-valors-organitzacionals-clau-per-omnium-cultural\/\"><img decoding=\"async\" width=\"371\" height=\"371\" src=\"https:\/\/cdn.omnium.cat\/wp-content\/uploads\/2026\/03\/17133027\/Retrat-Xavier-Antich-1-de-167-1-371x371.jpg\" class=\"attachment-pressreleaselisting-thumbnail size-pressreleaselisting-thumbnail wp-post-image\" alt=\"\" srcset=\"https:\/\/cdn.omnium.cat\/wp-content\/uploads\/2026\/03\/17133027\/Retrat-Xavier-Antich-1-de-167-1-371x371.jpg 371w, https:\/\/cdn.omnium.cat\/wp-content\/uploads\/2026\/03\/17133027\/Retrat-Xavier-Antich-1-de-167-1-150x150.jpg 150w, https:\/\/cdn.omnium.cat\/wp-content\/uploads\/2026\/03\/17133027\/Retrat-Xavier-Antich-1-de-167-1-300x300.jpg 300w\" sizes=\"(max-width: 371px) 100vw, 371px\" \/><\/a><\/div><div class=\"content_wrapper\"><p class=\"date\">10 febrer 2026<\/p><h1 class=\"post_heading\"><a class=\"title_link\" target=\"_blank\" href=\"https:\/\/diarideladiscapacitat.cat\/xavier-antich-el-pluralisme-i-la-diversitat-interna-son-de-fet-valors-organitzacionals-clau-per-omnium-cultural\/\">\u201cEl pluralisme i la diversitat interna s\u00f3n, de fet, valors organitzacionals clau per \u00d2mnium Cultural\u201d<\/a><\/h1><p class=\"pressrelease_source\">Diari de la Discapacitat<\/p><a class=\"pressrelease_link\" target=\"_blank\" href=\"https:\/\/diarideladiscapacitat.cat\/xavier-antich-el-pluralisme-i-la-diversitat-interna-son-de-fet-valors-organitzacionals-clau-per-omnium-cultural\/\"><i class=\"pressrelease_link_icon link_icon\"><\/i><\/a><\/div><\/article><article id=\"post-452850\" class=\"pressrelease_entry post-452850 omnium_pressrelease type-omnium_pressrelease status-publish has-post-thumbnail hentry\"><div class=\"image_wrapper\"><img decoding=\"async\" width=\"371\" height=\"371\" src=\"https:\/\/cdn.omnium.cat\/wp-content\/uploads\/2026\/03\/17132145\/693ac92a14682-371x371.jpeg\" class=\"attachment-pressreleaselisting-thumbnail size-pressreleaselisting-thumbnail wp-post-image\" alt=\"\" srcset=\"https:\/\/cdn.omnium.cat\/wp-content\/uploads\/2026\/03\/17132145\/693ac92a14682-371x371.jpeg 371w, https:\/\/cdn.omnium.cat\/wp-content\/uploads\/2026\/03\/17132145\/693ac92a14682-150x150.jpeg 150w, https:\/\/cdn.omnium.cat\/wp-content\/uploads\/2026\/03\/17132145\/693ac92a14682-300x300.jpeg 300w\" sizes=\"(max-width: 371px) 100vw, 371px\" \/><\/div><div class=\"content_wrapper\"><p class=\"date\">12 desembre 2025<\/p><h1 class=\"post_heading\" title=\"&#8220;La Nit de Santa Ll\u00facia havia tocat sostre, calia una Nit de les Lletres Catalanes per augmentar-ne l&#8217;impacte i el prestigi&#8221;\">&#8220;La Nit de Santa Ll\u00facia havia tocat sostre, calia una Nit de les Lletres Catalanes per augmentar-ne...<\/h1><p class=\"pressrelease_source\">Diari P\u00fablic<\/p><\/div><\/article><article id=\"post-447028\" class=\"pressrelease_entry post-447028 omnium_pressrelease type-omnium_pressrelease status-publish has-post-thumbnail hentry\"><div class=\"image_wrapper\"><a class=\"image_link\" target=\"_blank\" href=\"https:\/\/www.3cat.cat\/3cat\/04112025\/video\/6367363\/\"><img loading=\"lazy\" decoding=\"async\" width=\"371\" height=\"371\" src=\"https:\/\/cdn.omnium.cat\/wp-content\/uploads\/2025\/11\/04140800\/matins-2-371x371.png\" class=\"attachment-pressreleaselisting-thumbnail size-pressreleaselisting-thumbnail wp-post-image\" alt=\"\" srcset=\"https:\/\/cdn.omnium.cat\/wp-content\/uploads\/2025\/11\/04140800\/matins-2-371x371.png 371w, https:\/\/cdn.omnium.cat\/wp-content\/uploads\/2025\/11\/04140800\/matins-2-150x150.png 150w, https:\/\/cdn.omnium.cat\/wp-content\/uploads\/2025\/11\/04140800\/matins-2-300x300.png 300w\" sizes=\"(max-width: 371px) 100vw, 371px\" \/><\/a><\/div><div class=\"content_wrapper\"><p class=\"date\">4 novembre 2025<\/p><h1 class=\"post_heading\"><a class=\"title_link\" target=\"_blank\" href=\"https:\/\/www.3cat.cat\/3cat\/04112025\/video\/6367363\/\">&#8220;\u00c9s el moment de convertir la Nit de Santa Ll\u00facia en una cosa molt m\u00e9s grossa&#8221;<\/a><\/h1><p class=\"pressrelease_source\">Els Matins - TV3<\/p><a class=\"pressrelease_link\" target=\"_blank\" href=\"https:\/\/www.3cat.cat\/3cat\/04112025\/video\/6367363\/\"><i class=\"pressrelease_link_icon link_icon\"><\/i><\/a><\/div><\/article><article id=\"post-447038\" class=\"pressrelease_entry post-447038 omnium_pressrelease type-omnium_pressrelease status-publish has-post-thumbnail hentry\"><div class=\"image_wrapper\"><a class=\"image_link\" target=\"_blank\" href=\"https:\/\/beteve.cat\/via-15\/esport-amb-proposit-social\/\"><img loading=\"lazy\" decoding=\"async\" width=\"371\" height=\"371\" src=\"https:\/\/cdn.omnium.cat\/wp-content\/uploads\/2025\/11\/04140303\/marina-gay-371x371.jpg\" class=\"attachment-pressreleaselisting-thumbnail size-pressreleaselisting-thumbnail wp-post-image\" alt=\"\" srcset=\"https:\/\/cdn.omnium.cat\/wp-content\/uploads\/2025\/11\/04140303\/marina-gay-371x371.jpg 371w, https:\/\/cdn.omnium.cat\/wp-content\/uploads\/2025\/11\/04140303\/marina-gay-150x150.jpg 150w, https:\/\/cdn.omnium.cat\/wp-content\/uploads\/2025\/11\/04140303\/marina-gay-300x300.jpg 300w\" sizes=\"(max-width: 371px) 100vw, 371px\" \/><\/a><\/div><div class=\"content_wrapper\"><p class=\"date\">13 octubre 2025<\/p><h1 class=\"post_heading\"><a class=\"title_link\" target=\"_blank\" href=\"https:\/\/beteve.cat\/via-15\/esport-amb-proposit-social\/\">&#8220;Les persones que fan esport adopten la llengua de l&#8217;equip, i aquesta ha de ser el catal\u00e0&#8221;<\/a><\/h1><p class=\"pressrelease_source\">La Xarxa <\/p><a class=\"pressrelease_link\" target=\"_blank\" href=\"https:\/\/beteve.cat\/via-15\/esport-amb-proposit-social\/\"><i class=\"pressrelease_link_icon link_icon\"><\/i><\/a><\/div><\/article><article id=\"post-447022\" class=\"pressrelease_entry post-447022 omnium_pressrelease type-omnium_pressrelease status-publish has-post-thumbnail hentry\"><div class=\"image_wrapper\"><a class=\"image_link\" target=\"_blank\" href=\"https:\/\/alacarta.radioseu.cat\/programs\/entrevistadeldia\/radioseu_podcast_20979\"><img loading=\"lazy\" decoding=\"async\" width=\"371\" height=\"371\" src=\"https:\/\/cdn.omnium.cat\/wp-content\/uploads\/2025\/11\/04134902\/G25gVQPXAAAEGvd-371x371.jpg\" class=\"attachment-pressreleaselisting-thumbnail size-pressreleaselisting-thumbnail wp-post-image\" alt=\"\" srcset=\"https:\/\/cdn.omnium.cat\/wp-content\/uploads\/2025\/11\/04134902\/G25gVQPXAAAEGvd-371x371.jpg 371w, https:\/\/cdn.omnium.cat\/wp-content\/uploads\/2025\/11\/04134902\/G25gVQPXAAAEGvd-300x300.jpg 300w, https:\/\/cdn.omnium.cat\/wp-content\/uploads\/2025\/11\/04134902\/G25gVQPXAAAEGvd-150x150.jpg 150w, https:\/\/cdn.omnium.cat\/wp-content\/uploads\/2025\/11\/04134902\/G25gVQPXAAAEGvd-768x768.jpg 768w, https:\/\/cdn.omnium.cat\/wp-content\/uploads\/2025\/11\/04134902\/G25gVQPXAAAEGvd.jpg 900w\" sizes=\"(max-width: 371px) 100vw, 371px\" \/><\/a><\/div><div class=\"content_wrapper\"><p class=\"date\">10 octubre 2025<\/p><h1 class=\"post_heading\"><a class=\"title_link\" target=\"_blank\" href=\"https:\/\/alacarta.radioseu.cat\/programs\/entrevistadeldia\/radioseu_podcast_20979\">&#8220;Analitzem com est\u00e0 la llengua i la cultura, i qu\u00e8 cal fer per treballar-hi plegats&#8221;<\/a><\/h1><p class=\"pressrelease_source\">R\u00e0dio la Seu<\/p><a class=\"pressrelease_link\" target=\"_blank\" href=\"https:\/\/alacarta.radioseu.cat\/programs\/entrevistadeldia\/radioseu_podcast_20979\"><i class=\"pressrelease_link_icon link_icon\"><\/i><\/a><\/div><\/article><article id=\"post-447016\" class=\"pressrelease_entry post-447016 omnium_pressrelease type-omnium_pressrelease status-publish has-post-thumbnail hentry\"><div class=\"image_wrapper\"><a class=\"image_link\" target=\"_blank\" href=\"https:\/\/www.rac1.cat\/politica\/20250912\/288011\/omnium-cultural-sobre-alianca-catalana-endema-diada-perill-perills-elmon.html\"><img loading=\"lazy\" decoding=\"async\" width=\"371\" height=\"371\" src=\"https:\/\/cdn.omnium.cat\/wp-content\/uploads\/2025\/11\/04134320\/68c3f6b913004.r_d.2183-860-3658-371x371.jpeg\" class=\"attachment-pressreleaselisting-thumbnail size-pressreleaselisting-thumbnail wp-post-image\" alt=\"\" srcset=\"https:\/\/cdn.omnium.cat\/wp-content\/uploads\/2025\/11\/04134320\/68c3f6b913004.r_d.2183-860-3658-371x371.jpeg 371w, https:\/\/cdn.omnium.cat\/wp-content\/uploads\/2025\/11\/04134320\/68c3f6b913004.r_d.2183-860-3658-150x150.jpeg 150w, https:\/\/cdn.omnium.cat\/wp-content\/uploads\/2025\/11\/04134320\/68c3f6b913004.r_d.2183-860-3658-300x300.jpeg 300w\" sizes=\"(max-width: 371px) 100vw, 371px\" \/><\/a><\/div><div class=\"content_wrapper\"><p class=\"date\">12 setembre 2025<\/p><h1 class=\"post_heading\" title=\"&#8220;El catalanisme democr\u00e0tic ha defensat una Catalunya integradora, inclusiva i d&#8217;avantguarda d&#8217;uns valors no excloents, xen\u00f2fobs i d&#8217;extrema dreta&#8221;\"><a class=\"title_link\" target=\"_blank\" href=\"https:\/\/www.rac1.cat\/politica\/20250912\/288011\/omnium-cultural-sobre-alianca-catalana-endema-diada-perill-perills-elmon.html\">&#8220;El catalanisme democr\u00e0tic ha defensat una Catalunya integradora, inclusiva i d&#8217;avantguarda...<\/a><\/h1><p class=\"pressrelease_source\">Rac1<\/p><a class=\"pressrelease_link\" target=\"_blank\" href=\"https:\/\/www.rac1.cat\/politica\/20250912\/288011\/omnium-cultural-sobre-alianca-catalana-endema-diada-perill-perills-elmon.html\"><i class=\"pressrelease_link_icon link_icon\"><\/i><\/a><\/div><\/article><article id=\"post-447009\" class=\"pressrelease_entry post-447009 omnium_pressrelease type-omnium_pressrelease status-publish has-post-thumbnail hentry\"><div class=\"image_wrapper\"><a class=\"image_link\" target=\"_blank\" href=\"https:\/\/www.elnacional.cat\/ca\/politica\/xavier-antich-president-omnium-lindependentisme-nomes-creixera-si-hi-incorpora-nous-catalans_1481054_102.html\"><img loading=\"lazy\" decoding=\"async\" width=\"371\" height=\"371\" src=\"https:\/\/cdn.omnium.cat\/wp-content\/uploads\/2025\/11\/04133625\/entrevista-xavier-antich-president-o-mnium01_15_630x420-371x371.jpeg\" class=\"attachment-pressreleaselisting-thumbnail size-pressreleaselisting-thumbnail wp-post-image\" alt=\"\" srcset=\"https:\/\/cdn.omnium.cat\/wp-content\/uploads\/2025\/11\/04133625\/entrevista-xavier-antich-president-o-mnium01_15_630x420-371x371.jpeg 371w, https:\/\/cdn.omnium.cat\/wp-content\/uploads\/2025\/11\/04133625\/entrevista-xavier-antich-president-o-mnium01_15_630x420-150x150.jpeg 150w, https:\/\/cdn.omnium.cat\/wp-content\/uploads\/2025\/11\/04133625\/entrevista-xavier-antich-president-o-mnium01_15_630x420-300x300.jpeg 300w\" sizes=\"(max-width: 371px) 100vw, 371px\" \/><\/a><\/div><div class=\"content_wrapper\"><p class=\"date\">9 setembre 2025<\/p><h1 class=\"post_heading\"><a class=\"title_link\" target=\"_blank\" href=\"https:\/\/www.elnacional.cat\/ca\/politica\/xavier-antich-president-omnium-lindependentisme-nomes-creixera-si-hi-incorpora-nous-catalans_1481054_102.html\">&#8220;L&#8217;independentisme nom\u00e9s creixer\u00e0 si hi incorpora els nous catalans&#8221;<\/a><\/h1><p class=\"pressrelease_source\">El Nacional<\/p><a class=\"pressrelease_link\" target=\"_blank\" href=\"https:\/\/www.elnacional.cat\/ca\/politica\/xavier-antich-president-omnium-lindependentisme-nomes-creixera-si-hi-incorpora-nous-catalans_1481054_102.html\"><i class=\"pressrelease_link_icon link_icon\"><\/i><\/a><\/div><\/article><div class=\"loadmore_button_wrapper\"><p class=\"loadmore_button\" data-loadmore-text=\"Carregar m\u00e9s\" data-loading-text=\"Carregant...\" data-ajaxurl=\"https:\/\/www.omnium.cat\/wp-admin\/admin-ajax.php\" data-posts=\"{&quot;post_type&quot;:&quot;omnium_pressrelease&quot;,&quot;post_status&quot;:&quot;publish&quot;,&quot;no_found_rows&quot;:false,&quot;ignore_sticky_posts&quot;:true,&quot;orderby&quot;:&quot;date&quot;,&quot;order&quot;:&quot;DESC&quot;,&quot;posts_per_page&quot;:8,&quot;error&quot;:&quot;&quot;,&quot;m&quot;:&quot;&quot;,&quot;p&quot;:0,&quot;post_parent&quot;:&quot;&quot;,&quot;subpost&quot;:&quot;&quot;,&quot;subpost_id&quot;:&quot;&quot;,&quot;attachment&quot;:&quot;&quot;,&quot;attachment_id&quot;:0,&quot;name&quot;:&quot;&quot;,&quot;pagename&quot;:&quot;&quot;,&quot;page_id&quot;:0,&quot;second&quot;:&quot;&quot;,&quot;minute&quot;:&quot;&quot;,&quot;hour&quot;:&quot;&quot;,&quot;day&quot;:0,&quot;monthnum&quot;:0,&quot;year&quot;:0,&quot;w&quot;:0,&quot;category_name&quot;:&quot;&quot;,&quot;tag&quot;:&quot;&quot;,&quot;cat&quot;:&quot;&quot;,&quot;tag_id&quot;:&quot;&quot;,&quot;author&quot;:&quot;&quot;,&quot;author_name&quot;:&quot;&quot;,&quot;feed&quot;:&quot;&quot;,&quot;tb&quot;:&quot;&quot;,&quot;paged&quot;:0,&quot;meta_key&quot;:&quot;&quot;,&quot;meta_value&quot;:&quot;&quot;,&quot;preview&quot;:&quot;&quot;,&quot;s&quot;:&quot;&quot;,&quot;sentence&quot;:&quot;&quot;,&quot;title&quot;:&quot;&quot;,&quot;fields&quot;:&quot;all&quot;,&quot;menu_order&quot;:&quot;&quot;,&quot;embed&quot;:&quot;&quot;,&quot;category__in&quot;:[],&quot;category__not_in&quot;:[],&quot;category__and&quot;:[],&quot;post__in&quot;:[],&quot;post__not_in&quot;:[],&quot;post_name__in&quot;:[],&quot;tag__in&quot;:[],&quot;tag__not_in&quot;:[],&quot;tag__and&quot;:[],&quot;tag_slug__in&quot;:[],&quot;tag_slug__and&quot;:[],&quot;post_parent__in&quot;:[],&quot;post_parent__not_in&quot;:[],&quot;author__in&quot;:[],&quot;author__not_in&quot;:[],&quot;search_columns&quot;:[],&quot;suppress_filters&quot;:false,&quot;cache_results&quot;:true,&quot;update_post_term_cache&quot;:true,&quot;update_menu_item_cache&quot;:false,&quot;lazy_load_term_meta&quot;:true,&quot;update_post_meta_cache&quot;:true,&quot;nopaging&quot;:false,&quot;comments_per_page&quot;:&quot;50&quot;}\" data-currentpage=\"1\" data-maxpage=\"47\">Carregar m\u00e9s<\/p><\/div><\/div><\/section>\t\t\t\t<\/div>\n\t\t\t\t<\/div>\n\t\t\t\t\t<\/div>\n\t\t<\/div>\n\t\t\t\t\t<\/div>\n\t\t<\/section>\n\t\t\t\t<\/div>\n\t\t","protected":false},"excerpt":{"rendered":"<p>30 maig 2018 Guanyar el futur Jordi Cuixart L&#8217;Esportiu &nbsp; 22 gener 2016 \u201cLa Rep\u00fablica catalana pot ser punta de llan\u00e7a dels Pa\u00efsos Catalans\u201d El M\u00f3n &nbsp; 19 gener 2016 [&hellip;]<\/p>\n","protected":false},"author":1,"featured_media":0,"parent":0,"menu_order":96,"comment_status":"closed","ping_status":"closed","template":"","meta":{"_acf_changed":false,"footnotes":""},"class_list":["post-48","page","type-page","status-publish","hentry"],"acf":[],"yoast_head":"<!-- This site is optimized with the Yoast SEO plugin v27.2 - https:\/\/yoast.com\/product\/yoast-seo-wordpress\/ -->\n<title>Mitjans - \u00d2mnium Cultural<\/title>\n<meta name=\"robots\" content=\"index, follow, max-snippet:-1, max-image-preview:large, max-video-preview:-1\" \/>\n<link rel=\"canonical\" href=\"https:\/\/www.omnium.cat\/ca\/mitjans\/\" \/>\n<meta name=\"twitter:label1\" content=\"Temps estimat de lectura\" \/>\n\t<meta name=\"twitter:data1\" content=\"1 minut\" \/>\n<script type=\"application\/ld+json\" class=\"yoast-schema-graph\">{\"@context\":\"https:\/\/schema.org\",\"@graph\":[{\"@type\":\"WebPage\",\"@id\":\"https:\/\/www.omnium.cat\/ca\/mitjans\/\",\"url\":\"https:\/\/www.omnium.cat\/ca\/mitjans\/\",\"name\":\"Mitjans - \u00d2mnium Cultural\",\"isPartOf\":{\"@id\":\"https:\/\/www.omnium.cat\/ca\/#website\"},\"primaryImageOfPage\":{\"@id\":\"https:\/\/www.omnium.cat\/ca\/mitjans\/#primaryimage\"},\"image\":{\"@id\":\"https:\/\/www.omnium.cat\/ca\/mitjans\/#primaryimage\"},\"thumbnailUrl\":\"http:\/\/omnium.whads.com\/wp-content\/uploads\/cruyff-371x371.jpg\",\"datePublished\":\"2018-04-04T16:37:53+00:00\",\"dateModified\":\"2018-08-23T13:43:46+00:00\",\"breadcrumb\":{\"@id\":\"https:\/\/www.omnium.cat\/ca\/mitjans\/#breadcrumb\"},\"inLanguage\":\"ca\",\"potentialAction\":[{\"@type\":\"ReadAction\",\"target\":[\"https:\/\/www.omnium.cat\/ca\/mitjans\/\"]}]},{\"@type\":\"ImageObject\",\"inLanguage\":\"ca\",\"@id\":\"https:\/\/www.omnium.cat\/ca\/mitjans\/#primaryimage\",\"url\":\"http:\/\/omnium.whads.com\/wp-content\/uploads\/cruyff-371x371.jpg\",\"contentUrl\":\"http:\/\/omnium.whads.com\/wp-content\/uploads\/cruyff-371x371.jpg\"},{\"@type\":\"BreadcrumbList\",\"@id\":\"https:\/\/www.omnium.cat\/ca\/mitjans\/#breadcrumb\",\"itemListElement\":[{\"@type\":\"ListItem\",\"position\":1,\"name\":\"Inici\",\"item\":\"https:\/\/www.omnium.cat\/ca\/\"},{\"@type\":\"ListItem\",\"position\":2,\"name\":\"Mitjans\"}]},{\"@type\":\"WebSite\",\"@id\":\"https:\/\/www.omnium.cat\/ca\/#website\",\"url\":\"https:\/\/www.omnium.cat\/ca\/\",\"name\":\"\u00d2mnium Cultural\",\"description\":\"Llengua Cultura Pa\u00eds\",\"publisher\":{\"@id\":\"https:\/\/www.omnium.cat\/ca\/#organization\"},\"potentialAction\":[{\"@type\":\"SearchAction\",\"target\":{\"@type\":\"EntryPoint\",\"urlTemplate\":\"https:\/\/www.omnium.cat\/ca\/?s={search_term_string}\"},\"query-input\":{\"@type\":\"PropertyValueSpecification\",\"valueRequired\":true,\"valueName\":\"search_term_string\"}}],\"inLanguage\":\"ca\"},{\"@type\":\"Organization\",\"@id\":\"https:\/\/www.omnium.cat\/ca\/#organization\",\"name\":\"\u00d2mnium Cultural\",\"url\":\"https:\/\/www.omnium.cat\/ca\/\",\"logo\":{\"@type\":\"ImageObject\",\"inLanguage\":\"ca\",\"@id\":\"https:\/\/www.omnium.cat\/ca\/#\/schema\/logo\/image\/\",\"url\":\"https:\/\/cdn.omnium.cat\/wp-content\/uploads\/2019\/06\/01112517\/cropped-omnium_logo-1.png\",\"contentUrl\":\"https:\/\/cdn.omnium.cat\/wp-content\/uploads\/2019\/06\/01112517\/cropped-omnium_logo-1.png\",\"width\":1213,\"height\":262,\"caption\":\"\u00d2mnium Cultural\"},\"image\":{\"@id\":\"https:\/\/www.omnium.cat\/ca\/#\/schema\/logo\/image\/\"},\"sameAs\":[\"https:\/\/www.facebook.com\/omniumcultural\",\"https:\/\/x.com\/omnium\",\"https:\/\/www.instagram.com\/omniumcultural\/\",\"https:\/\/www.youtube.com\/user\/omniumcultural\"]}]}<\/script>\n<!-- \/ Yoast SEO plugin. -->","yoast_head_json":{"title":"Mitjans - \u00d2mnium Cultural","robots":{"index":"index","follow":"follow","max-snippet":"max-snippet:-1","max-image-preview":"max-image-preview:large","max-video-preview":"max-video-preview:-1"},"canonical":"https:\/\/www.omnium.cat\/ca\/mitjans\/","twitter_misc":{"Temps estimat de lectura":"1 minut"},"schema":{"@context":"https:\/\/schema.org","@graph":[{"@type":"WebPage","@id":"https:\/\/www.omnium.cat\/ca\/mitjans\/","url":"https:\/\/www.omnium.cat\/ca\/mitjans\/","name":"Mitjans - \u00d2mnium Cultural","isPartOf":{"@id":"https:\/\/www.omnium.cat\/ca\/#website"},"primaryImageOfPage":{"@id":"https:\/\/www.omnium.cat\/ca\/mitjans\/#primaryimage"},"image":{"@id":"https:\/\/www.omnium.cat\/ca\/mitjans\/#primaryimage"},"thumbnailUrl":"http:\/\/omnium.whads.com\/wp-content\/uploads\/cruyff-371x371.jpg","datePublished":"2018-04-04T16:37:53+00:00","dateModified":"2018-08-23T13:43:46+00:00","breadcrumb":{"@id":"https:\/\/www.omnium.cat\/ca\/mitjans\/#breadcrumb"},"inLanguage":"ca","potentialAction":[{"@type":"ReadAction","target":["https:\/\/www.omnium.cat\/ca\/mitjans\/"]}]},{"@type":"ImageObject","inLanguage":"ca","@id":"https:\/\/www.omnium.cat\/ca\/mitjans\/#primaryimage","url":"http:\/\/omnium.whads.com\/wp-content\/uploads\/cruyff-371x371.jpg","contentUrl":"http:\/\/omnium.whads.com\/wp-content\/uploads\/cruyff-371x371.jpg"},{"@type":"BreadcrumbList","@id":"https:\/\/www.omnium.cat\/ca\/mitjans\/#breadcrumb","itemListElement":[{"@type":"ListItem","position":1,"name":"Inici","item":"https:\/\/www.omnium.cat\/ca\/"},{"@type":"ListItem","position":2,"name":"Mitjans"}]},{"@type":"WebSite","@id":"https:\/\/www.omnium.cat\/ca\/#website","url":"https:\/\/www.omnium.cat\/ca\/","name":"\u00d2mnium Cultural","description":"Llengua Cultura Pa\u00eds","publisher":{"@id":"https:\/\/www.omnium.cat\/ca\/#organization"},"potentialAction":[{"@type":"SearchAction","target":{"@type":"EntryPoint","urlTemplate":"https:\/\/www.omnium.cat\/ca\/?s={search_term_string}"},"query-input":{"@type":"PropertyValueSpecification","valueRequired":true,"valueName":"search_term_string"}}],"inLanguage":"ca"},{"@type":"Organization","@id":"https:\/\/www.omnium.cat\/ca\/#organization","name":"\u00d2mnium Cultural","url":"https:\/\/www.omnium.cat\/ca\/","logo":{"@type":"ImageObject","inLanguage":"ca","@id":"https:\/\/www.omnium.cat\/ca\/#\/schema\/logo\/image\/","url":"https:\/\/cdn.omnium.cat\/wp-content\/uploads\/2019\/06\/01112517\/cropped-omnium_logo-1.png","contentUrl":"https:\/\/cdn.omnium.cat\/wp-content\/uploads\/2019\/06\/01112517\/cropped-omnium_logo-1.png","width":1213,"height":262,"caption":"\u00d2mnium Cultural"},"image":{"@id":"https:\/\/www.omnium.cat\/ca\/#\/schema\/logo\/image\/"},"sameAs":["https:\/\/www.facebook.com\/omniumcultural","https:\/\/x.com\/omnium","https:\/\/www.instagram.com\/omniumcultural\/","https:\/\/www.youtube.com\/user\/omniumcultural"]}]}},"_links":{"self":[{"href":"https:\/\/www.omnium.cat\/ca\/wp-json\/wp\/v2\/pages\/48","targetHints":{"allow":["GET"]}}],"collection":[{"href":"https:\/\/www.omnium.cat\/ca\/wp-json\/wp\/v2\/pages"}],"about":[{"href":"https:\/\/www.omnium.cat\/ca\/wp-json\/wp\/v2\/types\/page"}],"author":[{"embeddable":true,"href":"https:\/\/www.omnium.cat\/ca\/wp-json\/wp\/v2\/users\/1"}],"replies":[{"embeddable":true,"href":"https:\/\/www.omnium.cat\/ca\/wp-json\/wp\/v2\/comments?post=48"}],"version-history":[{"count":3,"href":"https:\/\/www.omnium.cat\/ca\/wp-json\/wp\/v2\/pages\/48\/revisions"}],"predecessor-version":[{"id":157555,"href":"https:\/\/www.omnium.cat\/ca\/wp-json\/wp\/v2\/pages\/48\/revisions\/157555"}],"wp:attachment":[{"href":"https:\/\/www.omnium.cat\/ca\/wp-json\/wp\/v2\/media?parent=48"}],"curies":[{"name":"wp","href":"https:\/\/api.w.org\/{rel}","templated":true}]}}